{"id":3656,"date":"2024-02-06T12:44:37","date_gmt":"2024-02-06T10:44:37","guid":{"rendered":"https:\/\/gasetlacasa.com\/blog\/"},"modified":"2024-02-09T11:42:15","modified_gmt":"2024-02-09T09:42:15","slug":"blog","status":"publish","type":"page","link":"https:\/\/gasetlacasa.com\/es\/blog\/","title":{"rendered":"Blog"},"content":{"rendered":"\t\t<div data-elementor-type=\"wp-page\" data-elementor-id=\"3656\" class=\"elementor elementor-3656 elementor-3491\">\n\t\t\t\t\t\t<section class=\"elementor-section elementor-top-section elementor-element elementor-element-00e7978 elementor-section-boxed elementor-section-height-default elementor-section-height-default\" data-id=\"00e7978\" data-element_type=\"section\" data-settings=\"{&quot;jet_parallax_layout_list&quot;:[]}\">\n\t\t\t\t\t\t<div class=\"elementor-container elementor-column-gap-default\">\n\t\t\t\t\t<div class=\"elementor-column elementor-col-100 elementor-top-column elementor-element elementor-element-7e09b9d\" data-id=\"7e09b9d\" data-element_type=\"column\">\n\t\t\t<div class=\"elementor-widget-wrap elementor-element-populated\">\n\t\t\t\t\t\t<div class=\"elementor-element elementor-element-aaafd21 elementor-widget elementor-widget-spacer\" data-id=\"aaafd21\" data-element_type=\"widget\" data-widget_type=\"spacer.default\">\n\t\t\t\t<div class=\"elementor-widget-container\">\n\t\t\t<style>\/*! elementor - v3.19.0 - 28-02-2024 *\/\n.elementor-column .elementor-spacer-inner{height:var(--spacer-size)}.e-con{--container-widget-width:100%}.e-con-inner>.elementor-widget-spacer,.e-con>.elementor-widget-spacer{width:var(--container-widget-width,var(--spacer-size));--align-self:var(--container-widget-align-self,initial);--flex-shrink:0}.e-con-inner>.elementor-widget-spacer>.elementor-widget-container,.e-con>.elementor-widget-spacer>.elementor-widget-container{height:100%;width:100%}.e-con-inner>.elementor-widget-spacer>.elementor-widget-container>.elementor-spacer,.e-con>.elementor-widget-spacer>.elementor-widget-container>.elementor-spacer{height:100%}.e-con-inner>.elementor-widget-spacer>.elementor-widget-container>.elementor-spacer>.elementor-spacer-inner,.e-con>.elementor-widget-spacer>.elementor-widget-container>.elementor-spacer>.elementor-spacer-inner{height:var(--container-widget-height,var(--spacer-size))}.e-con-inner>.elementor-widget-spacer.elementor-widget-empty,.e-con>.elementor-widget-spacer.elementor-widget-empty{position:relative;min-height:22px;min-width:22px}.e-con-inner>.elementor-widget-spacer.elementor-widget-empty .elementor-widget-empty-icon,.e-con>.elementor-widget-spacer.elementor-widget-empty .elementor-widget-empty-icon{position:absolute;top:0;bottom:0;left:0;right:0;margin:auto;padding:0;width:22px;height:22px}<\/style>\t\t<div class=\"elementor-spacer\">\n\t\t\t<div class=\"elementor-spacer-inner\"><\/div>\n\t\t<\/div>\n\t\t\t\t<\/div>\n\t\t\t\t<\/div>\n\t\t\t\t<div class=\"elementor-element elementor-element-b69db11 elementor-widget elementor-widget-heading\" data-id=\"b69db11\" data-element_type=\"widget\" data-widget_type=\"heading.default\">\n\t\t\t\t<div class=\"elementor-widget-container\">\n\t\t\t<style>\/*! elementor - v3.19.0 - 28-02-2024 *\/\n.elementor-heading-title{padding:0;margin:0;line-height:1}.elementor-widget-heading .elementor-heading-title[class*=elementor-size-]>a{color:inherit;font-size:inherit;line-height:inherit}.elementor-widget-heading .elementor-heading-title.elementor-size-small{font-size:15px}.elementor-widget-heading .elementor-heading-title.elementor-size-medium{font-size:19px}.elementor-widget-heading .elementor-heading-title.elementor-size-large{font-size:29px}.elementor-widget-heading .elementor-heading-title.elementor-size-xl{font-size:39px}.elementor-widget-heading .elementor-heading-title.elementor-size-xxl{font-size:59px}<\/style><h2 class=\"elementor-heading-title elementor-size-default\">Noticias recientes<\/h2>\t\t<\/div>\n\t\t\t\t<\/div>\n\t\t\t\t\t<\/div>\n\t\t<\/div>\n\t\t\t\t\t<\/div>\n\t\t<\/section>\n\t\t\t\t<section class=\"elementor-section elementor-top-section elementor-element elementor-element-2bb4828 elementor-section-boxed elementor-section-height-default elementor-section-height-default\" data-id=\"2bb4828\" data-element_type=\"section\" data-settings=\"{&quot;jet_parallax_layout_list&quot;:[]}\">\n\t\t\t\t\t\t<div class=\"elementor-container elementor-column-gap-default\">\n\t\t\t\t\t<div class=\"elementor-column elementor-col-100 elementor-top-column elementor-element elementor-element-6d390ae\" data-id=\"6d390ae\" data-element_type=\"column\">\n\t\t\t<div class=\"elementor-widget-wrap elementor-element-populated\">\n\t\t\t\t\t\t<div class=\"elementor-element elementor-element-19aa3fa raven-advaned-posts-equal-height-yes raven-hover-slide-down elementor-widget elementor-widget-raven-advanced-posts\" data-id=\"19aa3fa\" data-element_type=\"widget\" data-settings=\"{&quot;featured_image_hover&quot;:&quot;slide-down&quot;,&quot;general_layout&quot;:&quot;grid&quot;,&quot;columns&quot;:&quot;3&quot;,&quot;columns_tablet&quot;:&quot;2&quot;,&quot;columns_mobile&quot;:&quot;1&quot;,&quot;query_posts_per_page&quot;:6,&quot;query_offset&quot;:0}\" data-widget_type=\"raven-advanced-posts.default\">\n\t\t\t\t<div class=\"elementor-widget-container\">\n\t\t\t\t\t<div class=\"raven-posts raven-posts-grid\">\n\t\t\t\t\t\t<div class=\"advanced-posts-content content-layout-under-image raven-grid raven-grid-3 raven-grid-mobile-1 raven-grid-tablet-2 slide-down \" data-post-id=\"3656\" data-archive-query=\"\">\n\t\t\t\t<div class=\"raven-posts-item raven-grid-item  \"><div class=\"raven-post-wrapper \"><div class=\"raven-post  \"><div class=\"raven-post-image-wrap\"><a class=\"raven-post-image raven-image-fit\" href=\"https:\/\/gasetlacasa.com\/es\/2026\/04\/23\/oral-studio-un-frau-mes-duna-cadena-de-cliniques-dentals\/\"> <img fetchpriority=\"high\" decoding=\"async\" width=\"1024\" height=\"576\" src=\"https:\/\/gasetlacasa.com\/wp-content\/uploads\/2026\/04\/f24de51e-21a4-4b79-a0fe-eebeb0535862_16-9-discover-aspect-ratio_default_0_x960y426-1024x576.webp\" class=\"attachment-large size-large wp-image-4249\" alt=\"\" srcset=\"https:\/\/gasetlacasa.com\/wp-content\/uploads\/2026\/04\/f24de51e-21a4-4b79-a0fe-eebeb0535862_16-9-discover-aspect-ratio_default_0_x960y426-1024x576.webp 1024w, https:\/\/gasetlacasa.com\/wp-content\/uploads\/2026\/04\/f24de51e-21a4-4b79-a0fe-eebeb0535862_16-9-discover-aspect-ratio_default_0_x960y426-300x169.webp 300w, https:\/\/gasetlacasa.com\/wp-content\/uploads\/2026\/04\/f24de51e-21a4-4b79-a0fe-eebeb0535862_16-9-discover-aspect-ratio_default_0_x960y426-768x432.webp 768w, https:\/\/gasetlacasa.com\/wp-content\/uploads\/2026\/04\/f24de51e-21a4-4b79-a0fe-eebeb0535862_16-9-discover-aspect-ratio_default_0_x960y426.webp 1200w\" sizes=\"(max-width: 1024px) 100vw, 1024px\" \/><span class=\"raven-post-image-overlay\"><\/span><\/a><\/div><div class=\"raven-post-content-container\"><div class=\"raven-post-content\"><div class=\"raven-post-meta\"><a class=\"raven-post-meta-item raven-post-date\" href=\"https:\/\/gasetlacasa.com\/es\/2026\/04\/\" rel=\"bookmark\">abril 23, 2026<\/a><\/div><h3 class=\"raven-post-title\"><a class=\"raven-post-title-link\" href=\"https:\/\/gasetlacasa.com\/es\/2026\/04\/23\/oral-studio-un-frau-mes-duna-cadena-de-cliniques-dentals\/\">Oral Studio, un fraude m\u00e1s de una cadena de cl\u00ednicas dentales.<\/a><\/h3><div class=\"raven-post-excerpt\">\u00a1Ha vuelto a pasar! A pesar de que pueda parecer mentira, ha habido un nuevo caso de fraude<\/div><\/div><\/div><\/div><\/div><\/div><div class=\"raven-posts-item raven-grid-item  \"><div class=\"raven-post-wrapper \"><div class=\"raven-post  \"><div class=\"raven-post-image-wrap\"><a class=\"raven-post-image raven-image-fit\" href=\"https:\/\/gasetlacasa.com\/es\/2024\/12\/23\/rehabilitacion-oral-y-protesis-dentales-en-gaset-lacasa-tu-clinica-dental-en-palafrugell\/\"> <img decoding=\"async\" width=\"914\" height=\"1024\" src=\"https:\/\/gasetlacasa.com\/wp-content\/uploads\/2022\/11\/IMG_5735-scaled-e1669310915850-914x1024.jpg\" class=\"attachment-large size-large wp-image-1787\" alt=\"\" srcset=\"https:\/\/gasetlacasa.com\/wp-content\/uploads\/2022\/11\/IMG_5735-scaled-e1669310915850-914x1024.jpg 914w, https:\/\/gasetlacasa.com\/wp-content\/uploads\/2022\/11\/IMG_5735-scaled-e1669310915850-268x300.jpg 268w, https:\/\/gasetlacasa.com\/wp-content\/uploads\/2022\/11\/IMG_5735-scaled-e1669310915850-768x861.jpg 768w, https:\/\/gasetlacasa.com\/wp-content\/uploads\/2022\/11\/IMG_5735-scaled-e1669310915850-1371x1536.jpg 1371w, https:\/\/gasetlacasa.com\/wp-content\/uploads\/2022\/11\/IMG_5735-scaled-e1669310915850.jpg 1707w\" sizes=\"(max-width: 914px) 100vw, 914px\" \/><span class=\"raven-post-image-overlay\"><\/span><\/a><\/div><div class=\"raven-post-content-container\"><div class=\"raven-post-content\"><div class=\"raven-post-meta\"><a class=\"raven-post-meta-item raven-post-date\" href=\"https:\/\/gasetlacasa.com\/es\/2024\/12\/\" rel=\"bookmark\">diciembre 23, 2024<\/a><\/div><h3 class=\"raven-post-title\"><a class=\"raven-post-title-link\" href=\"https:\/\/gasetlacasa.com\/es\/2024\/12\/23\/rehabilitacion-oral-y-protesis-dentales-en-gaset-lacasa-tu-clinica-dental-en-palafrugell\/\">Rehabilitaci\u00f3n Oral y Pr\u00f3tesis Dentales en GASET LACASA, tu Cl\u00ednica Dental en Palafrugell<\/a><\/h3><div class=\"raven-post-excerpt\">Recupera tu Sonrisa con Rehabilitaci\u00f3n Oral Personalizada En GASET LACASA, nuestra cl\u00ednica dental en Palafrugell, somos especialistas en<\/div><\/div><\/div><\/div><\/div><\/div><div class=\"raven-posts-item raven-grid-item  \"><div class=\"raven-post-wrapper \"><div class=\"raven-post  \"><div class=\"raven-post-image-wrap\"><a class=\"raven-post-image raven-image-fit\" href=\"https:\/\/gasetlacasa.com\/es\/2024\/11\/25\/implantes-dentales-en-palafrugell-en-la-clinica-gaset-lacasa\/\"> <img decoding=\"async\" width=\"1024\" height=\"683\" src=\"https:\/\/gasetlacasa.com\/wp-content\/uploads\/2024\/09\/ensenyanca-oral-1024x683.jpg\" class=\"attachment-large size-large wp-image-3839\" alt=\"\" srcset=\"https:\/\/gasetlacasa.com\/wp-content\/uploads\/2024\/09\/ensenyanca-oral-1024x683.jpg 1024w, https:\/\/gasetlacasa.com\/wp-content\/uploads\/2024\/09\/ensenyanca-oral-300x200.jpg 300w, https:\/\/gasetlacasa.com\/wp-content\/uploads\/2024\/09\/ensenyanca-oral-768x512.jpg 768w, https:\/\/gasetlacasa.com\/wp-content\/uploads\/2024\/09\/ensenyanca-oral-1536x1024.jpg 1536w, https:\/\/gasetlacasa.com\/wp-content\/uploads\/2024\/09\/ensenyanca-oral-2048x1365.jpg 2048w\" sizes=\"(max-width: 1024px) 100vw, 1024px\" \/><span class=\"raven-post-image-overlay\"><\/span><\/a><\/div><div class=\"raven-post-content-container\"><div class=\"raven-post-content\"><div class=\"raven-post-meta\"><a class=\"raven-post-meta-item raven-post-date\" href=\"https:\/\/gasetlacasa.com\/es\/2024\/11\/\" rel=\"bookmark\">noviembre 25, 2024<\/a><\/div><h3 class=\"raven-post-title\"><a class=\"raven-post-title-link\" href=\"https:\/\/gasetlacasa.com\/es\/2024\/11\/25\/implantes-dentales-en-palafrugell-en-la-clinica-gaset-lacasa\/\">Implantes dentales en Palafrugell en la Cl\u00ednica GASET LACASA<\/a><\/h3><div class=\"raven-post-excerpt\">En la Cl\u00ednica GASET LACASA, en Palafrugell, somos especialistas en implantes dentales, una soluci\u00f3n definitiva para recuperar la<\/div><\/div><\/div><\/div><\/div><\/div><div class=\"raven-posts-item raven-grid-item  \"><div class=\"raven-post-wrapper \"><div class=\"raven-post  \"><div class=\"raven-post-image-wrap\"><a class=\"raven-post-image raven-image-fit\" href=\"https:\/\/gasetlacasa.com\/es\/2024\/10\/25\/ortodoncia-en-palafrugell-en-la-clinica-gaset-la-casa\/\"> <img loading=\"lazy\" decoding=\"async\" width=\"1\" height=\"1\" src=\"https:\/\/gasetlacasa.com\/wp-content\/uploads\/2024\/09\/atencio-al-pacient-ortodoncia-scaled.jpg\" class=\"attachment-large size-large wp-image-3890\" alt=\"\" \/><span class=\"raven-post-image-overlay\"><\/span><\/a><\/div><div class=\"raven-post-content-container\"><div class=\"raven-post-content\"><div class=\"raven-post-meta\"><a class=\"raven-post-meta-item raven-post-date\" href=\"https:\/\/gasetlacasa.com\/es\/2024\/10\/\" rel=\"bookmark\">octubre 25, 2024<\/a><\/div><h3 class=\"raven-post-title\"><a class=\"raven-post-title-link\" href=\"https:\/\/gasetlacasa.com\/es\/2024\/10\/25\/ortodoncia-en-palafrugell-en-la-clinica-gaset-la-casa\/\">Ortodoncia en Palafrugell en la Cl\u00ednica GASET LA CASA<\/a><\/h3><div class=\"raven-post-excerpt\">En la Cl\u00ednica GASET LA CASA, en Palafrugell, ofrecemos tratamientos de ortodoncia adaptados a cada persona, para conseguir<\/div><\/div><\/div><\/div><\/div><\/div><div class=\"raven-posts-item raven-grid-item  \"><div class=\"raven-post-wrapper \"><div class=\"raven-post  \"><div class=\"raven-post-image-wrap\"><a class=\"raven-post-image raven-image-fit\" href=\"https:\/\/gasetlacasa.com\/es\/2024\/02\/09\/santa-apolonia-patrona-de-los-odontologos\/\"> <img loading=\"lazy\" decoding=\"async\" width=\"584\" height=\"1024\" src=\"https:\/\/gasetlacasa.com\/wp-content\/uploads\/2024\/02\/APOLONIA-584x1024.jpg\" class=\"attachment-large size-large wp-image-3485\" alt=\"\" srcset=\"https:\/\/gasetlacasa.com\/wp-content\/uploads\/2024\/02\/APOLONIA-584x1024.jpg 584w, https:\/\/gasetlacasa.com\/wp-content\/uploads\/2024\/02\/APOLONIA-171x300.jpg 171w, https:\/\/gasetlacasa.com\/wp-content\/uploads\/2024\/02\/APOLONIA-768x1347.jpg 768w, https:\/\/gasetlacasa.com\/wp-content\/uploads\/2024\/02\/APOLONIA-876x1536.jpg 876w, https:\/\/gasetlacasa.com\/wp-content\/uploads\/2024\/02\/APOLONIA-1168x2048.jpg 1168w, https:\/\/gasetlacasa.com\/wp-content\/uploads\/2024\/02\/APOLONIA.jpg 1200w\" sizes=\"(max-width: 584px) 100vw, 584px\" \/><span class=\"raven-post-image-overlay\"><\/span><\/a><\/div><div class=\"raven-post-content-container\"><div class=\"raven-post-content\"><div class=\"raven-post-meta\"><a class=\"raven-post-meta-item raven-post-date\" href=\"https:\/\/gasetlacasa.com\/es\/2024\/02\/\" rel=\"bookmark\">febrero 9, 2024<\/a><\/div><h3 class=\"raven-post-title\"><a class=\"raven-post-title-link\" href=\"https:\/\/gasetlacasa.com\/es\/2024\/02\/09\/santa-apolonia-patrona-de-los-odontologos\/\">SANTA APOLONIA<\/a><\/h3><div class=\"raven-post-excerpt\">SANTA APOLONIA Ilustraci\u00f3n de Sta. Apolonia, patrona de los odont\u00f3logos, por Zurbar\u00e1n (1936-1940) El d\u00eda 9 de febrero<\/div><\/div><\/div><\/div><\/div><\/div><div class=\"raven-posts-item raven-grid-item  \"><div class=\"raven-post-wrapper \"><div class=\"raven-post  \"><div class=\"raven-post-image-wrap\"><a class=\"raven-post-image raven-image-fit\" href=\"https:\/\/gasetlacasa.com\/es\/2024\/02\/01\/el-cancer-oral-i-els-seus-principals-factors-desencadenants\/\"> <img loading=\"lazy\" decoding=\"async\" width=\"1024\" height=\"722\" src=\"https:\/\/gasetlacasa.com\/wp-content\/uploads\/2022\/11\/IMG_5608-scaled-e1669314307269-1024x722.jpg\" class=\"attachment-large size-large wp-image-1757\" alt=\"\" srcset=\"https:\/\/gasetlacasa.com\/wp-content\/uploads\/2022\/11\/IMG_5608-scaled-e1669314307269-1024x722.jpg 1024w, https:\/\/gasetlacasa.com\/wp-content\/uploads\/2022\/11\/IMG_5608-scaled-e1669314307269-300x211.jpg 300w, https:\/\/gasetlacasa.com\/wp-content\/uploads\/2022\/11\/IMG_5608-scaled-e1669314307269-768x541.jpg 768w, https:\/\/gasetlacasa.com\/wp-content\/uploads\/2022\/11\/IMG_5608-scaled-e1669314307269-1536x1082.jpg 1536w, https:\/\/gasetlacasa.com\/wp-content\/uploads\/2022\/11\/IMG_5608-scaled-e1669314307269.jpg 1707w\" sizes=\"(max-width: 1024px) 100vw, 1024px\" \/><span class=\"raven-post-image-overlay\"><\/span><\/a><\/div><div class=\"raven-post-content-container\"><div class=\"raven-post-content\"><div class=\"raven-post-meta\"><a class=\"raven-post-meta-item raven-post-date\" href=\"https:\/\/gasetlacasa.com\/es\/2024\/02\/\" rel=\"bookmark\">febrero 1, 2024<\/a><\/div><h3 class=\"raven-post-title\"><a class=\"raven-post-title-link\" href=\"https:\/\/gasetlacasa.com\/es\/2024\/02\/01\/el-cancer-oral-i-els-seus-principals-factors-desencadenants\/\">EL C\u00c1NCER ORAL Y SU PRINCIPALES FACTORES DESENCADENANTES<\/a><\/h3><div class=\"raven-post-excerpt\">EL C\u00c1NCER ORAL Y SUS PRINCIPALES FACTORES DESENCADENANTES El 4 de febrero, la Organizaci\u00f3n Mundial de la Salud<\/div><\/div><\/div><\/div><\/div><\/div>\t\t\t<\/div>\n\t\t\t\t\t<\/div>\n\t\t\t\t<\/div>\n\t\t\t\t<\/div>\n\t\t\t\t\t<\/div>\n\t\t<\/div>\n\t\t\t\t\t<\/div>\n\t\t<\/section>\n\t\t\t\t<\/div>\n\t\t","protected":false},"excerpt":{"rendered":"<p>Noticias recientes febrero 1, 2024 EL C\u00c1NCER ORAL Y SU PRINCIPALES FACTORES DESENCADENANTES EL C\u00c1NCER ORAL Y SUS PRINCIPALES FACTORES DESENCADENANTES El 4 de febrero, la Organizaci\u00f3n Mundial de la Salud<\/p>\n","protected":false},"author":1,"featured_media":0,"parent":0,"menu_order":0,"comment_status":"closed","ping_status":"closed","template":"","meta":{"_acf_changed":false,"footnotes":""},"class_list":["post-3656","page","type-page","status-publish","hentry"],"acf":[],"yoast_head":"<!-- This site is optimized with the Yoast SEO plugin v22.0 - https:\/\/yoast.com\/wordpress\/plugins\/seo\/ -->\n<title>Blog - Cl\u00ednica Dental Gaset Lacasa - Dentista Palafrugell<\/title>\n<meta name=\"robots\" content=\"index, follow, max-snippet:-1, max-image-preview:large, max-video-preview:-1\" \/>\n<link rel=\"canonical\" href=\"https:\/\/gasetlacasa.com\/es\/blog\/\" \/>\n<meta property=\"og:locale\" content=\"es_ES\" \/>\n<meta property=\"og:type\" content=\"article\" \/>\n<meta property=\"og:title\" content=\"Blog - Cl\u00ednica Dental Gaset Lacasa - Dentista Palafrugell\" \/>\n<meta property=\"og:description\" content=\"Noticias recientes febrero 1, 2024 EL C\u00c1NCER ORAL Y SU PRINCIPALES FACTORES DESENCADENANTES EL C\u00c1NCER ORAL Y SUS PRINCIPALES FACTORES DESENCADENANTES El 4 de febrero, la Organizaci\u00f3n Mundial de la Salud\" \/>\n<meta property=\"og:url\" content=\"https:\/\/gasetlacasa.com\/es\/blog\/\" \/>\n<meta property=\"og:site_name\" content=\"Cl\u00ednica Dental Gaset Lacasa - Dentista Palafrugell\" \/>\n<meta property=\"article:modified_time\" content=\"2024-02-09T09:42:15+00:00\" \/>\n<meta property=\"og:image\" content=\"https:\/\/gasetlacasa.com\/wp-content\/uploads\/2022\/11\/IMG_5608-scaled-e1669314307269-1024x722.jpg\" \/>\n<meta name=\"twitter:card\" content=\"summary_large_image\" \/>\n<meta name=\"twitter:label1\" content=\"Tiempo de lectura\" \/>\n\t<meta name=\"twitter:data1\" content=\"1 minuto\" \/>\n<script type=\"application\/ld+json\" class=\"yoast-schema-graph\">{\"@context\":\"https:\/\/schema.org\",\"@graph\":[{\"@type\":\"WebPage\",\"@id\":\"https:\/\/gasetlacasa.com\/es\/blog\/\",\"url\":\"https:\/\/gasetlacasa.com\/es\/blog\/\",\"name\":\"Blog - Cl\u00ednica Dental Gaset Lacasa - Dentista Palafrugell\",\"isPartOf\":{\"@id\":\"https:\/\/gasetlacasa.com\/#website\"},\"datePublished\":\"2024-02-06T10:44:37+00:00\",\"dateModified\":\"2024-02-09T09:42:15+00:00\",\"breadcrumb\":{\"@id\":\"https:\/\/gasetlacasa.com\/es\/blog\/#breadcrumb\"},\"inLanguage\":\"es\",\"potentialAction\":[{\"@type\":\"ReadAction\",\"target\":[\"https:\/\/gasetlacasa.com\/es\/blog\/\"]}]},{\"@type\":\"BreadcrumbList\",\"@id\":\"https:\/\/gasetlacasa.com\/es\/blog\/#breadcrumb\",\"itemListElement\":[{\"@type\":\"ListItem\",\"position\":1,\"name\":\"Inici\",\"item\":\"https:\/\/gasetlacasa.com\/es\/\"},{\"@type\":\"ListItem\",\"position\":2,\"name\":\"Blog\"}]},{\"@type\":\"WebSite\",\"@id\":\"https:\/\/gasetlacasa.com\/#website\",\"url\":\"https:\/\/gasetlacasa.com\/\",\"name\":\"Cl\u00ednica Dental Gaset Lacasa - Dentista Palafrugell\",\"description\":\"Cl\u00ednica Dental Gaset Lacasa - Dentista a Palafrugell\",\"potentialAction\":[{\"@type\":\"SearchAction\",\"target\":{\"@type\":\"EntryPoint\",\"urlTemplate\":\"https:\/\/gasetlacasa.com\/?s={search_term_string}\"},\"query-input\":\"required name=search_term_string\"}],\"inLanguage\":\"es\"}]}<\/script>\n<!-- \/ Yoast SEO plugin. -->","yoast_head_json":{"title":"Blog - Cl\u00ednica Dental Gaset Lacasa - Dentista Palafrugell","robots":{"index":"index","follow":"follow","max-snippet":"max-snippet:-1","max-image-preview":"max-image-preview:large","max-video-preview":"max-video-preview:-1"},"canonical":"https:\/\/gasetlacasa.com\/es\/blog\/","og_locale":"es_ES","og_type":"article","og_title":"Blog - Cl\u00ednica Dental Gaset Lacasa - Dentista Palafrugell","og_description":"Noticias recientes febrero 1, 2024 EL C\u00c1NCER ORAL Y SU PRINCIPALES FACTORES DESENCADENANTES EL C\u00c1NCER ORAL Y SUS PRINCIPALES FACTORES DESENCADENANTES El 4 de febrero, la Organizaci\u00f3n Mundial de la Salud","og_url":"https:\/\/gasetlacasa.com\/es\/blog\/","og_site_name":"Cl\u00ednica Dental Gaset Lacasa - Dentista Palafrugell","article_modified_time":"2024-02-09T09:42:15+00:00","og_image":[{"url":"https:\/\/gasetlacasa.com\/wp-content\/uploads\/2022\/11\/IMG_5608-scaled-e1669314307269-1024x722.jpg"}],"twitter_card":"summary_large_image","twitter_misc":{"Tiempo de lectura":"1 minuto"},"schema":{"@context":"https:\/\/schema.org","@graph":[{"@type":"WebPage","@id":"https:\/\/gasetlacasa.com\/es\/blog\/","url":"https:\/\/gasetlacasa.com\/es\/blog\/","name":"Blog - Cl\u00ednica Dental Gaset Lacasa - Dentista Palafrugell","isPartOf":{"@id":"https:\/\/gasetlacasa.com\/#website"},"datePublished":"2024-02-06T10:44:37+00:00","dateModified":"2024-02-09T09:42:15+00:00","breadcrumb":{"@id":"https:\/\/gasetlacasa.com\/es\/blog\/#breadcrumb"},"inLanguage":"es","potentialAction":[{"@type":"ReadAction","target":["https:\/\/gasetlacasa.com\/es\/blog\/"]}]},{"@type":"BreadcrumbList","@id":"https:\/\/gasetlacasa.com\/es\/blog\/#breadcrumb","itemListElement":[{"@type":"ListItem","position":1,"name":"Inici","item":"https:\/\/gasetlacasa.com\/es\/"},{"@type":"ListItem","position":2,"name":"Blog"}]},{"@type":"WebSite","@id":"https:\/\/gasetlacasa.com\/#website","url":"https:\/\/gasetlacasa.com\/","name":"Cl\u00ednica Dental Gaset Lacasa - Dentista Palafrugell","description":"Cl\u00ednica Dental Gaset Lacasa - Dentista a Palafrugell","potentialAction":[{"@type":"SearchAction","target":{"@type":"EntryPoint","urlTemplate":"https:\/\/gasetlacasa.com\/?s={search_term_string}"},"query-input":"required name=search_term_string"}],"inLanguage":"es"}]}},"_links":{"self":[{"href":"https:\/\/gasetlacasa.com\/es\/wp-json\/wp\/v2\/pages\/3656","targetHints":{"allow":["GET"]}}],"collection":[{"href":"https:\/\/gasetlacasa.com\/es\/wp-json\/wp\/v2\/pages"}],"about":[{"href":"https:\/\/gasetlacasa.com\/es\/wp-json\/wp\/v2\/types\/page"}],"author":[{"embeddable":true,"href":"https:\/\/gasetlacasa.com\/es\/wp-json\/wp\/v2\/users\/1"}],"replies":[{"embeddable":true,"href":"https:\/\/gasetlacasa.com\/es\/wp-json\/wp\/v2\/comments?post=3656"}],"version-history":[{"count":3,"href":"https:\/\/gasetlacasa.com\/es\/wp-json\/wp\/v2\/pages\/3656\/revisions"}],"predecessor-version":[{"id":3659,"href":"https:\/\/gasetlacasa.com\/es\/wp-json\/wp\/v2\/pages\/3656\/revisions\/3659"}],"wp:attachment":[{"href":"https:\/\/gasetlacasa.com\/es\/wp-json\/wp\/v2\/media?parent=3656"}],"curies":[{"name":"wp","href":"https:\/\/api.w.org\/{rel}","templated":true}]}}