{"id":2041,"date":"2023-07-06T16:35:23","date_gmt":"2023-07-06T14:35:23","guid":{"rendered":"http:\/\/web2022.gasetlacasa.com\/?page_id=2041"},"modified":"2024-09-09T17:48:33","modified_gmt":"2024-09-09T15:48:33","slug":"tratamientos-con-acido-hialuronico","status":"publish","type":"page","link":"https:\/\/gasetlacasa.com\/es\/tratamientos\/tratamientos-con-acido-hialuronico\/","title":{"rendered":"Tratamientos con \u00c1cido Hialur\u00f3nico"},"content":{"rendered":"<section class=\"wpb-content-wrapper\"><p>[vc_row full_width=\u00bbstretch_row_content_no_spaces\u00bb row_type=\u00bbrow\u00bb use_row_as_full_screen_section=\u00bbno\u00bb type=\u00bbfull_width\u00bb angled_section=\u00bbno\u00bb text_align=\u00bbleft\u00bb background_image_as_pattern=\u00bbwithout_pattern\u00bb css=\u00bb.vc_custom_1646324597658{background-color: rgba(77,98,82,0.77) !important;*background-color: rgb(77,98,82) !important;}\u00bb][vc_column][vc_empty_space height=\u00bb120px\u00bb][\/vc_column][\/vc_row][vc_row row_type=\u00bbrow\u00bb use_row_as_full_screen_section=\u00bbno\u00bb type=\u00bbfull_width\u00bb angled_section=\u00bbno\u00bb text_align=\u00bbleft\u00bb background_image_as_pattern=\u00bbwithout_pattern\u00bb css=\u00bb.vc_custom_1663155814381{padding-top: 30px !important;}\u00bb][vc_column width=\u00bb1\/3&#8243;][vc_column_text]<\/p>\n<h2 class=\"fontequip\" style=\"text-align: left;\">TRATAMIENTOS CON \u00c1CIDO HIALUR\u00d3NICO<\/h2>\n<p>[\/vc_column_text][vc_separator color=\u00bbblack\u00bb align=\u00bbalign_left\u00bb border_width=\u00bb8&#8243; el_width=\u00bb60&#8243; css=\u00bb.vc_custom_1662720698269{margin-top: -30px !important;padding-top: -30px !important;}\u00bb][vc_empty_space][\/vc_column][vc_column width=\u00bb2\/3&#8243;][vc_column_text]<\/p>\n<p style=\"text-align: right;\"><strong><span class=\"WdYUQQ text-decoration-none text-strikethrough-none\">\u00a1Recupera el volumen y la hidrataci\u00f3n de tus labios y zona peribucal sin renunciar a la naturalidad con los diferentes tratamientos de infiltraci\u00f3n con \u00e1cido hialur\u00f3nico que ofrecemos en la Cl\u00ednica Dental Gaset Lacasa!<\/span><\/strong><\/p>\n<p>[\/vc_column_text][vc_empty_space][\/vc_column][\/vc_row][vc_row row_type=\u00bbrow\u00bb use_row_as_full_screen_section=\u00bbno\u00bb type=\u00bbfull_width\u00bb angled_section=\u00bbno\u00bb text_align=\u00bbleft\u00bb background_image_as_pattern=\u00bbwithout_pattern\u00bb][vc_column][vc_empty_space][\/vc_column][\/vc_row][vc_row row_type=\u00bbrow\u00bb use_row_as_full_screen_section=\u00bbno\u00bb type=\u00bbfull_width\u00bb angled_section=\u00bbno\u00bb text_align=\u00bbleft\u00bb background_image_as_pattern=\u00bbwithout_pattern\u00bb][vc_column][vc_column_text]<\/p>\n<h5 style=\"text-align: left;\"><strong>SOBRE EL \u00c1CIDO HIALUR\u00d3NICO<\/strong><\/h5>\n<p>[\/vc_column_text][vc_column_text]<\/p>\n<p class=\"_04xlpA direction-ltr align-center para-style-body\"><span class=\"WdYUQQ text-decoration-none text-strikethrough-none\">El \u00e1cido hialur\u00f3nico es una sustancia que se encuentra <strong>de forma natural en numerosos tejidos y \u00f3rganos del cuerpo humano<\/strong>: piel, cart\u00edlagos, l\u00edquido sinovial\u2026<\/span><\/p>\n<p class=\"_04xlpA direction-ltr align-center para-style-body\"><span class=\"WdYUQQ text-decoration-none text-strikethrough-none\">Una de sus propiedades m\u00e1s importantes es la capacidad para <strong>atraer y retener el<\/strong><\/span> <strong><span class=\"WdYUQQ text-decoration-none text-strikethrough-none\">agua<\/span><\/strong> <span class=\"WdYUQQ text-decoration-none text-strikethrough-none\">en la superficie de la piel, lo que hace que la epidermis se mantenga en buenas condiciones.<\/span><\/p>\n<p class=\"_04xlpA direction-ltr align-center para-style-body\"><span class=\"WdYUQQ text-decoration-none text-strikethrough-none\">Los resultados que se obtienen despu\u00e9s de la inyecci\u00f3n del<\/span> <span class=\"WdYUQQ text-decoration-none text-strikethrough-none\">\u00e1cido hialur\u00f3nico son pr\u00e1cticamente <strong>inmediatos<\/strong> puesto que se inyecta directamente en la zona a tratar y tienen una duraci\u00f3n aproximada de un a\u00f1o dependiendo de la edad del paciente, la zona tratada y la calidad de la piel.<\/span><\/p>\n<p class=\"_04xlpA direction-ltr align-center para-style-body\"><span class=\"WdYUQQ text-decoration-none text-strikethrough-none\">El \u00e1cido hialur\u00f3nico es uno de los productos de medicina est\u00e9tica que m\u00e1s se usan gracias a su <strong>alto nivel de seguridad<\/strong>, la <strong>facilidad de su aplicaci\u00f3n<\/strong>, los <strong>resultados naturales<\/strong> y los <strong>pocos efectos secundarios<\/strong> que presenta.<\/span><\/p>\n<p>[\/vc_column_text][vc_column_text]<\/p>\n<h5 style=\"text-align: left;\"><span style=\"color: #ffffff;\"><strong>U<\/strong><\/span><\/h5>\n<p>[\/vc_column_text][vc_column_text]<\/p>\n<h5 style=\"text-align: left;\"><strong>USOS DEL \u00c1CIDO HIALUR\u00d3NICO EN LAS CL\u00cdNICAS DENTALES<\/strong><\/h5>\n<p>[\/vc_column_text][\/vc_column][\/vc_row][vc_row row_type=\u00bbrow\u00bb use_row_as_full_screen_section=\u00bbno\u00bb type=\u00bbfull_width\u00bb angled_section=\u00bbno\u00bb text_align=\u00bbleft\u00bb background_image_as_pattern=\u00bbwithout_pattern\u00bb css=\u00bb.vc_custom_1662765311289{padding-top: 100px !important;padding-bottom: 100px !important;}\u00bb][vc_column width=\u00bb1\/2&#8243;][vc_single_image image=\u00bb2052&#8243; img_size=\u00bbfull\u00bb][\/vc_column][vc_column width=\u00bb1\/2&#8243;][vc_column_text css=\u00bb.vc_custom_1688654162707{padding-top: 50px !important;}\u00bb]<strong>VOLUMEN E HIDRATACI\u00d3N DE LOS LABIOS<\/strong><\/p>\n<p><span class=\"WdYUQQ text-decoration-none text-strikethrough-none\">Con el \u00e1cido hialur\u00f3nico podemos conseguir una <strong>hidrataci\u00f3n \u00f3ptima de tus labios<\/strong> as\u00ed como un <strong>incremento de su volumen<\/strong> respetando la forma natural de los mismos. Tambi\u00e9n nos permite <strong>corregir asimetr\u00edas<\/strong>, <strong>perfilarlos<\/strong> o <strong>marcar ciertos puntos<\/strong> como el arco de Cupido. La aplicaci\u00f3n de \u00e1cido hialur\u00f3nico, adem\u00e1s, tambi\u00e9n llenar\u00e1 las posibles arrugas existentes en el \u00e1rea y disminuir\u00e1 su futura aparici\u00f3n.<\/span>[\/vc_column_text][\/vc_column][\/vc_row][vc_row row_type=\u00bbrow\u00bb use_row_as_full_screen_section=\u00bbno\u00bb type=\u00bbfull_width\u00bb angled_section=\u00bbno\u00bb text_align=\u00bbleft\u00bb background_image_as_pattern=\u00bbwithout_pattern\u00bb css=\u00bb.vc_custom_1662748575145{padding-top: 100px !important;padding-bottom: 100px !important;}\u00bb][vc_column width=\u00bb1\/2&#8243;][vc_column_text]<strong>TRATAMIENTO DE ARRUGAS PERIBUCALES<\/strong><\/p>\n<p><span class=\"WdYUQQ text-decoration-none text-strikethrough-none\">El paso del tiempo hace que los tejidos cut\u00e1neos pierdan firmeza y luminosidad. En la zona peribucal, con los a\u00f1os, los p\u00f3mulos y el labio superior se desprenden, creando las arrugas conocidas como <strong>nasogenian<\/strong>as as\u00ed como las <strong>l\u00edneas de marioneta<\/strong>. Alrededor de los labios tambi\u00e9n se acent\u00faan las com\u00fanmente conocidas como <strong>c\u00f3digo de barras<\/strong>. Con el \u00e1cido hialur\u00f3nico podemos rellenarlas, haciendo que tu rostro <strong>recupere los vol\u00famenes perdidos<\/strong>.<\/span>[\/vc_column_text][vc_row_inner css=\u00bb.vc_custom_1662765783811{margin-top: -350px !important;margin-right: -100px !important;margin-left: -300px !important;background-color: #efefef !important;}\u00bb][vc_column_inner][vc_empty_space height=\u00bb350px\u00bb][\/vc_column_inner][\/vc_row_inner][\/vc_column][vc_column width=\u00bb1\/2&#8243;][vc_single_image image=\u00bb2058&#8243; img_size=\u00bbfull\u00bb][\/vc_column][\/vc_row][vc_row row_type=\u00bbrow\u00bb use_row_as_full_screen_section=\u00bbno\u00bb type=\u00bbfull_width\u00bb angled_section=\u00bbno\u00bb text_align=\u00bbleft\u00bb background_image_as_pattern=\u00bbwithout_pattern\u00bb][vc_column width=\u00bb1\/2&#8243; offset=\u00bbvc_hidden-sm vc_hidden-xs\u00bb][vc_single_image image=\u00bb3917&#8243; img_size=\u00bbfull\u00bb][\/vc_column][vc_column width=\u00bb1\/2&#8243; css=\u00bb.vc_custom_1703676685005{margin-top: 50px !important;margin-left: -50px !important;background-color: #000000 !important;}\u00bb offset=\u00bbvc_hidden-sm vc_hidden-xs\u00bb][vc_column_text]<span style=\"color: #ffffff;\"><strong>TRATAMIENTOS CON \u00c1CIDO HIALUR\u00d3NICO EN LA CL\u00cdNICA DENTAL GASET LACASA<\/strong><\/span><\/p>\n<ul>\n<li><span style=\"color: #ffffff;\">Hidrataci\u00f3n de labios.<\/span><\/li>\n<li><span style=\"color: #ffffff;\">Incrementar el volumen de los labios.<\/span><\/li>\n<li><span style=\"color: #ffffff;\">Hidrataci\u00f3n de la zona peribucal.<\/span><\/li>\n<li><span style=\"color: #ffffff;\">Rellenar las arrugas nasogenianas.<\/span><\/li>\n<li><span style=\"color: #ffffff;\">Rellenar las l\u00edneas de marioneta.<\/span><\/li>\n<li><span style=\"color: #ffffff;\">Rellenar el c\u00f3digo de barras.<\/span><\/li>\n<li><span style=\"color: #ffffff;\">Disimular cicatrices.<\/span><\/li>\n<\/ul>\n<p>[\/vc_column_text][\/vc_column][\/vc_row][vc_row row_type=\u00bbrow\u00bb use_row_as_full_screen_section=\u00bbno\u00bb type=\u00bbfull_width\u00bb angled_section=\u00bbno\u00bb text_align=\u00bbleft\u00bb background_image_as_pattern=\u00bbwithout_pattern\u00bb][vc_column css=\u00bb.vc_custom_1703676667535{background-color: #000000 !important;}\u00bb offset=\u00bbvc_hidden-lg vc_hidden-md\u00bb][vc_column_text]<span style=\"color: #ffffff;\"><strong>TRATAMIENTOS CON \u00c1CIDO HIALUR\u00d3NICO EN LA CL\u00cdNICA DENTAL GASET LACASA<\/strong><\/span><\/p>\n<ul>\n<li><span style=\"color: #ffffff;\">Hidrataci\u00f3n de labios.<\/span><\/li>\n<li><span style=\"color: #ffffff;\">Incrementar el volumen de los labios.<\/span><\/li>\n<li><span style=\"color: #ffffff;\">Hidrataci\u00f3n de la zona peribucal.<\/span><\/li>\n<li><span style=\"color: #ffffff;\">Rellenar las arrugas nasogenianas.<\/span><\/li>\n<li><span style=\"color: #ffffff;\">Rellenar las l\u00edneas de marioneta.<\/span><\/li>\n<li><span style=\"color: #ffffff;\">Rellenar el c\u00f3digo de barras.<\/span><\/li>\n<li><span style=\"color: #ffffff;\">Disimular cicatrices.<\/span><\/li>\n<\/ul>\n<p>[\/vc_column_text][vc_single_image image=\u00bb3917&#8243; img_size=\u00bbfull\u00bb][\/vc_column][\/vc_row][vc_row row_type=\u00bbrow\u00bb use_row_as_full_screen_section=\u00bbno\u00bb type=\u00bbfull_width\u00bb angled_section=\u00bbno\u00bb text_align=\u00bbleft\u00bb background_image_as_pattern=\u00bbwithout_pattern\u00bb][vc_column][vc_empty_space height=\u00bb75px\u00bb][\/vc_column][\/vc_row][vc_row css=\u00bb.vc_custom_1662748599680{padding-top: 100px !important;padding-bottom: 100px !important;}\u00bb][vc_column width=\u00bb1\/2&#8243;][vc_column_text][\/vc_column_text][\/vc_column][vc_column width=\u00bb1\/2&#8243;][vc_column_text][\/vc_column_text][\/vc_column][\/vc_row]<\/p>\n<\/section>","protected":false},"excerpt":{"rendered":"<p>[vc_row full_width=\u00bbstretch_row_content_no_spaces\u00bb row_type=\u00bbrow\u00bb use_row_as_full_screen_section=\u00bbno\u00bb type=\u00bbfull_width\u00bb angled_section=\u00bbno\u00bb text_align=\u00bbleft\u00bb background_image_as_pattern=\u00bbwithout_pattern\u00bb css=\u00bb.vc_custom_1646324597658{background-color: rgba(77,98,82,0.77) !important;*background-color: rgb(77,98,82) !important;}\u00bb][vc_column][vc_empty_space height=\u00bb120px\u00bb][\/vc_column][\/vc_row][vc_row row_type=\u00bbrow\u00bb use_row_as_full_screen_section=\u00bbno\u00bb type=\u00bbfull_width\u00bb angled_section=\u00bbno\u00bb text_align=\u00bbleft\u00bb background_image_as_pattern=\u00bbwithout_pattern\u00bb css=\u00bb.vc_custom_1663155814381{padding-top: 30px !important;}\u00bb][vc_column width=\u00bb1\/3&#8243;][vc_column_text] TRATAMIENTOS CON \u00c1CIDO HIALUR\u00d3NICO [\/vc_column_text][vc_separator color=\u00bbblack\u00bb align=\u00bbalign_left\u00bb border_width=\u00bb8&#8243; el_width=\u00bb60&#8243; css=\u00bb.vc_custom_1662720698269{margin-top: -30px !important;padding-top: -30px !important;}\u00bb][vc_empty_space][\/vc_column][vc_column width=\u00bb2\/3&#8243;][vc_column_text] \u00a1Recupera el volumen y la hidrataci\u00f3n de tus labios y zona peribucal sin renunciar a la [&hellip;]<\/p>\n","protected":false},"author":1,"featured_media":0,"parent":1834,"menu_order":54,"comment_status":"closed","ping_status":"closed","template":"","meta":{"_acf_changed":false,"footnotes":""},"class_list":["post-2041","page","type-page","status-publish","hentry"],"acf":[],"yoast_head":"<!-- This site is optimized with the Yoast SEO plugin v22.0 - https:\/\/yoast.com\/wordpress\/plugins\/seo\/ -->\n<title>Tratamientos con \u00c1cido Hialur\u00f3nico en Palafrugell - Cl\u00ednica Dental Gaset Lacasa - Dentista Palafrugell<\/title>\n<meta name=\"description\" content=\"El equipo de profesionales de la Cl\u00ednica Dental Gaset Lacasa son mujeres y hombres con formaci\u00f3n y experiencia orientados a darle soluciones.\" \/>\n<meta name=\"robots\" content=\"index, follow, max-snippet:-1, max-image-preview:large, max-video-preview:-1\" \/>\n<link rel=\"canonical\" href=\"https:\/\/gasetlacasa.com\/es\/tratamientos\/tratamientos-con-acido-hialuronico\/\" \/>\n<meta property=\"og:locale\" content=\"es_ES\" \/>\n<meta property=\"og:type\" content=\"article\" \/>\n<meta property=\"og:title\" content=\"Tratamientos con \u00c1cido Hialur\u00f3nico en Palafrugell - Cl\u00ednica Dental Gaset Lacasa - Dentista Palafrugell\" \/>\n<meta property=\"og:description\" content=\"El equipo de profesionales de la Cl\u00ednica Dental Gaset Lacasa son mujeres y hombres con formaci\u00f3n y experiencia orientados a darle soluciones.\" \/>\n<meta property=\"og:url\" content=\"https:\/\/gasetlacasa.com\/es\/tratamientos\/tratamientos-con-acido-hialuronico\/\" \/>\n<meta property=\"og:site_name\" content=\"Cl\u00ednica Dental Gaset Lacasa - Dentista Palafrugell\" \/>\n<meta property=\"article:modified_time\" content=\"2024-09-09T15:48:33+00:00\" \/>\n<meta name=\"twitter:card\" content=\"summary_large_image\" \/>\n<meta name=\"twitter:label1\" content=\"Tiempo de lectura\" \/>\n\t<meta name=\"twitter:data1\" content=\"4 minutos\" \/>\n<script type=\"application\/ld+json\" class=\"yoast-schema-graph\">{\"@context\":\"https:\/\/schema.org\",\"@graph\":[{\"@type\":\"WebPage\",\"@id\":\"https:\/\/gasetlacasa.com\/es\/tratamientos\/tratamientos-con-acido-hialuronico\/\",\"url\":\"https:\/\/gasetlacasa.com\/es\/tratamientos\/tratamientos-con-acido-hialuronico\/\",\"name\":\"Tratamientos con \u00c1cido Hialur\u00f3nico en Palafrugell - Cl\u00ednica Dental Gaset Lacasa - Dentista Palafrugell\",\"isPartOf\":{\"@id\":\"https:\/\/gasetlacasa.com\/#website\"},\"datePublished\":\"2023-07-06T14:35:23+00:00\",\"dateModified\":\"2024-09-09T15:48:33+00:00\",\"description\":\"El equipo de profesionales de la Cl\u00ednica Dental Gaset Lacasa son mujeres y hombres con formaci\u00f3n y experiencia orientados a darle soluciones.\",\"breadcrumb\":{\"@id\":\"https:\/\/gasetlacasa.com\/es\/tratamientos\/tratamientos-con-acido-hialuronico\/#breadcrumb\"},\"inLanguage\":\"es\",\"potentialAction\":[{\"@type\":\"ReadAction\",\"target\":[\"https:\/\/gasetlacasa.com\/es\/tratamientos\/tratamientos-con-acido-hialuronico\/\"]}]},{\"@type\":\"BreadcrumbList\",\"@id\":\"https:\/\/gasetlacasa.com\/es\/tratamientos\/tratamientos-con-acido-hialuronico\/#breadcrumb\",\"itemListElement\":[{\"@type\":\"ListItem\",\"position\":1,\"name\":\"Inici\",\"item\":\"https:\/\/gasetlacasa.com\/es\/\"},{\"@type\":\"ListItem\",\"position\":2,\"name\":\"Tratamientos\",\"item\":\"https:\/\/gasetlacasa.com\/es\/tratamientos\/\"},{\"@type\":\"ListItem\",\"position\":3,\"name\":\"Tratamientos con \u00c1cido Hialur\u00f3nico\"}]},{\"@type\":\"WebSite\",\"@id\":\"https:\/\/gasetlacasa.com\/#website\",\"url\":\"https:\/\/gasetlacasa.com\/\",\"name\":\"Cl\u00ednica Dental Gaset Lacasa - Dentista Palafrugell\",\"description\":\"Cl\u00ednica Dental Gaset Lacasa - Dentista a Palafrugell\",\"potentialAction\":[{\"@type\":\"SearchAction\",\"target\":{\"@type\":\"EntryPoint\",\"urlTemplate\":\"https:\/\/gasetlacasa.com\/?s={search_term_string}\"},\"query-input\":\"required name=search_term_string\"}],\"inLanguage\":\"es\"}]}<\/script>\n<!-- \/ Yoast SEO plugin. -->","yoast_head_json":{"title":"Tratamientos con \u00c1cido Hialur\u00f3nico en Palafrugell - Cl\u00ednica Dental Gaset Lacasa - Dentista Palafrugell","description":"El equipo de profesionales de la Cl\u00ednica Dental Gaset Lacasa son mujeres y hombres con formaci\u00f3n y experiencia orientados a darle soluciones.","robots":{"index":"index","follow":"follow","max-snippet":"max-snippet:-1","max-image-preview":"max-image-preview:large","max-video-preview":"max-video-preview:-1"},"canonical":"https:\/\/gasetlacasa.com\/es\/tratamientos\/tratamientos-con-acido-hialuronico\/","og_locale":"es_ES","og_type":"article","og_title":"Tratamientos con \u00c1cido Hialur\u00f3nico en Palafrugell - Cl\u00ednica Dental Gaset Lacasa - Dentista Palafrugell","og_description":"El equipo de profesionales de la Cl\u00ednica Dental Gaset Lacasa son mujeres y hombres con formaci\u00f3n y experiencia orientados a darle soluciones.","og_url":"https:\/\/gasetlacasa.com\/es\/tratamientos\/tratamientos-con-acido-hialuronico\/","og_site_name":"Cl\u00ednica Dental Gaset Lacasa - Dentista Palafrugell","article_modified_time":"2024-09-09T15:48:33+00:00","twitter_card":"summary_large_image","twitter_misc":{"Tiempo de lectura":"4 minutos"},"schema":{"@context":"https:\/\/schema.org","@graph":[{"@type":"WebPage","@id":"https:\/\/gasetlacasa.com\/es\/tratamientos\/tratamientos-con-acido-hialuronico\/","url":"https:\/\/gasetlacasa.com\/es\/tratamientos\/tratamientos-con-acido-hialuronico\/","name":"Tratamientos con \u00c1cido Hialur\u00f3nico en Palafrugell - Cl\u00ednica Dental Gaset Lacasa - Dentista Palafrugell","isPartOf":{"@id":"https:\/\/gasetlacasa.com\/#website"},"datePublished":"2023-07-06T14:35:23+00:00","dateModified":"2024-09-09T15:48:33+00:00","description":"El equipo de profesionales de la Cl\u00ednica Dental Gaset Lacasa son mujeres y hombres con formaci\u00f3n y experiencia orientados a darle soluciones.","breadcrumb":{"@id":"https:\/\/gasetlacasa.com\/es\/tratamientos\/tratamientos-con-acido-hialuronico\/#breadcrumb"},"inLanguage":"es","potentialAction":[{"@type":"ReadAction","target":["https:\/\/gasetlacasa.com\/es\/tratamientos\/tratamientos-con-acido-hialuronico\/"]}]},{"@type":"BreadcrumbList","@id":"https:\/\/gasetlacasa.com\/es\/tratamientos\/tratamientos-con-acido-hialuronico\/#breadcrumb","itemListElement":[{"@type":"ListItem","position":1,"name":"Inici","item":"https:\/\/gasetlacasa.com\/es\/"},{"@type":"ListItem","position":2,"name":"Tratamientos","item":"https:\/\/gasetlacasa.com\/es\/tratamientos\/"},{"@type":"ListItem","position":3,"name":"Tratamientos con \u00c1cido Hialur\u00f3nico"}]},{"@type":"WebSite","@id":"https:\/\/gasetlacasa.com\/#website","url":"https:\/\/gasetlacasa.com\/","name":"Cl\u00ednica Dental Gaset Lacasa - Dentista Palafrugell","description":"Cl\u00ednica Dental Gaset Lacasa - Dentista a Palafrugell","potentialAction":[{"@type":"SearchAction","target":{"@type":"EntryPoint","urlTemplate":"https:\/\/gasetlacasa.com\/?s={search_term_string}"},"query-input":"required name=search_term_string"}],"inLanguage":"es"}]}},"_links":{"self":[{"href":"https:\/\/gasetlacasa.com\/es\/wp-json\/wp\/v2\/pages\/2041","targetHints":{"allow":["GET"]}}],"collection":[{"href":"https:\/\/gasetlacasa.com\/es\/wp-json\/wp\/v2\/pages"}],"about":[{"href":"https:\/\/gasetlacasa.com\/es\/wp-json\/wp\/v2\/types\/page"}],"author":[{"embeddable":true,"href":"https:\/\/gasetlacasa.com\/es\/wp-json\/wp\/v2\/users\/1"}],"replies":[{"embeddable":true,"href":"https:\/\/gasetlacasa.com\/es\/wp-json\/wp\/v2\/comments?post=2041"}],"version-history":[{"count":24,"href":"https:\/\/gasetlacasa.com\/es\/wp-json\/wp\/v2\/pages\/2041\/revisions"}],"predecessor-version":[{"id":4075,"href":"https:\/\/gasetlacasa.com\/es\/wp-json\/wp\/v2\/pages\/2041\/revisions\/4075"}],"up":[{"embeddable":true,"href":"https:\/\/gasetlacasa.com\/es\/wp-json\/wp\/v2\/pages\/1834"}],"wp:attachment":[{"href":"https:\/\/gasetlacasa.com\/es\/wp-json\/wp\/v2\/media?parent=2041"}],"curies":[{"name":"wp","href":"https:\/\/api.w.org\/{rel}","templated":true}]}}