{"id":1930,"date":"2023-07-05T18:03:58","date_gmt":"2023-07-05T16:03:58","guid":{"rendered":"http:\/\/web2022.gasetlacasa.com\/tratamientos\/prevencion\/"},"modified":"2024-09-09T15:48:44","modified_gmt":"2024-09-09T13:48:44","slug":"prevencion","status":"publish","type":"page","link":"https:\/\/gasetlacasa.com\/es\/tratamientos\/prevencion\/","title":{"rendered":"Prevenci\u00f3n"},"content":{"rendered":"<section class=\"wpb-content-wrapper\"><p>[vc_row full_width=\u00bbstretch_row_content_no_spaces\u00bb row_type=\u00bbrow\u00bb use_row_as_full_screen_section=\u00bbno\u00bb type=\u00bbfull_width\u00bb angled_section=\u00bbno\u00bb text_align=\u00bbleft\u00bb background_image_as_pattern=\u00bbwithout_pattern\u00bb css=\u00bb.vc_custom_1646324597658{background-color: rgba(77,98,82,0.77) !important;*background-color: rgb(77,98,82) !important;}\u00bb][vc_column][vc_empty_space height=\u00bb120px\u00bb][\/vc_column][\/vc_row][vc_row row_type=\u00bbrow\u00bb use_row_as_full_screen_section=\u00bbno\u00bb type=\u00bbfull_width\u00bb angled_section=\u00bbno\u00bb text_align=\u00bbleft\u00bb background_image_as_pattern=\u00bbwithout_pattern\u00bb css=\u00bb.vc_custom_1662748832940{padding-top: 30px !important;}\u00bb][vc_column width=\u00bb1\/4&#8243;][vc_column_text]<\/p>\n<h2 class=\"fontequip\" style=\"text-align: left;\">PREVENCI\u00d3N<\/h2>\n<p>[\/vc_column_text][vc_separator color=\u00bbblack\u00bb align=\u00bbalign_left\u00bb border_width=\u00bb8&#8243; el_width=\u00bb60&#8243; css=\u00bb.vc_custom_1662720698269{margin-top: -30px !important;padding-top: -30px !important;}\u00bb][vc_empty_space][\/vc_column][vc_column width=\u00bb3\/4&#8243;][vc_column_text]<\/p>\n<p style=\"text-align: right;\"><strong>\u00a1La prevenci\u00f3n y la higiene bucodental son el camino para disfrutar siempre de una buena salud dental!<\/strong><\/p>\n<p style=\"text-align: right;\"><strong>\u00c9ste es el eje en torno al cual gira la actividad de nuestra cl\u00ednica desde su fundaci\u00f3n en 1983.<\/strong><\/p>\n<p style=\"text-align: right;\"><strong>Si un paciente, por el motivo que sea e independientemente de su edad, no es capaz de mantener los dientes libres de placa bacteriana, la boca y la dentadura est\u00e1 abocada a enfermar y nuestros tratamientos no alcanzar\u00e1n el \u00e9xito que podr\u00edan haber logrado.<\/strong><\/p>\n<p>[\/vc_column_text][vc_empty_space][\/vc_column][\/vc_row][vc_row row_type=\u00bbrow\u00bb use_row_as_full_screen_section=\u00bbno\u00bb type=\u00bbfull_width\u00bb angled_section=\u00bbno\u00bb text_align=\u00bbleft\u00bb background_image_as_pattern=\u00bbwithout_pattern\u00bb css=\u00bb.vc_custom_1662748575145{padding-top: 100px !important;padding-bottom: 100px !important;}\u00bb][vc_column width=\u00bb1\/2&#8243;][vc_column_text]Las bocas de hoy tienen <strong>4 amenazas graves<\/strong>:<\/p>\n<ol>\n<li><strong>La comida refinada o industrial,<\/strong> que nutre a los g\u00e9rmenes que provocan caries y enfermedades en las enc\u00edas.<\/li>\n<li><strong>Los t\u00f3xicos,<\/strong> como el tabaco y el alcohol.<\/li>\n<li><strong>El bruxismo,<\/strong> que hace que toda la boca trabaje muchas horas extras (foto derecha).<\/li>\n<li><strong>El hecho de que ahora vivimos muchos m\u00e1s a\u00f1os<\/strong> y, por tanto, debe mantenerse muchos m\u00e1s a\u00f1os en estado saludable.<\/li>\n<\/ol>\n<p>[\/vc_column_text][vc_row_inner css=\u00bb.vc_custom_1662765783811{margin-top: -350px !important;margin-right: -100px !important;margin-left: -300px !important;background-color: #efefef !important;}\u00bb][vc_column_inner][vc_empty_space height=\u00bb350px\u00bb][\/vc_column_inner][\/vc_row_inner][\/vc_column][vc_column width=\u00bb1\/2&#8243;][vc_single_image image=\u00bb1417&#8243; img_size=\u00bbfull\u00bb][\/vc_column][\/vc_row][vc_row row_type=\u00bbrow\u00bb use_row_as_full_screen_section=\u00bbno\u00bb type=\u00bbfull_width\u00bb angled_section=\u00bbno\u00bb text_align=\u00bbleft\u00bb background_image_as_pattern=\u00bbwithout_pattern\u00bb][vc_column width=\u00bb1\/2&#8243;][vc_single_image image=\u00bb4010&#8243; img_size=\u00bbfull\u00bb][\/vc_column][vc_column width=\u00bb1\/2&#8243;][vc_column_text css=\u00bb.vc_custom_1688574079420{padding-top: 50px !important;}\u00bb]<\/p>\n<p style=\"text-align: justify;\">En la Cl\u00ednica Dental Gaset Lacasa sabemos la importancia que tienen las higienes bucodentales para mantener la boca sana ante estas amenazas y retos y es por eso que siempre concienciamos a nuestros pacientes y les comunicamos la necesidad de visitar peri\u00f3dicamente a nuestros higienistas bucodentales, <strong>M\u00edriam Bonada<\/strong> y <strong>\u00c1lvaro Torres<\/strong>.<\/p>\n<p>[\/vc_column_text][\/vc_column][\/vc_row][vc_row row_type=\u00bbrow\u00bb use_row_as_full_screen_section=\u00bbno\u00bb type=\u00bbfull_width\u00bb angled_section=\u00bbno\u00bb text_align=\u00bbleft\u00bb background_image_as_pattern=\u00bbwithout_pattern\u00bb][vc_column][vc_empty_space height=\u00bb80px\u00bb][\/vc_column][\/vc_row][vc_row row_type=\u00bbrow\u00bb use_row_as_full_screen_section=\u00bbno\u00bb type=\u00bbfull_width\u00bb angled_section=\u00bbno\u00bb text_align=\u00bbleft\u00bb background_image_as_pattern=\u00bbwithout_pattern\u00bb][vc_column width=\u00bb1\/2&#8243; css=\u00bb.vc_custom_1703676171119{margin-top: 50px !important;margin-right: -80px !important;margin-left: 50px !important;padding-right: 50px !important;padding-left: 50px !important;background-color: #000000 !important;}\u00bb offset=\u00bbvc_hidden-sm vc_hidden-xs\u00bb][vc_column_text]<\/p>\n<h5 style=\"text-align: right;\"><span style=\"color: #ffffff;\">La higiene bucodental profesional es una pr\u00e1ctica que consiste en:<\/span><\/h5>\n<p>[\/vc_column_text][vc_column_text]<span style=\"color: #ffffff;\">\u00b7 Quitar con cuidado el c\u00e1lculo adherido a los dientes y muelas.<\/span><br \/>\n<span style=\"color: #ffffff;\">\u00b7 Realizar una serie de radiograf\u00edas de control.<\/span><br \/>\n<span style=\"color: #ffffff;\">\u00b7 Ense\u00f1ar al paciente los lugares donde se le hace m\u00e1s c\u00e1lculo y c\u00f3mo cepillarse para evitar su acumulaci\u00f3n.<\/span><br \/>\n<span style=\"color: #ffffff;\">\u00b7 Ofrecer, si es necesario, consejos de alimentaci\u00f3n para disminuir amenazas.<\/span><br \/>\n<span style=\"color: #ffffff;\">\u00b7 Registrar los datos obtenidos para que sean comparables en el tiempo y ver su evoluci\u00f3n.<br \/>\n\u00b7 Revisar que no haya ninguna patolog\u00eda dental <strong>, como pueden ser las caries, la gingivitis o periodontitis, las anomal\u00edas en los huesos, las enfermedades de los tejidos blandos, el bruxismo, las disfunciones de la ATM o el c\u00e1ncer oral.<\/strong><\/span><br \/>\n<span style=\"color: #ffffff;\">\u00b7 Concertar la pr\u00f3xima cita para evitar la discontinuidad de la prevenci\u00f3n o dar hora con los doctores en caso necesario.<\/span>[\/vc_column_text][\/vc_column][vc_column width=\u00bb1\/2&#8243; offset=\u00bbvc_hidden-sm vc_hidden-xs\u00bb][vc_single_image image=\u00bb3848&#8243; img_size=\u00bbfull\u00bb][\/vc_column][\/vc_row][vc_row row_type=\u00bbrow\u00bb use_row_as_full_screen_section=\u00bbno\u00bb type=\u00bbfull_width\u00bb angled_section=\u00bbno\u00bb text_align=\u00bbleft\u00bb background_image_as_pattern=\u00bbwithout_pattern\u00bb][vc_column css=\u00bb.vc_custom_1703676245608{margin-top: 50px !important;background-color: #000000 !important;}\u00bb offset=\u00bbvc_hidden-lg vc_hidden-md\u00bb][vc_column_text]<\/p>\n<h5 style=\"text-align: right;\"><span style=\"color: #ffffff;\">La higiene bucodental profesional es una pr\u00e1ctica que consiste en:<\/span><\/h5>\n<p>[\/vc_column_text][vc_column_text]<span style=\"color: #ffffff;\">\u00b7 Quitar con cuidado el c\u00e1lculo adherido a los dientes y muelas.<\/span><br \/>\n<span style=\"color: #ffffff;\">\u00b7 Realizar una serie de radiograf\u00edas de control.<\/span><br \/>\n<span style=\"color: #ffffff;\">\u00b7 Ense\u00f1ar al paciente los lugares donde se le hace m\u00e1s c\u00e1lculo y c\u00f3mo cepillarse para evitar su acumulaci\u00f3n.<\/span><br \/>\n<span style=\"color: #ffffff;\">\u00b7 Ofrecer, si es necesario, consejos de alimentaci\u00f3n para disminuir amenazas.<\/span><br \/>\n<span style=\"color: #ffffff;\">\u00b7 Registrar los datos obtenidos para que sean comparables en el tiempo y ver su evoluci\u00f3n.<br \/>\n\u00b7 Revisar que no haya ninguna patolog\u00eda dental <strong>, como pueden ser las caries, la gingivitis o periodontitis, las anomal\u00edas en los huesos, las enfermedades de los tejidos blandos, el bruxismo, las disfunciones de la ATM o el c\u00e1ncer oral.<\/strong><\/span><br \/>\n<span style=\"color: #ffffff;\">\u00b7 Concertar la pr\u00f3xima cita para evitar la discontinuidad de la prevenci\u00f3n o dar hora con los doctores en caso necesario.<\/span>[\/vc_column_text][vc_single_image image=\u00bb1430&#8243; img_size=\u00bbfull\u00bb][\/vc_column][\/vc_row][vc_row row_type=\u00bbrow\u00bb use_row_as_full_screen_section=\u00bbno\u00bb type=\u00bbfull_width\u00bb angled_section=\u00bbno\u00bb text_align=\u00bbleft\u00bb background_image_as_pattern=\u00bbwithout_pattern\u00bb][vc_column][vc_empty_space height=\u00bb80px\u00bb][\/vc_column][\/vc_row][vc_row row_type=\u00bbrow\u00bb use_row_as_full_screen_section=\u00bbno\u00bb type=\u00bbfull_width\u00bb angled_section=\u00bbno\u00bb text_align=\u00bbleft\u00bb background_image_as_pattern=\u00bbwithout_pattern\u00bb][vc_column][vc_column_text]<\/p>\n<h5 style=\"text-align: justify;\"><strong>Si hace m\u00e1s de un a\u00f1o que no visitas al dentista, \u00a1ll\u00e1manos y pide tu visita de higiene y revisi\u00f3n!<\/strong><\/h5>\n<p>[\/vc_column_text][vc_row_inner][vc_column_inner][\/vc_column_inner][\/vc_row_inner][\/vc_column][\/vc_row]<\/p>\n<\/section>","protected":false},"excerpt":{"rendered":"<p>[vc_row full_width=\u00bbstretch_row_content_no_spaces\u00bb row_type=\u00bbrow\u00bb use_row_as_full_screen_section=\u00bbno\u00bb type=\u00bbfull_width\u00bb angled_section=\u00bbno\u00bb text_align=\u00bbleft\u00bb background_image_as_pattern=\u00bbwithout_pattern\u00bb css=\u00bb.vc_custom_1646324597658{background-color: rgba(77,98,82,0.77) !important;*background-color: rgb(77,98,82) !important;}\u00bb][vc_column][vc_empty_space height=\u00bb120px\u00bb][\/vc_column][\/vc_row][vc_row row_type=\u00bbrow\u00bb use_row_as_full_screen_section=\u00bbno\u00bb type=\u00bbfull_width\u00bb angled_section=\u00bbno\u00bb text_align=\u00bbleft\u00bb background_image_as_pattern=\u00bbwithout_pattern\u00bb css=\u00bb.vc_custom_1662748832940{padding-top: 30px !important;}\u00bb][vc_column width=\u00bb1\/4&#8243;][vc_column_text] PREVENCI\u00d3N [\/vc_column_text][vc_separator color=\u00bbblack\u00bb align=\u00bbalign_left\u00bb border_width=\u00bb8&#8243; el_width=\u00bb60&#8243; css=\u00bb.vc_custom_1662720698269{margin-top: -30px !important;padding-top: -30px !important;}\u00bb][vc_empty_space][\/vc_column][vc_column width=\u00bb3\/4&#8243;][vc_column_text] \u00a1La prevenci\u00f3n y la higiene bucodental son el camino para disfrutar siempre de una buena salud dental! \u00c9ste es [&hellip;]<\/p>\n","protected":false},"author":1,"featured_media":0,"parent":1834,"menu_order":54,"comment_status":"closed","ping_status":"closed","template":"","meta":{"_acf_changed":false,"footnotes":""},"class_list":["post-1930","page","type-page","status-publish","hentry"],"acf":[],"yoast_head":"<!-- This site is optimized with the Yoast SEO plugin v22.0 - https:\/\/yoast.com\/wordpress\/plugins\/seo\/ -->\n<title>Prevenci\u00f3n en Palafrugell - Cl\u00ednica Dental Gaset Lacasa - Dentista Palafrugell<\/title>\n<meta name=\"description\" content=\"El equipo de profesionales de la Cl\u00ednica Dental Gaset Lacasa son mujeres y hombres con formaci\u00f3n y experiencia orientados a darle soluciones.\" \/>\n<meta name=\"robots\" content=\"index, follow, max-snippet:-1, max-image-preview:large, max-video-preview:-1\" \/>\n<link rel=\"canonical\" href=\"https:\/\/gasetlacasa.com\/es\/tratamientos\/prevencion\/\" \/>\n<meta property=\"og:locale\" content=\"es_ES\" \/>\n<meta property=\"og:type\" content=\"article\" \/>\n<meta property=\"og:title\" content=\"Prevenci\u00f3n en Palafrugell - Cl\u00ednica Dental Gaset Lacasa - Dentista Palafrugell\" \/>\n<meta property=\"og:description\" content=\"El equipo de profesionales de la Cl\u00ednica Dental Gaset Lacasa son mujeres y hombres con formaci\u00f3n y experiencia orientados a darle soluciones.\" \/>\n<meta property=\"og:url\" content=\"https:\/\/gasetlacasa.com\/es\/tratamientos\/prevencion\/\" \/>\n<meta property=\"og:site_name\" content=\"Cl\u00ednica Dental Gaset Lacasa - Dentista Palafrugell\" \/>\n<meta property=\"article:modified_time\" content=\"2024-09-09T13:48:44+00:00\" \/>\n<meta name=\"twitter:card\" content=\"summary_large_image\" \/>\n<meta name=\"twitter:label1\" content=\"Tiempo de lectura\" \/>\n\t<meta name=\"twitter:data1\" content=\"5 minutos\" \/>\n<script type=\"application\/ld+json\" class=\"yoast-schema-graph\">{\"@context\":\"https:\/\/schema.org\",\"@graph\":[{\"@type\":\"WebPage\",\"@id\":\"https:\/\/gasetlacasa.com\/es\/tratamientos\/prevencion\/\",\"url\":\"https:\/\/gasetlacasa.com\/es\/tratamientos\/prevencion\/\",\"name\":\"Prevenci\u00f3n en Palafrugell - Cl\u00ednica Dental Gaset Lacasa - Dentista Palafrugell\",\"isPartOf\":{\"@id\":\"https:\/\/gasetlacasa.com\/#website\"},\"datePublished\":\"2023-07-05T16:03:58+00:00\",\"dateModified\":\"2024-09-09T13:48:44+00:00\",\"description\":\"El equipo de profesionales de la Cl\u00ednica Dental Gaset Lacasa son mujeres y hombres con formaci\u00f3n y experiencia orientados a darle soluciones.\",\"breadcrumb\":{\"@id\":\"https:\/\/gasetlacasa.com\/es\/tratamientos\/prevencion\/#breadcrumb\"},\"inLanguage\":\"es\",\"potentialAction\":[{\"@type\":\"ReadAction\",\"target\":[\"https:\/\/gasetlacasa.com\/es\/tratamientos\/prevencion\/\"]}]},{\"@type\":\"BreadcrumbList\",\"@id\":\"https:\/\/gasetlacasa.com\/es\/tratamientos\/prevencion\/#breadcrumb\",\"itemListElement\":[{\"@type\":\"ListItem\",\"position\":1,\"name\":\"Inici\",\"item\":\"https:\/\/gasetlacasa.com\/es\/\"},{\"@type\":\"ListItem\",\"position\":2,\"name\":\"Tratamientos\",\"item\":\"https:\/\/gasetlacasa.com\/es\/tratamientos\/\"},{\"@type\":\"ListItem\",\"position\":3,\"name\":\"Prevenci\u00f3n\"}]},{\"@type\":\"WebSite\",\"@id\":\"https:\/\/gasetlacasa.com\/#website\",\"url\":\"https:\/\/gasetlacasa.com\/\",\"name\":\"Cl\u00ednica Dental Gaset Lacasa - Dentista Palafrugell\",\"description\":\"Cl\u00ednica Dental Gaset Lacasa - Dentista a Palafrugell\",\"potentialAction\":[{\"@type\":\"SearchAction\",\"target\":{\"@type\":\"EntryPoint\",\"urlTemplate\":\"https:\/\/gasetlacasa.com\/?s={search_term_string}\"},\"query-input\":\"required name=search_term_string\"}],\"inLanguage\":\"es\"}]}<\/script>\n<!-- \/ Yoast SEO plugin. -->","yoast_head_json":{"title":"Prevenci\u00f3n en Palafrugell - Cl\u00ednica Dental Gaset Lacasa - Dentista Palafrugell","description":"El equipo de profesionales de la Cl\u00ednica Dental Gaset Lacasa son mujeres y hombres con formaci\u00f3n y experiencia orientados a darle soluciones.","robots":{"index":"index","follow":"follow","max-snippet":"max-snippet:-1","max-image-preview":"max-image-preview:large","max-video-preview":"max-video-preview:-1"},"canonical":"https:\/\/gasetlacasa.com\/es\/tratamientos\/prevencion\/","og_locale":"es_ES","og_type":"article","og_title":"Prevenci\u00f3n en Palafrugell - Cl\u00ednica Dental Gaset Lacasa - Dentista Palafrugell","og_description":"El equipo de profesionales de la Cl\u00ednica Dental Gaset Lacasa son mujeres y hombres con formaci\u00f3n y experiencia orientados a darle soluciones.","og_url":"https:\/\/gasetlacasa.com\/es\/tratamientos\/prevencion\/","og_site_name":"Cl\u00ednica Dental Gaset Lacasa - Dentista Palafrugell","article_modified_time":"2024-09-09T13:48:44+00:00","twitter_card":"summary_large_image","twitter_misc":{"Tiempo de lectura":"5 minutos"},"schema":{"@context":"https:\/\/schema.org","@graph":[{"@type":"WebPage","@id":"https:\/\/gasetlacasa.com\/es\/tratamientos\/prevencion\/","url":"https:\/\/gasetlacasa.com\/es\/tratamientos\/prevencion\/","name":"Prevenci\u00f3n en Palafrugell - Cl\u00ednica Dental Gaset Lacasa - Dentista Palafrugell","isPartOf":{"@id":"https:\/\/gasetlacasa.com\/#website"},"datePublished":"2023-07-05T16:03:58+00:00","dateModified":"2024-09-09T13:48:44+00:00","description":"El equipo de profesionales de la Cl\u00ednica Dental Gaset Lacasa son mujeres y hombres con formaci\u00f3n y experiencia orientados a darle soluciones.","breadcrumb":{"@id":"https:\/\/gasetlacasa.com\/es\/tratamientos\/prevencion\/#breadcrumb"},"inLanguage":"es","potentialAction":[{"@type":"ReadAction","target":["https:\/\/gasetlacasa.com\/es\/tratamientos\/prevencion\/"]}]},{"@type":"BreadcrumbList","@id":"https:\/\/gasetlacasa.com\/es\/tratamientos\/prevencion\/#breadcrumb","itemListElement":[{"@type":"ListItem","position":1,"name":"Inici","item":"https:\/\/gasetlacasa.com\/es\/"},{"@type":"ListItem","position":2,"name":"Tratamientos","item":"https:\/\/gasetlacasa.com\/es\/tratamientos\/"},{"@type":"ListItem","position":3,"name":"Prevenci\u00f3n"}]},{"@type":"WebSite","@id":"https:\/\/gasetlacasa.com\/#website","url":"https:\/\/gasetlacasa.com\/","name":"Cl\u00ednica Dental Gaset Lacasa - Dentista Palafrugell","description":"Cl\u00ednica Dental Gaset Lacasa - Dentista a Palafrugell","potentialAction":[{"@type":"SearchAction","target":{"@type":"EntryPoint","urlTemplate":"https:\/\/gasetlacasa.com\/?s={search_term_string}"},"query-input":"required name=search_term_string"}],"inLanguage":"es"}]}},"_links":{"self":[{"href":"https:\/\/gasetlacasa.com\/es\/wp-json\/wp\/v2\/pages\/1930","targetHints":{"allow":["GET"]}}],"collection":[{"href":"https:\/\/gasetlacasa.com\/es\/wp-json\/wp\/v2\/pages"}],"about":[{"href":"https:\/\/gasetlacasa.com\/es\/wp-json\/wp\/v2\/types\/page"}],"author":[{"embeddable":true,"href":"https:\/\/gasetlacasa.com\/es\/wp-json\/wp\/v2\/users\/1"}],"replies":[{"embeddable":true,"href":"https:\/\/gasetlacasa.com\/es\/wp-json\/wp\/v2\/comments?post=1930"}],"version-history":[{"count":10,"href":"https:\/\/gasetlacasa.com\/es\/wp-json\/wp\/v2\/pages\/1930\/revisions"}],"predecessor-version":[{"id":4040,"href":"https:\/\/gasetlacasa.com\/es\/wp-json\/wp\/v2\/pages\/1930\/revisions\/4040"}],"up":[{"embeddable":true,"href":"https:\/\/gasetlacasa.com\/es\/wp-json\/wp\/v2\/pages\/1834"}],"wp:attachment":[{"href":"https:\/\/gasetlacasa.com\/es\/wp-json\/wp\/v2\/media?parent=1930"}],"curies":[{"name":"wp","href":"https:\/\/api.w.org\/{rel}","templated":true}]}}