{"id":1927,"date":"2023-07-05T18:00:08","date_gmt":"2023-07-05T16:00:08","guid":{"rendered":"http:\/\/web2022.gasetlacasa.com\/tratamientos\/periodoncia\/"},"modified":"2024-09-09T16:02:52","modified_gmt":"2024-09-09T14:02:52","slug":"periodoncia","status":"publish","type":"page","link":"https:\/\/gasetlacasa.com\/es\/tratamientos\/periodoncia\/","title":{"rendered":"Periodoncia"},"content":{"rendered":"<section class=\"wpb-content-wrapper\"><p>[vc_row full_width=\u00bbstretch_row_content_no_spaces\u00bb row_type=\u00bbrow\u00bb use_row_as_full_screen_section=\u00bbno\u00bb type=\u00bbfull_width\u00bb angled_section=\u00bbno\u00bb text_align=\u00bbleft\u00bb background_image_as_pattern=\u00bbwithout_pattern\u00bb css=\u00bb.vc_custom_1646324597658{background-color: rgba(77,98,82,0.77) !important;*background-color: rgb(77,98,82) !important;}\u00bb][vc_column][vc_empty_space height=\u00bb120px\u00bb][\/vc_column][\/vc_row][vc_row row_type=\u00bbrow\u00bb use_row_as_full_screen_section=\u00bbno\u00bb type=\u00bbfull_width\u00bb angled_section=\u00bbno\u00bb text_align=\u00bbleft\u00bb background_image_as_pattern=\u00bbwithout_pattern\u00bb css=\u00bb.vc_custom_1662748832940{padding-top: 30px !important;}\u00bb][vc_column width=\u00bb1\/4&#8243;][vc_column_text]<\/p>\n<h2 class=\"fontequip\" style=\"text-align: left;\">PERIODONCIA<\/h2>\n<p>[\/vc_column_text][vc_separator color=\u00bbblack\u00bb align=\u00bbalign_left\u00bb border_width=\u00bb8&#8243; el_width=\u00bb60&#8243; css=\u00bb.vc_custom_1662720698269{margin-top: -30px !important;padding-top: -30px !important;}\u00bb][vc_empty_space][\/vc_column][vc_column width=\u00bb3\/4&#8243;][vc_column_text]<\/p>\n<p style=\"text-align: right;\"><strong>La periodoncia es la rama de la odontolog\u00eda que se encarga del estudio de las enc\u00edas y de mantenerlas sanas. Una buena higiene y salud de nuestras enc\u00edas es clave para que otros tratamientos odontol\u00f3gicos, como la ortodoncia, los implantes o la est\u00e9tica, tengan \u00e9xito. <\/strong><\/p>\n<p>[\/vc_column_text][vc_empty_space][\/vc_column][\/vc_row][vc_row row_type=\u00bbrow\u00bb use_row_as_full_screen_section=\u00bbno\u00bb type=\u00bbfull_width\u00bb angled_section=\u00bbno\u00bb text_align=\u00bbleft\u00bb background_image_as_pattern=\u00bbwithout_pattern\u00bb][vc_column][vc_column_text]<\/p>\n<p style=\"text-align: justify;\">Por este motivo, en la Cl\u00ednica Dental Gaset Lacasa damos mucha importancia a esta especialidad. La <strong>Dra. Mireia Mart\u00ed<\/strong>, periodoncista de la cl\u00ednica, junto con los higienistas bucodentales, <strong>M\u00edriam Bonada<\/strong> y <strong>\u00c1lvaro Torres<\/strong>, se encargan de <strong>analizar, diagnosticar y tratar las enfermedades periodontales<\/strong> as\u00ed como de <strong>dar las pautas correctas de higiene y mantenimiento oral correcto<\/strong> para que nuestros pacientes puedan cuidar de su boca.<\/p>\n<p>[\/vc_column_text][vc_empty_space][\/vc_column][\/vc_row][vc_row row_type=\u00bbrow\u00bb use_row_as_full_screen_section=\u00bbno\u00bb type=\u00bbfull_width\u00bb angled_section=\u00bbno\u00bb text_align=\u00bbleft\u00bb background_image_as_pattern=\u00bbwithout_pattern\u00bb][vc_column width=\u00bb1\/2&#8243;][vc_single_image image=\u00bb3845&#8243; img_size=\u00bbfull\u00bb][\/vc_column][vc_column width=\u00bb1\/2&#8243;][vc_column_text]<\/p>\n<h5 style=\"text-align: left;\">\u00bfCU\u00c1LES SON LAS PRINCIPALES ENFERMEDADES DE LAS ENC\u00cdAS?<\/h5>\n<p>&nbsp;<\/p>\n<p id=\"tw-target-text\" class=\"tw-data-text tw-text-large tw-ta\" dir=\"ltr\" style=\"text-align: justify;\" data-placeholder=\"Traducci\u00f3n\"><span class=\"Y2IQFc\" lang=\"ca\">Antes de describir las dos grandes enfermedades de las enc\u00edas (la <strong>gingivitis<\/strong> y la <strong>periodontitis<\/strong>), creemos oportuno mencionar las caracter\u00edsticas de una <strong>enc\u00eda normal y sana<\/strong>, las cuales ser\u00edan, principalmente, un color rosado, aspecto punteado (lo que coloquialmente se conoce como aspecto de piel de naranja), margen fino con contorno fistoneado y consistencia firme.<\/span><\/p>\n<p>[\/vc_column_text][\/vc_column][\/vc_row][vc_row row_type=\u00bbrow\u00bb use_row_as_full_screen_section=\u00bbno\u00bb type=\u00bbfull_width\u00bb angled_section=\u00bbno\u00bb text_align=\u00bbleft\u00bb background_image_as_pattern=\u00bbwithout_pattern\u00bb css=\u00bb.vc_custom_1662765311289{padding-top: 100px !important;padding-bottom: 100px !important;}\u00bb][vc_column width=\u00bb1\/2&#8243;][vc_column_text]<b>\u00bfQu\u00e9 es la gingivitis?<\/b>[\/vc_column_text][vc_column_text]<\/p>\n<p id=\"tw-target-text\" class=\"tw-data-text tw-text-large tw-ta\" dir=\"ltr\" data-placeholder=\"Traducci\u00f3n\"><span class=\"Y2IQFc\" lang=\"ca\">La gingivitis es una de las enfermedades que padecen m\u00e1s personas en todo el mundo y se describe como la <strong>inflamaci\u00f3n del tejido gingival<\/strong> . Como en toda inflamaci\u00f3n, los s\u00edntomas son <strong>rubor, calor, dolor, aumento de tama\u00f1o e impotencia funcional<\/strong> . La gingivitis viene ocasionada por una <strong>deficiente higiene bucodental<\/strong> y la consecuente acumulaci\u00f3n de placa dental y de la acci\u00f3n de los microorganismos que la conforman. <\/span><\/p>\n<p>[\/vc_column_text][vc_row_inner css=\u00bb.vc_custom_1662765709949{margin-top: -350px !important;margin-right: 100px !important;margin-left: -300px !important;background-color: #efefef !important;}\u00bb][vc_column_inner][vc_empty_space height=\u00bb350px\u00bb][\/vc_column_inner][\/vc_row_inner][\/vc_column][vc_column width=\u00bb1\/2&#8243;][vc_single_image image=\u00bb4010&#8243; img_size=\u00bbfull\u00bb][\/vc_column][\/vc_row][vc_row row_type=\u00bbrow\u00bb use_row_as_full_screen_section=\u00bbno\u00bb type=\u00bbfull_width\u00bb angled_section=\u00bbno\u00bb text_align=\u00bbleft\u00bb background_image_as_pattern=\u00bbwithout_pattern\u00bb][vc_column width=\u00bb1\/2&#8243;][vc_single_image image=\u00bb3824&#8243; img_size=\u00bbfull\u00bb][\/vc_column][vc_column width=\u00bb1\/2&#8243;][vc_column_text]<strong>La periodontitis y sus efectos<\/strong>[\/vc_column_text][vc_column_text]<\/p>\n<p id=\"tw-target-text\" class=\"tw-data-text tw-text-large tw-ta\" dir=\"ltr\" style=\"text-align: justify;\" data-placeholder=\"Traducci\u00f3n\"><span class=\"Y2IQFc\" lang=\"ca\">La periodontitis tiene lugar cuando la placa contin\u00faa su crecimiento en profundidad y se establece subgingival, <strong>entre la enc\u00eda y la ra\u00edz del diente<\/strong>, llegando a destruir el hueso alveolar. A diferencia de la gingivitis, <strong>la periodontitis y sus consecuencias son irreversibles<\/strong>, pero existen tratamientos que pueden <strong>frenar su evoluci\u00f3n<\/strong>.<\/span><\/p>\n<p>[\/vc_column_text][\/vc_column][\/vc_row][vc_row row_type=\u00bbrow\u00bb use_row_as_full_screen_section=\u00bbno\u00bb type=\u00bbfull_width\u00bb angled_section=\u00bbno\u00bb text_align=\u00bbleft\u00bb background_image_as_pattern=\u00bbwithout_pattern\u00bb][vc_column][vc_empty_space][\/vc_column][\/vc_row][vc_row row_type=\u00bbrow\u00bb use_row_as_full_screen_section=\u00bbno\u00bb type=\u00bbfull_width\u00bb angled_section=\u00bbno\u00bb text_align=\u00bbleft\u00bb background_image_as_pattern=\u00bbwithout_pattern\u00bb css=\u00bb.vc_custom_1662748575145{padding-top: 100px !important;padding-bottom: 100px !important;}\u00bb][vc_column width=\u00bb1\/2&#8243;][vc_column_text]<strong>Entonces, \u00bfla enfermedad periodontal aparece s\u00f3lo cuando no hay una buena higiene?<\/strong><\/p>\n<p>La presencia de bacterias presentes en la boca son la principal causa de que nuestras enc\u00edas enfermen. Sin embargo, existen otros factores que pueden hacer que \u00e9sta se desarrolle:<\/p>\n<ul>\n<li>Predisposici\u00f3n gen\u00e9tica.<\/li>\n<li>Consumo de tabaco.<\/li>\n<li>Estr\u00e9s.<\/li>\n<li>Enfermedades sist\u00e9micas.<\/li>\n<li>Sistema inmunol\u00f3gico d\u00e9bil.<\/li>\n<li>Cambios hormonales.<\/li>\n<li>Embarazo.<\/li>\n<li>Etc.<\/li>\n<\/ul>\n<p>[\/vc_column_text][vc_row_inner css=\u00bb.vc_custom_1663238770473{margin-top: -550px !important;margin-right: -100px !important;margin-left: -300px !important;background-color: #efefef !important;}\u00bb][vc_column_inner][vc_empty_space height=\u00bb550px\u00bb][\/vc_column_inner][\/vc_row_inner][\/vc_column][vc_column width=\u00bb1\/2&#8243;][vc_single_image image=\u00bb3860&#8243; img_size=\u00bbfull\u00bb][\/vc_column][\/vc_row][vc_row row_type=\u00bbrow\u00bb use_row_as_full_screen_section=\u00bbno\u00bb type=\u00bbfull_width\u00bb angled_section=\u00bbno\u00bb text_align=\u00bbleft\u00bb background_image_as_pattern=\u00bbwithout_pattern\u00bb][vc_column][vc_empty_space][\/vc_column][\/vc_row][vc_row row_type=\u00bbrow\u00bb use_row_as_full_screen_section=\u00bbno\u00bb type=\u00bbfull_width\u00bb angled_section=\u00bbno\u00bb text_align=\u00bbleft\u00bb background_image_as_pattern=\u00bbwithout_pattern\u00bb][vc_column width=\u00bb1\/2&#8243; offset=\u00bbvc_hidden-sm vc_hidden-xs\u00bb][vc_single_image image=\u00bb1595&#8243; img_size=\u00bbfull\u00bb][\/vc_column][vc_column width=\u00bb1\/2&#8243; css=\u00bb.vc_custom_1703676351741{margin-top: 50px !important;margin-left: -50px !important;background-color: #000000 !important;}\u00bb offset=\u00bbvc_hidden-sm vc_hidden-xs\u00bb][vc_column_text]<span style=\"color: #ffffff;\"><strong>\u00bfY c\u00f3mo puedo saber si necesito una visita con la Dra. Mart\u00ed?<\/strong><\/span><\/p>\n<p><span style=\"color: #ffffff;\">Aunque es una enfermedad silenciosa ya que en la mayor\u00eda de casos es indolora, s\u00ed presenta algunos s\u00edntomas que nos pueden poner en alerta:<\/span><\/p>\n<ul>\n<li><span style=\"color: #ffffff;\">Sangrado de enc\u00edas.<\/span><\/li>\n<li><span style=\"color: #ffffff;\">Mal aliento.<\/span><\/li>\n<li><span style=\"color: #ffffff;\">Hipersensibilidad al fr\u00edo.<\/span><\/li>\n<li><span style=\"color: #ffffff;\">P\u00e9rdida de enc\u00eda y aparici\u00f3n de tri\u00e1ngulos negros (las llamadas troneras).<\/span><\/li>\n<li><span style=\"color: #ffffff;\">Movilidad dental.<\/span><\/li>\n<li><span style=\"color: #ffffff;\">Aparici\u00f3n de abscesos o flemones.<\/span><\/li>\n<\/ul>\n<p><strong><span style=\"color: #ffffff;\">Si presentas uno o m\u00e1s de estos s\u00edntomas, \u00a1ll\u00e1manos y te daremos hora con el equipo de periodoncia para valorar tu caso!<\/span><\/strong>[\/vc_column_text][\/vc_column][\/vc_row][vc_row row_type=\u00bbrow\u00bb use_row_as_full_screen_section=\u00bbno\u00bb type=\u00bbfull_width\u00bb angled_section=\u00bbno\u00bb text_align=\u00bbleft\u00bb background_image_as_pattern=\u00bbwithout_pattern\u00bb][vc_column css=\u00bb.vc_custom_1703676339970{background-color: #000000 !important;}\u00bb offset=\u00bbvc_hidden-lg vc_hidden-md\u00bb][vc_column_text]<span style=\"color: #ffffff;\"><strong>\u00bfY c\u00f3mo puedo saber si necesito una visita con la Dra. Mart\u00ed?<\/strong><\/span><\/p>\n<p><span style=\"color: #ffffff;\">Aunque es una enfermedad silenciosa ya que en la mayor\u00eda de casos es indolora, s\u00ed presenta algunos s\u00edntomas que nos pueden poner en alerta:<\/span><\/p>\n<ul>\n<li><span style=\"color: #ffffff;\">Sangrado de enc\u00edas.<\/span><\/li>\n<li><span style=\"color: #ffffff;\">Mal aliento.<\/span><\/li>\n<li><span style=\"color: #ffffff;\">Hipersensibilidad al fr\u00edo.<\/span><\/li>\n<li><span style=\"color: #ffffff;\">P\u00e9rdida de enc\u00eda y aparici\u00f3n de tri\u00e1ngulos negros (las llamadas troneras).<\/span><\/li>\n<li><span style=\"color: #ffffff;\">Movilidad dental.<\/span><\/li>\n<li><span style=\"color: #ffffff;\">Aparici\u00f3n de abscesos o flemones.<\/span><\/li>\n<\/ul>\n<p><strong><span style=\"color: #ffffff;\">Si presentas uno o m\u00e1s de estos s\u00edntomas, \u00a1ll\u00e1manos y te daremos hora con el equipo de periodoncia para valorar tu caso!<\/span><\/strong>[\/vc_column_text][vc_single_image image=\u00bb1428&#8243; img_size=\u00bbfull\u00bb][\/vc_column][\/vc_row][vc_row row_type=\u00bbrow\u00bb use_row_as_full_screen_section=\u00bbno\u00bb type=\u00bbfull_width\u00bb angled_section=\u00bbno\u00bb text_align=\u00bbleft\u00bb background_image_as_pattern=\u00bbwithout_pattern\u00bb][vc_column][vc_empty_space][\/vc_column][\/vc_row][vc_row row_type=\u00bbrow\u00bb use_row_as_full_screen_section=\u00bbno\u00bb type=\u00bbfull_width\u00bb angled_section=\u00bbno\u00bb text_align=\u00bbleft\u00bb background_image_as_pattern=\u00bbwithout_pattern\u00bb][vc_column][vc_empty_space][\/vc_column][\/vc_row]<\/p>\n<\/section>","protected":false},"excerpt":{"rendered":"<p>[vc_row full_width=\u00bbstretch_row_content_no_spaces\u00bb row_type=\u00bbrow\u00bb use_row_as_full_screen_section=\u00bbno\u00bb type=\u00bbfull_width\u00bb angled_section=\u00bbno\u00bb text_align=\u00bbleft\u00bb background_image_as_pattern=\u00bbwithout_pattern\u00bb css=\u00bb.vc_custom_1646324597658{background-color: rgba(77,98,82,0.77) !important;*background-color: rgb(77,98,82) !important;}\u00bb][vc_column][vc_empty_space height=\u00bb120px\u00bb][\/vc_column][\/vc_row][vc_row row_type=\u00bbrow\u00bb use_row_as_full_screen_section=\u00bbno\u00bb type=\u00bbfull_width\u00bb angled_section=\u00bbno\u00bb text_align=\u00bbleft\u00bb background_image_as_pattern=\u00bbwithout_pattern\u00bb css=\u00bb.vc_custom_1662748832940{padding-top: 30px !important;}\u00bb][vc_column width=\u00bb1\/4&#8243;][vc_column_text] PERIODONCIA [\/vc_column_text][vc_separator color=\u00bbblack\u00bb align=\u00bbalign_left\u00bb border_width=\u00bb8&#8243; el_width=\u00bb60&#8243; css=\u00bb.vc_custom_1662720698269{margin-top: -30px !important;padding-top: -30px !important;}\u00bb][vc_empty_space][\/vc_column][vc_column width=\u00bb3\/4&#8243;][vc_column_text] La periodoncia es la rama de la odontolog\u00eda que se encarga del estudio de las enc\u00edas y de mantenerlas [&hellip;]<\/p>\n","protected":false},"author":1,"featured_media":0,"parent":1834,"menu_order":54,"comment_status":"closed","ping_status":"closed","template":"","meta":{"_acf_changed":false,"footnotes":""},"class_list":["post-1927","page","type-page","status-publish","hentry"],"acf":[],"yoast_head":"<!-- This site is optimized with the Yoast SEO plugin v22.0 - https:\/\/yoast.com\/wordpress\/plugins\/seo\/ -->\n<title>Periodoncia en Palafrugell - Cl\u00ednica Dental Gaset Lacasa - Dentista Palafrugell<\/title>\n<meta name=\"description\" content=\"El equipo de profesionales de la Cl\u00ednica Dental Gaset Lacasa son mujeres y hombres con formaci\u00f3n y experiencia orientados a darle soluciones.\" \/>\n<meta name=\"robots\" content=\"index, follow, max-snippet:-1, max-image-preview:large, max-video-preview:-1\" \/>\n<link rel=\"canonical\" href=\"https:\/\/gasetlacasa.com\/es\/tratamientos\/periodoncia\/\" \/>\n<meta property=\"og:locale\" content=\"es_ES\" \/>\n<meta property=\"og:type\" content=\"article\" \/>\n<meta property=\"og:title\" content=\"Periodoncia en Palafrugell - Cl\u00ednica Dental Gaset Lacasa - Dentista Palafrugell\" \/>\n<meta property=\"og:description\" content=\"El equipo de profesionales de la Cl\u00ednica Dental Gaset Lacasa son mujeres y hombres con formaci\u00f3n y experiencia orientados a darle soluciones.\" \/>\n<meta property=\"og:url\" content=\"https:\/\/gasetlacasa.com\/es\/tratamientos\/periodoncia\/\" \/>\n<meta property=\"og:site_name\" content=\"Cl\u00ednica Dental Gaset Lacasa - Dentista Palafrugell\" \/>\n<meta property=\"article:modified_time\" content=\"2024-09-09T14:02:52+00:00\" \/>\n<meta name=\"twitter:card\" content=\"summary_large_image\" \/>\n<meta name=\"twitter:label1\" content=\"Tiempo de lectura\" \/>\n\t<meta name=\"twitter:data1\" content=\"4 minutos\" \/>\n<script type=\"application\/ld+json\" class=\"yoast-schema-graph\">{\"@context\":\"https:\/\/schema.org\",\"@graph\":[{\"@type\":\"WebPage\",\"@id\":\"https:\/\/gasetlacasa.com\/es\/tratamientos\/periodoncia\/\",\"url\":\"https:\/\/gasetlacasa.com\/es\/tratamientos\/periodoncia\/\",\"name\":\"Periodoncia en Palafrugell - Cl\u00ednica Dental Gaset Lacasa - Dentista Palafrugell\",\"isPartOf\":{\"@id\":\"https:\/\/gasetlacasa.com\/#website\"},\"datePublished\":\"2023-07-05T16:00:08+00:00\",\"dateModified\":\"2024-09-09T14:02:52+00:00\",\"description\":\"El equipo de profesionales de la Cl\u00ednica Dental Gaset Lacasa son mujeres y hombres con formaci\u00f3n y experiencia orientados a darle soluciones.\",\"breadcrumb\":{\"@id\":\"https:\/\/gasetlacasa.com\/es\/tratamientos\/periodoncia\/#breadcrumb\"},\"inLanguage\":\"es\",\"potentialAction\":[{\"@type\":\"ReadAction\",\"target\":[\"https:\/\/gasetlacasa.com\/es\/tratamientos\/periodoncia\/\"]}]},{\"@type\":\"BreadcrumbList\",\"@id\":\"https:\/\/gasetlacasa.com\/es\/tratamientos\/periodoncia\/#breadcrumb\",\"itemListElement\":[{\"@type\":\"ListItem\",\"position\":1,\"name\":\"Inici\",\"item\":\"https:\/\/gasetlacasa.com\/es\/\"},{\"@type\":\"ListItem\",\"position\":2,\"name\":\"Tratamientos\",\"item\":\"https:\/\/gasetlacasa.com\/es\/tratamientos\/\"},{\"@type\":\"ListItem\",\"position\":3,\"name\":\"Periodoncia\"}]},{\"@type\":\"WebSite\",\"@id\":\"https:\/\/gasetlacasa.com\/#website\",\"url\":\"https:\/\/gasetlacasa.com\/\",\"name\":\"Cl\u00ednica Dental Gaset Lacasa - Dentista Palafrugell\",\"description\":\"Cl\u00ednica Dental Gaset Lacasa - Dentista a Palafrugell\",\"potentialAction\":[{\"@type\":\"SearchAction\",\"target\":{\"@type\":\"EntryPoint\",\"urlTemplate\":\"https:\/\/gasetlacasa.com\/?s={search_term_string}\"},\"query-input\":\"required name=search_term_string\"}],\"inLanguage\":\"es\"}]}<\/script>\n<!-- \/ Yoast SEO plugin. -->","yoast_head_json":{"title":"Periodoncia en Palafrugell - Cl\u00ednica Dental Gaset Lacasa - Dentista Palafrugell","description":"El equipo de profesionales de la Cl\u00ednica Dental Gaset Lacasa son mujeres y hombres con formaci\u00f3n y experiencia orientados a darle soluciones.","robots":{"index":"index","follow":"follow","max-snippet":"max-snippet:-1","max-image-preview":"max-image-preview:large","max-video-preview":"max-video-preview:-1"},"canonical":"https:\/\/gasetlacasa.com\/es\/tratamientos\/periodoncia\/","og_locale":"es_ES","og_type":"article","og_title":"Periodoncia en Palafrugell - Cl\u00ednica Dental Gaset Lacasa - Dentista Palafrugell","og_description":"El equipo de profesionales de la Cl\u00ednica Dental Gaset Lacasa son mujeres y hombres con formaci\u00f3n y experiencia orientados a darle soluciones.","og_url":"https:\/\/gasetlacasa.com\/es\/tratamientos\/periodoncia\/","og_site_name":"Cl\u00ednica Dental Gaset Lacasa - Dentista Palafrugell","article_modified_time":"2024-09-09T14:02:52+00:00","twitter_card":"summary_large_image","twitter_misc":{"Tiempo de lectura":"4 minutos"},"schema":{"@context":"https:\/\/schema.org","@graph":[{"@type":"WebPage","@id":"https:\/\/gasetlacasa.com\/es\/tratamientos\/periodoncia\/","url":"https:\/\/gasetlacasa.com\/es\/tratamientos\/periodoncia\/","name":"Periodoncia en Palafrugell - Cl\u00ednica Dental Gaset Lacasa - Dentista Palafrugell","isPartOf":{"@id":"https:\/\/gasetlacasa.com\/#website"},"datePublished":"2023-07-05T16:00:08+00:00","dateModified":"2024-09-09T14:02:52+00:00","description":"El equipo de profesionales de la Cl\u00ednica Dental Gaset Lacasa son mujeres y hombres con formaci\u00f3n y experiencia orientados a darle soluciones.","breadcrumb":{"@id":"https:\/\/gasetlacasa.com\/es\/tratamientos\/periodoncia\/#breadcrumb"},"inLanguage":"es","potentialAction":[{"@type":"ReadAction","target":["https:\/\/gasetlacasa.com\/es\/tratamientos\/periodoncia\/"]}]},{"@type":"BreadcrumbList","@id":"https:\/\/gasetlacasa.com\/es\/tratamientos\/periodoncia\/#breadcrumb","itemListElement":[{"@type":"ListItem","position":1,"name":"Inici","item":"https:\/\/gasetlacasa.com\/es\/"},{"@type":"ListItem","position":2,"name":"Tratamientos","item":"https:\/\/gasetlacasa.com\/es\/tratamientos\/"},{"@type":"ListItem","position":3,"name":"Periodoncia"}]},{"@type":"WebSite","@id":"https:\/\/gasetlacasa.com\/#website","url":"https:\/\/gasetlacasa.com\/","name":"Cl\u00ednica Dental Gaset Lacasa - Dentista Palafrugell","description":"Cl\u00ednica Dental Gaset Lacasa - Dentista a Palafrugell","potentialAction":[{"@type":"SearchAction","target":{"@type":"EntryPoint","urlTemplate":"https:\/\/gasetlacasa.com\/?s={search_term_string}"},"query-input":"required name=search_term_string"}],"inLanguage":"es"}]}},"_links":{"self":[{"href":"https:\/\/gasetlacasa.com\/es\/wp-json\/wp\/v2\/pages\/1927","targetHints":{"allow":["GET"]}}],"collection":[{"href":"https:\/\/gasetlacasa.com\/es\/wp-json\/wp\/v2\/pages"}],"about":[{"href":"https:\/\/gasetlacasa.com\/es\/wp-json\/wp\/v2\/types\/page"}],"author":[{"embeddable":true,"href":"https:\/\/gasetlacasa.com\/es\/wp-json\/wp\/v2\/users\/1"}],"replies":[{"embeddable":true,"href":"https:\/\/gasetlacasa.com\/es\/wp-json\/wp\/v2\/comments?post=1927"}],"version-history":[{"count":12,"href":"https:\/\/gasetlacasa.com\/es\/wp-json\/wp\/v2\/pages\/1927\/revisions"}],"predecessor-version":[{"id":4051,"href":"https:\/\/gasetlacasa.com\/es\/wp-json\/wp\/v2\/pages\/1927\/revisions\/4051"}],"up":[{"embeddable":true,"href":"https:\/\/gasetlacasa.com\/es\/wp-json\/wp\/v2\/pages\/1834"}],"wp:attachment":[{"href":"https:\/\/gasetlacasa.com\/es\/wp-json\/wp\/v2\/media?parent=1927"}],"curies":[{"name":"wp","href":"https:\/\/api.w.org\/{rel}","templated":true}]}}