{"id":1918,"date":"2023-07-05T17:54:38","date_gmt":"2023-07-05T15:54:38","guid":{"rendered":"http:\/\/web2022.gasetlacasa.com\/tratamientos\/ortodoncia\/ortodoncia-con-brackets-fijos-damon-system\/"},"modified":"2024-09-09T15:25:08","modified_gmt":"2024-09-09T13:25:08","slug":"ortodoncia-con-brackets-fijos-damon-system","status":"publish","type":"page","link":"https:\/\/gasetlacasa.com\/es\/tratamientos\/ortodoncia\/ortodoncia-con-brackets-fijos-damon-system\/","title":{"rendered":"Ortodoncia con Brackets Fijos DAMON SYSTEM\u00ae"},"content":{"rendered":"<section class=\"wpb-content-wrapper\"><p>[vc_row full_width=\u00bbstretch_row_content_no_spaces\u00bb row_type=\u00bbrow\u00bb use_row_as_full_screen_section=\u00bbno\u00bb type=\u00bbfull_width\u00bb angled_section=\u00bbno\u00bb text_align=\u00bbleft\u00bb background_image_as_pattern=\u00bbwithout_pattern\u00bb css=\u00bb.vc_custom_1646324597658{background-color: rgba(77,98,82,0.77) !important;*background-color: rgb(77,98,82) !important;}\u00bb][vc_column][vc_empty_space height=\u00bb120px\u00bb][\/vc_column][\/vc_row][vc_row row_type=\u00bbrow\u00bb use_row_as_full_screen_section=\u00bbno\u00bb type=\u00bbfull_width\u00bb angled_section=\u00bbno\u00bb text_align=\u00bbleft\u00bb background_image_as_pattern=\u00bbwithout_pattern\u00bb css=\u00bb.vc_custom_1662748832940{padding-top: 30px !important;}\u00bb][vc_column width=\u00bb1\/3&#8243;][vc_column_text]<\/p>\n<h2 class=\"fontequip\" style=\"text-align: left;\">ORTODONCIA CON BRACKETS DAMON SYSTEM\u00ae<\/h2>\n<p>[\/vc_column_text][vc_separator color=\u00bbblack\u00bb align=\u00bbalign_left\u00bb border_width=\u00bb8&#8243; el_width=\u00bb60&#8243; css=\u00bb.vc_custom_1662720698269{margin-top: -30px !important;padding-top: -30px !important;}\u00bb][vc_empty_space][\/vc_column][vc_column width=\u00bb2\/3&#8243;][vc_column_text]<\/p>\n<h3 style=\"text-align: right;\"><strong>LA ORTODONCIA CON NOMBRE Y APELLIDO DESDE HACE MUCHAS ORTODONCIAS: AMPARO LACASA<\/strong><\/h3>\n<p>[\/vc_column_text][vc_empty_space][\/vc_column][\/vc_row][vc_row row_type=\u00bbrow\u00bb use_row_as_full_screen_section=\u00bbno\u00bb type=\u00bbfull_width\u00bb angled_section=\u00bbno\u00bb text_align=\u00bbleft\u00bb background_image_as_pattern=\u00bbwithout_pattern\u00bb][vc_column][vc_empty_space][\/vc_column][\/vc_row][vc_row row_type=\u00bbrow\u00bb use_row_as_full_screen_section=\u00bbno\u00bb type=\u00bbfull_width\u00bb angled_section=\u00bbno\u00bb text_align=\u00bbleft\u00bb background_image_as_pattern=\u00bbwithout_pattern\u00bb][vc_column][vc_column_text]<\/p>\n<p style=\"text-align: justify;\">La ortodoncia con <em>brackets<\/em> sigue siendo la <strong>m\u00e1s conocida<\/strong> y la <strong>m\u00e1s utilizada<\/strong> ya que es muy eficiente y permite resolver un gran abanico de casos diferentes.<\/p>\n<p style=\"text-align: justify;\">La ortodoncia con <em>brackets<\/em> es una t\u00e9cnica que utiliza botones de acero inoxidable fijados a los dientes en una posici\u00f3n determinada. Por los <em>brackets<\/em> pasan unos arcos de titanio que aplican la fuerza necesaria para conseguir los movimientos deseados.<\/p>\n<h5 style=\"text-align: justify;\"><\/h5>\n<p>&nbsp;<\/p>\n<h5 style=\"text-align: justify;\"><em>Brackets<\/em> Damon System\u00ae<\/h5>\n<p style=\"text-align: justify;\">Los <strong><em>brackets<\/em> autoligables Damon System\u00ae<\/strong> tienen incorporado un mecanismo de cierre de \u00faltima generaci\u00f3n que sujeta el arco de titanio, muy ligero y con memoria de forma, <strong>sin necesidad de ligaduras met\u00e1licas o el\u00e1sticas<\/strong> (las t\u00edpicas gomitas de colores que utilizan los <em>brackets<\/em> convencionales). Esto <strong>disminuye la fricci\u00f3n<\/strong>, consiguiendo un tratamiento <strong>m\u00e1s r\u00e1pido<\/strong>, <strong>m\u00e1s c\u00f3modo<\/strong> y de <strong>mucha m\u00e1s calidad<\/strong>.<\/p>\n<p style=\"text-align: justify;\">Las fuerzas que aplica el sistema Damon\u00ae respetan los principios biol\u00f3gicos de la boca, por lo que <strong>se realizan los movimientos necesarios de una forma natural<\/strong> que resulta muy suave y poco dolorosa para el paciente.<\/p>\n<p>[\/vc_column_text][\/vc_column][\/vc_row][vc_row row_type=\u00bbrow\u00bb use_row_as_full_screen_section=\u00bbno\u00bb type=\u00bbfull_width\u00bb angled_section=\u00bbno\u00bb text_align=\u00bbleft\u00bb background_image_as_pattern=\u00bbwithout_pattern\u00bb css=\u00bb.vc_custom_1662765311289{padding-top: 100px !important;padding-bottom: 100px !important;}\u00bb][vc_column width=\u00bb1\/2&#8243;][vc_column_text css=\u00bb.vc_custom_1666808598406{padding-top: 50px !important;}\u00bb]<\/p>\n<h3><strong><span style=\"color: #000000;\">Ventajas de los <em>brackets<\/em> Damon System \u00ae<\/span><\/strong><\/h3>\n<p>[\/vc_column_text][vc_column_text css=\u00bb.vc_custom_1688569148434{padding-top: 50px !important;}\u00bb]<\/p>\n<ul>\n<li><span style=\"color: #000000;\">Sonrisas amplias y espectaculares.<\/span><\/li>\n<li><span style=\"color: #000000;\">Oclusi\u00f3n funcional.<\/span><\/li>\n<li><span style=\"color: #000000;\">Equilibrio entre la est\u00e9tica dental y facial.<\/span><\/li>\n<li><span style=\"color: #000000;\">Tratamientos m\u00e1s cortos y c\u00f3modos que con <em>brackets<\/em> convencionales.<\/span><\/li>\n<li><span style=\"color: #000000;\">Disminuci\u00f3n de la necesidad de realizar extracciones dentales o cirug\u00eda ortogn\u00e1tica.<\/span><\/li>\n<\/ul>\n<p>[\/vc_column_text][vc_row_inner css=\u00bb.vc_custom_1662817944666{margin-top: -300px !important;margin-right: -100px !important;margin-left: -300px !important;background-color: #efefef !important;}\u00bb][vc_column_inner][vc_empty_space height=\u00bb300px\u00bb][\/vc_column_inner][\/vc_row_inner][\/vc_column][vc_column width=\u00bb1\/2&#8243;][vc_single_image image=\u00bb3896&#8243; img_size=\u00bbfull\u00bb][\/vc_column][\/vc_row][vc_row row_type=\u00bbrow\u00bb use_row_as_full_screen_section=\u00bbno\u00bb type=\u00bbfull_width\u00bb angled_section=\u00bbno\u00bb text_align=\u00bbleft\u00bb background_image_as_pattern=\u00bbwithout_pattern\u00bb][vc_column][vc_empty_space height=\u00bb30px\u00bb][\/vc_column][\/vc_row]<\/p>\n<\/section>","protected":false},"excerpt":{"rendered":"<p>[vc_row full_width=\u00bbstretch_row_content_no_spaces\u00bb row_type=\u00bbrow\u00bb use_row_as_full_screen_section=\u00bbno\u00bb type=\u00bbfull_width\u00bb angled_section=\u00bbno\u00bb text_align=\u00bbleft\u00bb background_image_as_pattern=\u00bbwithout_pattern\u00bb css=\u00bb.vc_custom_1646324597658{background-color: rgba(77,98,82,0.77) !important;*background-color: rgb(77,98,82) !important;}\u00bb][vc_column][vc_empty_space height=\u00bb120px\u00bb][\/vc_column][\/vc_row][vc_row row_type=\u00bbrow\u00bb use_row_as_full_screen_section=\u00bbno\u00bb type=\u00bbfull_width\u00bb angled_section=\u00bbno\u00bb text_align=\u00bbleft\u00bb background_image_as_pattern=\u00bbwithout_pattern\u00bb css=\u00bb.vc_custom_1662748832940{padding-top: 30px !important;}\u00bb][vc_column width=\u00bb1\/3&#8243;][vc_column_text] ORTODONCIA CON BRACKETS DAMON SYSTEM\u00ae [\/vc_column_text][vc_separator color=\u00bbblack\u00bb align=\u00bbalign_left\u00bb border_width=\u00bb8&#8243; el_width=\u00bb60&#8243; css=\u00bb.vc_custom_1662720698269{margin-top: -30px !important;padding-top: -30px !important;}\u00bb][vc_empty_space][\/vc_column][vc_column width=\u00bb2\/3&#8243;][vc_column_text] LA ORTODONCIA CON NOMBRE Y APELLIDO DESDE HACE MUCHAS ORTODONCIAS: AMPARO LACASA [\/vc_column_text][vc_empty_space][\/vc_column][\/vc_row][vc_row row_type=\u00bbrow\u00bb use_row_as_full_screen_section=\u00bbno\u00bb [&hellip;]<\/p>\n","protected":false},"author":1,"featured_media":0,"parent":1912,"menu_order":54,"comment_status":"closed","ping_status":"closed","template":"","meta":{"_acf_changed":false,"footnotes":""},"class_list":["post-1918","page","type-page","status-publish","hentry"],"acf":[],"yoast_head":"<!-- This site is optimized with the Yoast SEO plugin v22.0 - https:\/\/yoast.com\/wordpress\/plugins\/seo\/ -->\n<title>Ortodoncia con Brackets Fijos DAMON SYSTEM\u00ae en Palafrugell - Cl\u00ednica Dental Gaset Lacasa - Dentista Palafrugell<\/title>\n<meta name=\"description\" content=\"El equipo de profesionales de la Cl\u00ednica Dental Gaset Lacasa son mujeres y hombres con formaci\u00f3n y experiencia orientados a darle soluciones.\" \/>\n<meta name=\"robots\" content=\"index, follow, max-snippet:-1, max-image-preview:large, max-video-preview:-1\" \/>\n<link rel=\"canonical\" href=\"https:\/\/gasetlacasa.com\/es\/tratamientos\/ortodoncia\/ortodoncia-con-brackets-fijos-damon-system\/\" \/>\n<meta property=\"og:locale\" content=\"es_ES\" \/>\n<meta property=\"og:type\" content=\"article\" \/>\n<meta property=\"og:title\" content=\"Ortodoncia con Brackets Fijos DAMON SYSTEM\u00ae en Palafrugell - Cl\u00ednica Dental Gaset Lacasa - Dentista Palafrugell\" \/>\n<meta property=\"og:description\" content=\"El equipo de profesionales de la Cl\u00ednica Dental Gaset Lacasa son mujeres y hombres con formaci\u00f3n y experiencia orientados a darle soluciones.\" \/>\n<meta property=\"og:url\" content=\"https:\/\/gasetlacasa.com\/es\/tratamientos\/ortodoncia\/ortodoncia-con-brackets-fijos-damon-system\/\" \/>\n<meta property=\"og:site_name\" content=\"Cl\u00ednica Dental Gaset Lacasa - Dentista Palafrugell\" \/>\n<meta property=\"article:modified_time\" content=\"2024-09-09T13:25:08+00:00\" \/>\n<meta name=\"twitter:card\" content=\"summary_large_image\" \/>\n<meta name=\"twitter:label1\" content=\"Tiempo de lectura\" \/>\n\t<meta name=\"twitter:data1\" content=\"2 minutos\" \/>\n<script type=\"application\/ld+json\" class=\"yoast-schema-graph\">{\"@context\":\"https:\/\/schema.org\",\"@graph\":[{\"@type\":\"WebPage\",\"@id\":\"https:\/\/gasetlacasa.com\/es\/tratamientos\/ortodoncia\/ortodoncia-con-brackets-fijos-damon-system\/\",\"url\":\"https:\/\/gasetlacasa.com\/es\/tratamientos\/ortodoncia\/ortodoncia-con-brackets-fijos-damon-system\/\",\"name\":\"Ortodoncia con Brackets Fijos DAMON SYSTEM\u00ae en Palafrugell - Cl\u00ednica Dental Gaset Lacasa - Dentista Palafrugell\",\"isPartOf\":{\"@id\":\"https:\/\/gasetlacasa.com\/#website\"},\"datePublished\":\"2023-07-05T15:54:38+00:00\",\"dateModified\":\"2024-09-09T13:25:08+00:00\",\"description\":\"El equipo de profesionales de la Cl\u00ednica Dental Gaset Lacasa son mujeres y hombres con formaci\u00f3n y experiencia orientados a darle soluciones.\",\"breadcrumb\":{\"@id\":\"https:\/\/gasetlacasa.com\/es\/tratamientos\/ortodoncia\/ortodoncia-con-brackets-fijos-damon-system\/#breadcrumb\"},\"inLanguage\":\"es\",\"potentialAction\":[{\"@type\":\"ReadAction\",\"target\":[\"https:\/\/gasetlacasa.com\/es\/tratamientos\/ortodoncia\/ortodoncia-con-brackets-fijos-damon-system\/\"]}]},{\"@type\":\"BreadcrumbList\",\"@id\":\"https:\/\/gasetlacasa.com\/es\/tratamientos\/ortodoncia\/ortodoncia-con-brackets-fijos-damon-system\/#breadcrumb\",\"itemListElement\":[{\"@type\":\"ListItem\",\"position\":1,\"name\":\"Inici\",\"item\":\"https:\/\/gasetlacasa.com\/es\/\"},{\"@type\":\"ListItem\",\"position\":2,\"name\":\"Tratamientos\",\"item\":\"https:\/\/gasetlacasa.com\/es\/tratamientos\/\"},{\"@type\":\"ListItem\",\"position\":3,\"name\":\"Ortodoncia\",\"item\":\"https:\/\/gasetlacasa.com\/es\/tratamientos\/ortodoncia\/\"},{\"@type\":\"ListItem\",\"position\":4,\"name\":\"Ortodoncia con Brackets Fijos DAMON SYSTEM\u00ae\"}]},{\"@type\":\"WebSite\",\"@id\":\"https:\/\/gasetlacasa.com\/#website\",\"url\":\"https:\/\/gasetlacasa.com\/\",\"name\":\"Cl\u00ednica Dental Gaset Lacasa - Dentista Palafrugell\",\"description\":\"Cl\u00ednica Dental Gaset Lacasa - Dentista a Palafrugell\",\"potentialAction\":[{\"@type\":\"SearchAction\",\"target\":{\"@type\":\"EntryPoint\",\"urlTemplate\":\"https:\/\/gasetlacasa.com\/?s={search_term_string}\"},\"query-input\":\"required name=search_term_string\"}],\"inLanguage\":\"es\"}]}<\/script>\n<!-- \/ Yoast SEO plugin. -->","yoast_head_json":{"title":"Ortodoncia con Brackets Fijos DAMON SYSTEM\u00ae en Palafrugell - Cl\u00ednica Dental Gaset Lacasa - Dentista Palafrugell","description":"El equipo de profesionales de la Cl\u00ednica Dental Gaset Lacasa son mujeres y hombres con formaci\u00f3n y experiencia orientados a darle soluciones.","robots":{"index":"index","follow":"follow","max-snippet":"max-snippet:-1","max-image-preview":"max-image-preview:large","max-video-preview":"max-video-preview:-1"},"canonical":"https:\/\/gasetlacasa.com\/es\/tratamientos\/ortodoncia\/ortodoncia-con-brackets-fijos-damon-system\/","og_locale":"es_ES","og_type":"article","og_title":"Ortodoncia con Brackets Fijos DAMON SYSTEM\u00ae en Palafrugell - Cl\u00ednica Dental Gaset Lacasa - Dentista Palafrugell","og_description":"El equipo de profesionales de la Cl\u00ednica Dental Gaset Lacasa son mujeres y hombres con formaci\u00f3n y experiencia orientados a darle soluciones.","og_url":"https:\/\/gasetlacasa.com\/es\/tratamientos\/ortodoncia\/ortodoncia-con-brackets-fijos-damon-system\/","og_site_name":"Cl\u00ednica Dental Gaset Lacasa - Dentista Palafrugell","article_modified_time":"2024-09-09T13:25:08+00:00","twitter_card":"summary_large_image","twitter_misc":{"Tiempo de lectura":"2 minutos"},"schema":{"@context":"https:\/\/schema.org","@graph":[{"@type":"WebPage","@id":"https:\/\/gasetlacasa.com\/es\/tratamientos\/ortodoncia\/ortodoncia-con-brackets-fijos-damon-system\/","url":"https:\/\/gasetlacasa.com\/es\/tratamientos\/ortodoncia\/ortodoncia-con-brackets-fijos-damon-system\/","name":"Ortodoncia con Brackets Fijos DAMON SYSTEM\u00ae en Palafrugell - Cl\u00ednica Dental Gaset Lacasa - Dentista Palafrugell","isPartOf":{"@id":"https:\/\/gasetlacasa.com\/#website"},"datePublished":"2023-07-05T15:54:38+00:00","dateModified":"2024-09-09T13:25:08+00:00","description":"El equipo de profesionales de la Cl\u00ednica Dental Gaset Lacasa son mujeres y hombres con formaci\u00f3n y experiencia orientados a darle soluciones.","breadcrumb":{"@id":"https:\/\/gasetlacasa.com\/es\/tratamientos\/ortodoncia\/ortodoncia-con-brackets-fijos-damon-system\/#breadcrumb"},"inLanguage":"es","potentialAction":[{"@type":"ReadAction","target":["https:\/\/gasetlacasa.com\/es\/tratamientos\/ortodoncia\/ortodoncia-con-brackets-fijos-damon-system\/"]}]},{"@type":"BreadcrumbList","@id":"https:\/\/gasetlacasa.com\/es\/tratamientos\/ortodoncia\/ortodoncia-con-brackets-fijos-damon-system\/#breadcrumb","itemListElement":[{"@type":"ListItem","position":1,"name":"Inici","item":"https:\/\/gasetlacasa.com\/es\/"},{"@type":"ListItem","position":2,"name":"Tratamientos","item":"https:\/\/gasetlacasa.com\/es\/tratamientos\/"},{"@type":"ListItem","position":3,"name":"Ortodoncia","item":"https:\/\/gasetlacasa.com\/es\/tratamientos\/ortodoncia\/"},{"@type":"ListItem","position":4,"name":"Ortodoncia con Brackets Fijos DAMON SYSTEM\u00ae"}]},{"@type":"WebSite","@id":"https:\/\/gasetlacasa.com\/#website","url":"https:\/\/gasetlacasa.com\/","name":"Cl\u00ednica Dental Gaset Lacasa - Dentista Palafrugell","description":"Cl\u00ednica Dental Gaset Lacasa - Dentista a Palafrugell","potentialAction":[{"@type":"SearchAction","target":{"@type":"EntryPoint","urlTemplate":"https:\/\/gasetlacasa.com\/?s={search_term_string}"},"query-input":"required name=search_term_string"}],"inLanguage":"es"}]}},"_links":{"self":[{"href":"https:\/\/gasetlacasa.com\/es\/wp-json\/wp\/v2\/pages\/1918","targetHints":{"allow":["GET"]}}],"collection":[{"href":"https:\/\/gasetlacasa.com\/es\/wp-json\/wp\/v2\/pages"}],"about":[{"href":"https:\/\/gasetlacasa.com\/es\/wp-json\/wp\/v2\/types\/page"}],"author":[{"embeddable":true,"href":"https:\/\/gasetlacasa.com\/es\/wp-json\/wp\/v2\/users\/1"}],"replies":[{"embeddable":true,"href":"https:\/\/gasetlacasa.com\/es\/wp-json\/wp\/v2\/comments?post=1918"}],"version-history":[{"count":10,"href":"https:\/\/gasetlacasa.com\/es\/wp-json\/wp\/v2\/pages\/1918\/revisions"}],"predecessor-version":[{"id":4022,"href":"https:\/\/gasetlacasa.com\/es\/wp-json\/wp\/v2\/pages\/1918\/revisions\/4022"}],"up":[{"embeddable":true,"href":"https:\/\/gasetlacasa.com\/es\/wp-json\/wp\/v2\/pages\/1912"}],"wp:attachment":[{"href":"https:\/\/gasetlacasa.com\/es\/wp-json\/wp\/v2\/media?parent=1918"}],"curies":[{"name":"wp","href":"https:\/\/api.w.org\/{rel}","templated":true}]}}