{"id":1915,"date":"2023-07-05T17:37:01","date_gmt":"2023-07-05T15:37:01","guid":{"rendered":"http:\/\/web2022.gasetlacasa.com\/tratamientos\/ortodoncia\/ortodoncia-con-alineadores-transparentes-invisalign\/"},"modified":"2024-04-24T16:07:35","modified_gmt":"2024-04-24T14:07:35","slug":"ortodoncia-con-alineadores-transparentes-invisalign","status":"publish","type":"page","link":"https:\/\/gasetlacasa.com\/es\/tratamientos\/ortodoncia\/ortodoncia-con-alineadores-transparentes-invisalign\/","title":{"rendered":"Ortodoncia con Alineadores Transparentes SPARK\u00ae e INVISALIGN\u00ae"},"content":{"rendered":"<section class=\"wpb-content-wrapper\"><p>[vc_row full_width=\u00bbstretch_row_content_no_spaces\u00bb row_type=\u00bbrow\u00bb use_row_as_full_screen_section=\u00bbno\u00bb type=\u00bbfull_width\u00bb angled_section=\u00bbno\u00bb text_align=\u00bbleft\u00bb background_image_as_pattern=\u00bbwithout_pattern\u00bb css=\u00bb.vc_custom_1646324597658{background-color: rgba(77,98,82,0.77) !important;*background-color: rgb(77,98,82) !important;}\u00bb][vc_column][vc_empty_space height=\u00bb120px\u00bb][\/vc_column][\/vc_row][vc_row row_type=\u00bbrow\u00bb use_row_as_full_screen_section=\u00bbno\u00bb type=\u00bbfull_width\u00bb angled_section=\u00bbno\u00bb text_align=\u00bbleft\u00bb background_image_as_pattern=\u00bbwithout_pattern\u00bb css=\u00bb.vc_custom_1662748832940{padding-top: 30px !important;}\u00bb][vc_column width=\u00bb1\/3&#8243;][vc_column_text]<\/p>\n<h2 class=\"fontequip\" style=\"text-align: left;\">ORTODONCIA CON ALINEADORES TRANSPARENTES SPARK<strong>\u00ae E<\/strong> INVISALIGN<strong>\u00ae<\/strong><\/h2>\n<p>[\/vc_column_text][vc_separator color=\u00bbblack\u00bb align=\u00bbalign_left\u00bb border_width=\u00bb8&#8243; el_width=\u00bb60&#8243; css=\u00bb.vc_custom_1662720698269{margin-top: -30px !important;padding-top: -30px !important;}\u00bb][vc_empty_space][\/vc_column][vc_column width=\u00bb2\/3&#8243;][vc_column_text]<\/p>\n<h3 style=\"text-align: right;\"><strong>LA ORTODONCIA CON NOMBRE Y APELLIDO DESDE HACE MUCHAS ORTODONCIAS: AMPARO LACASA<\/strong><\/h3>\n<p>[\/vc_column_text][vc_empty_space][\/vc_column][\/vc_row][vc_row row_type=\u00bbrow\u00bb use_row_as_full_screen_section=\u00bbno\u00bb type=\u00bbfull_width\u00bb angled_section=\u00bbno\u00bb text_align=\u00bbleft\u00bb background_image_as_pattern=\u00bbwithout_pattern\u00bb][vc_column][vc_empty_space][\/vc_column][\/vc_row][vc_row row_type=\u00bbrow\u00bb use_row_as_full_screen_section=\u00bbno\u00bb type=\u00bbfull_width\u00bb angled_section=\u00bbno\u00bb text_align=\u00bbleft\u00bb background_image_as_pattern=\u00bbwithout_pattern\u00bb][vc_column][vc_column_text]<\/p>\n<p style=\"text-align: justify;\">La llamada ortodoncia invisible es un tratamiento que consiste en la colocaci\u00f3n de una <strong>secuencia de alineadores individualizados y transparentes<\/strong> que posicionan correctamente los dientes.<\/p>\n<p style=\"text-align: justify;\">Las <strong>ortodoncistas Amparo Lacasa y Georgina Muela<\/strong>, certificadas por SPARK\u00ae y por INVISALIGN\u00ae, realizan un <strong>estudio diagn\u00f3stico<\/strong> de la maloclusi\u00f3n del paciente y, mediante un programa digital, se podr\u00e1 visualizar la evoluci\u00f3n y el resultado final de tu tratamiento antes de empezarlo.<\/p>\n<p>[\/vc_column_text][\/vc_column][\/vc_row][vc_row row_type=\u00bbrow\u00bb use_row_as_full_screen_section=\u00bbno\u00bb type=\u00bbfull_width\u00bb angled_section=\u00bbno\u00bb text_align=\u00bbleft\u00bb background_image_as_pattern=\u00bbwithout_pattern\u00bb css=\u00bb.vc_custom_1662765311289{padding-top: 100px !important;padding-bottom: 100px !important;}\u00bb][vc_column width=\u00bb1\/2&#8243;][vc_column_text css=\u00bb.vc_custom_1713967464135{padding-top: 50px !important;}\u00bb]<\/p>\n<h3><strong>Ventajas de los alineadores transparentes<\/strong><\/h3>\n<p>&nbsp;<\/p>\n<p><strong><u>EST\u00c9TICA<\/u><\/strong><\/p>\n<p>Al ser un material transparente, apenas se ve y se mimetiza con los dientes.<\/p>\n<p><strong><u>MUY C\u00d3MODO<\/u><\/strong><\/p>\n<p>En primer lugar porque trabaja con fuerzas muy ligeras y las molestias que puede generar son m\u00ednimas. En segundo lugar, porque al ser un material muy fino, es dif\u00edcil que cause ninguna herida.<\/p>\n<p><strong><u>M\u00d3VIL TOTAL<\/u><\/strong><\/p>\n<p>Es un sistema totalmente removible y, por tanto, le permite al paciente quit\u00e1rselo durante las comidas y poder comer todo tipo de alimentos sin restricciones.<\/p>\n<p><strong><u>NO CAMBIA LA T\u00c9CNICA DE CEPILLADO<\/u><\/strong><\/p>\n<p>Al ser un sistema m\u00f3vil, permite sacarlo para cepillarse evitando que el paciente tenga que adquirir una nueva t\u00e9cnica.<\/p>\n<p><strong><u>VISUALIZACI\u00d3N DEL RESULTADO FINAL<\/u><\/strong><\/p>\n<p>Una vez que las doctoras han realizado el estudio del caso, el paciente podr\u00e1 observar, mediante el software, la evoluci\u00f3n de su tratamiento as\u00ed como su resultado final.[\/vc_column_text][vc_row_inner css=\u00bb.vc_custom_1662816875038{margin-top: -850px !important;margin-right: -100px !important;margin-left: -300px !important;background-color: #efefef !important;}\u00bb][vc_column_inner][vc_empty_space height=\u00bb850px\u00bb][\/vc_column_inner][\/vc_row_inner][\/vc_column][vc_column width=\u00bb1\/2&#8243;][vc_single_image image=\u00bb1398&#8243; img_size=\u00bbfull\u00bb][\/vc_column][\/vc_row][vc_row row_type=\u00bbrow\u00bb use_row_as_full_screen_section=\u00bbno\u00bb type=\u00bbfull_width\u00bb angled_section=\u00bbno\u00bb text_align=\u00bbleft\u00bb background_image_as_pattern=\u00bbwithout_pattern\u00bb][vc_column][vc_empty_space height=\u00bb30px\u00bb][\/vc_column][\/vc_row][vc_row][vc_column][vc_column_text]<\/p>\n<h3><strong>Preguntas m\u00e1s frecuentes sobre el tratamiento de ortodoncia con alineadores transparentes<\/strong><\/h3>\n<p>[\/vc_column_text][vc_tta_accordion][vc_tta_section title=\u00bb\u00bfQu\u00e9 maloclusiones podemos tratar con la ortodoncia con alineadores transparentes?\u00bb tab_id=\u00bb1662816928721-b4d51aa8-3cf7&#8243;][vc_column_text]Actualmente es un sistema tan avanzado que permite tratar pr\u00e1cticamente todas las maloclusiones dentales. Sin embargo, una minor\u00eda de casos pueden requerir un tratamiento combinado con brackets, microtornillos o peque\u00f1as cirug\u00edas.[\/vc_column_text][\/vc_tta_section][vc_tta_section title=\u00bb\u00bfA qui\u00e9n va dirigido?\u00bb tab_id=\u00bb1662816928737-704da6ff-c17f\u00bb][vc_column_text]La ortodoncia con alineadores transparentes es un muy buen sistema tanto para <strong>pacientes adolescentes<\/strong> como para <strong>pacientes adultos<\/strong> . Para los ni\u00f1os, en cambio, es m\u00e1s recomendable utilizar otros tipos de ortodoncia debido al riesgo de perder a los alineadores o de no hacer un uso responsable (no llevarlos todas las horas estipuladas).[\/vc_column_text][\/vc_tta_section][vc_tta_section title=\u00bb\u00bfCu\u00e1ntas horas al d\u00eda debo llevar puestos los alineadores?\u00bb tab_id=\u00bb1662817217274-88a8975e-4987&#8243;][vc_column_text]22 horas al d\u00eda. Expresado de otro modo, \u00a1los alineadores est\u00e1n pensados \u200b\u200bpara ser llevados todo el d\u00eda menos en el momento en que el paciente est\u00e1 comiendo![\/vc_column_text][\/vc_tta_section][vc_tta_section title=\u00bb\u00bfCu\u00e1nto tiempo se utiliza cada alineador?\u00bb tab_id=\u00bb1662817264067-53beaaa6-c8b1&#8243;][vc_column_text]Depender\u00e1 de cada paciente as\u00ed como del momento en el que se encuentra el tratamiento pero el tiempo variar\u00e1 <strong>entre 7 y 15 d\u00edas<\/strong> .[\/vc_column_text][\/vc_tta_section][vc_tta_section title=\u00bb\u00bfDe qu\u00e9 material est\u00e1n hechos los alineadores?\u00bb tab_id=\u00bb1662817288737-bb2b97a6-37cc\u00bb][vc_column_text]Est\u00e1n hechos de poliuretano reforzado, un material pl\u00e1stico transparente de uso m\u00e9dico y est\u00e9tica excepcional.[\/vc_column_text][\/vc_tta_section][vc_tta_section title=\u00bb\u00bfC\u00f3mo llevo a cabo la limpieza y mantenimiento de mis alineadores?\u00bb tab_id=\u00bb1662817339915-6a021b10-36d9&#8243;][vc_column_text]Nosotras aconsejamos lavarlos cada vez que te los saques con agua fr\u00eda y jab\u00f3n de ph neutro. El uso de la pasta de dientes est\u00e1 desaconsejado puesto que el pl\u00e1stico podr\u00eda perder su transparencia. Tampoco aconsejamos sumergirlos en colutorios puesto que podr\u00edan deteriorarse. Lo que si funciona muy bien es, una o dos veces a la semana, sumergirlos el rato que est\u00e9s comiendo en agua con una pastilla efervescente para pr\u00f3tesis dental.[\/vc_column_text][\/vc_tta_section][vc_tta_section title=\u00bb\u00bfCon qu\u00e9 frecuencia voy a visitar a las doctoras?\u00bb tab_id=\u00bb1662817366083-b2f841aa-4566&#8243;][vc_column_text]Citamos a los pacientes <strong>cada 4 semanas<\/strong> , sobre todo al inicio del tratamiento. Resuelta la adaptaci\u00f3n del paciente a la mec\u00e1nica del tratamiento, y en pacientes especialmente responsables, se puede espaciar a las 6 semanas, pero <strong>el paciente nunca queda fuera de la tutela de las ortodoncistas.<\/strong>[\/vc_column_text][\/vc_tta_section][vc_tta_section title=\u00bb\u00bfCu\u00e1nto dura un tratamiento de ortodoncia con alineadores transparentes?\u00bb tab_id=\u00bb1662817445681-e3e42391-d38d\u00bb][vc_column_text]Depende de la maloclusi\u00f3n inicial. En <strong>la mayor\u00eda de los casos,<\/strong> <strong>el tiempo variar\u00e1 entre el a\u00f1o y medio y los dos a\u00f1os<\/strong> . Nunca iremos m\u00e1s r\u00e1pido de lo que el organismo est\u00e1 preparado a asumir.[\/vc_column_text][\/vc_tta_section][vc_tta_section title=\u00bb\u00bfEs doloroso?\u00bb tab_id=\u00bb1662817469432-944b8aa3-d62b\u00bb][vc_column_text]Se puede sentir una <strong>peque\u00f1a molestia temporal, como de presi\u00f3n, durante los dos primeros d\u00edas,<\/strong> al ponerse un alineador nuevo, \u00a1pero esto es normal y es se\u00f1al de que los alineadores est\u00e1n funcionando bien y los dientes se van moviendo![\/vc_column_text][\/vc_tta_section][vc_tta_section title=\u00bb\u00bfAfecta al habla el uso de los alineadores?\u00bb tab_id=\u00bb1662817494869-c01205bb-7b6d\u00bb][vc_column_text]<strong>El habla no se ve afectada<\/strong> por llevar alineadores ya que son muy finos y est\u00e1n perfectamente adaptados, por tanto no provocan ning\u00fan tipo de problema.[\/vc_column_text][\/vc_tta_section][vc_tta_section title=\u00bbY la dieta, \u00bftendr\u00e9 que adaptarla?\u00bb tab_id=\u00bb1662817515518-0a1b602e-662f\u00bb][vc_column_text]Para comer tampoco supone ning\u00fan problema puesto que <strong>el paciente se quita los alineadores<\/strong> y puede comer sin restricciones y cepillarse bien los dientes posteriormente. \u00a1Eso si, inmediatamente despu\u00e9s del cepillado, los alineadores deben volver a colocarse![\/vc_column_text][\/vc_tta_section][vc_tta_section title=\u00bb\u00bfPuedo fumar con los alineadores?\u00bb tab_id=\u00bb1662817542176-42802ae8-2d80&#8243;][vc_column_text]<strong>No se aconseja fumar con los alineadores puestos<\/strong> , ya que \u00e9stos se pueden manchar o decolorar.[\/vc_column_text][\/vc_tta_section][\/vc_tta_accordion][\/vc_column][\/vc_row]<\/p>\n<\/section>","protected":false},"excerpt":{"rendered":"<p>[vc_row full_width=\u00bbstretch_row_content_no_spaces\u00bb row_type=\u00bbrow\u00bb use_row_as_full_screen_section=\u00bbno\u00bb type=\u00bbfull_width\u00bb angled_section=\u00bbno\u00bb text_align=\u00bbleft\u00bb background_image_as_pattern=\u00bbwithout_pattern\u00bb css=\u00bb.vc_custom_1646324597658{background-color: rgba(77,98,82,0.77) !important;*background-color: rgb(77,98,82) !important;}\u00bb][vc_column][vc_empty_space height=\u00bb120px\u00bb][\/vc_column][\/vc_row][vc_row row_type=\u00bbrow\u00bb use_row_as_full_screen_section=\u00bbno\u00bb type=\u00bbfull_width\u00bb angled_section=\u00bbno\u00bb text_align=\u00bbleft\u00bb background_image_as_pattern=\u00bbwithout_pattern\u00bb css=\u00bb.vc_custom_1662748832940{padding-top: 30px !important;}\u00bb][vc_column width=\u00bb1\/3&#8243;][vc_column_text] ORTODONCIA CON ALINEADORES TRANSPARENTES SPARK\u00ae E INVISALIGN\u00ae [\/vc_column_text][vc_separator color=\u00bbblack\u00bb align=\u00bbalign_left\u00bb border_width=\u00bb8&#8243; el_width=\u00bb60&#8243; css=\u00bb.vc_custom_1662720698269{margin-top: -30px !important;padding-top: -30px !important;}\u00bb][vc_empty_space][\/vc_column][vc_column width=\u00bb2\/3&#8243;][vc_column_text] LA ORTODONCIA CON NOMBRE Y APELLIDO DESDE HACE MUCHAS ORTODONCIAS: AMPARO LACASA [\/vc_column_text][vc_empty_space][\/vc_column][\/vc_row][vc_row [&hellip;]<\/p>\n","protected":false},"author":1,"featured_media":0,"parent":1912,"menu_order":54,"comment_status":"closed","ping_status":"closed","template":"","meta":{"_acf_changed":false,"footnotes":""},"class_list":["post-1915","page","type-page","status-publish","hentry"],"acf":[],"yoast_head":"<!-- This site is optimized with the Yoast SEO plugin v22.0 - https:\/\/yoast.com\/wordpress\/plugins\/seo\/ -->\n<title>Ortodoncia con Alineadores INVISALIGN\u00ae en Palafrugell - Cl\u00ednica Dental Gaset Lacasa - Dentista Palafrugell<\/title>\n<meta name=\"description\" content=\"El equipo de profesionales de la Cl\u00ednica Dental Gaset Lacasa son mujeres y hombres con formaci\u00f3n y experiencia orientados a darle soluciones.\" \/>\n<meta name=\"robots\" content=\"index, follow, max-snippet:-1, max-image-preview:large, max-video-preview:-1\" \/>\n<link rel=\"canonical\" href=\"https:\/\/gasetlacasa.com\/es\/tratamientos\/ortodoncia\/ortodoncia-con-alineadores-transparentes-invisalign\/\" \/>\n<meta property=\"og:locale\" content=\"es_ES\" \/>\n<meta property=\"og:type\" content=\"article\" \/>\n<meta property=\"og:title\" content=\"Ortodoncia con Alineadores INVISALIGN\u00ae en Palafrugell - Cl\u00ednica Dental Gaset Lacasa - Dentista Palafrugell\" \/>\n<meta property=\"og:description\" content=\"El equipo de profesionales de la Cl\u00ednica Dental Gaset Lacasa son mujeres y hombres con formaci\u00f3n y experiencia orientados a darle soluciones.\" \/>\n<meta property=\"og:url\" content=\"https:\/\/gasetlacasa.com\/es\/tratamientos\/ortodoncia\/ortodoncia-con-alineadores-transparentes-invisalign\/\" \/>\n<meta property=\"og:site_name\" content=\"Cl\u00ednica Dental Gaset Lacasa - Dentista Palafrugell\" \/>\n<meta property=\"article:modified_time\" content=\"2024-04-24T14:07:35+00:00\" \/>\n<meta name=\"twitter:card\" content=\"summary_large_image\" \/>\n<meta name=\"twitter:label1\" content=\"Tiempo de lectura\" \/>\n\t<meta name=\"twitter:data1\" content=\"5 minutos\" \/>\n<script type=\"application\/ld+json\" class=\"yoast-schema-graph\">{\"@context\":\"https:\/\/schema.org\",\"@graph\":[{\"@type\":\"WebPage\",\"@id\":\"https:\/\/gasetlacasa.com\/es\/tratamientos\/ortodoncia\/ortodoncia-con-alineadores-transparentes-invisalign\/\",\"url\":\"https:\/\/gasetlacasa.com\/es\/tratamientos\/ortodoncia\/ortodoncia-con-alineadores-transparentes-invisalign\/\",\"name\":\"Ortodoncia con Alineadores INVISALIGN\u00ae en Palafrugell - Cl\u00ednica Dental Gaset Lacasa - Dentista Palafrugell\",\"isPartOf\":{\"@id\":\"https:\/\/gasetlacasa.com\/#website\"},\"datePublished\":\"2023-07-05T15:37:01+00:00\",\"dateModified\":\"2024-04-24T14:07:35+00:00\",\"description\":\"El equipo de profesionales de la Cl\u00ednica Dental Gaset Lacasa son mujeres y hombres con formaci\u00f3n y experiencia orientados a darle soluciones.\",\"breadcrumb\":{\"@id\":\"https:\/\/gasetlacasa.com\/es\/tratamientos\/ortodoncia\/ortodoncia-con-alineadores-transparentes-invisalign\/#breadcrumb\"},\"inLanguage\":\"es\",\"potentialAction\":[{\"@type\":\"ReadAction\",\"target\":[\"https:\/\/gasetlacasa.com\/es\/tratamientos\/ortodoncia\/ortodoncia-con-alineadores-transparentes-invisalign\/\"]}]},{\"@type\":\"BreadcrumbList\",\"@id\":\"https:\/\/gasetlacasa.com\/es\/tratamientos\/ortodoncia\/ortodoncia-con-alineadores-transparentes-invisalign\/#breadcrumb\",\"itemListElement\":[{\"@type\":\"ListItem\",\"position\":1,\"name\":\"Inici\",\"item\":\"https:\/\/gasetlacasa.com\/es\/\"},{\"@type\":\"ListItem\",\"position\":2,\"name\":\"Tratamientos\",\"item\":\"https:\/\/gasetlacasa.com\/es\/tratamientos\/\"},{\"@type\":\"ListItem\",\"position\":3,\"name\":\"Ortodoncia\",\"item\":\"https:\/\/gasetlacasa.com\/es\/tratamientos\/ortodoncia\/\"},{\"@type\":\"ListItem\",\"position\":4,\"name\":\"Ortodoncia con Alineadores Transparentes SPARK\u00ae e INVISALIGN\u00ae\"}]},{\"@type\":\"WebSite\",\"@id\":\"https:\/\/gasetlacasa.com\/#website\",\"url\":\"https:\/\/gasetlacasa.com\/\",\"name\":\"Cl\u00ednica Dental Gaset Lacasa - Dentista Palafrugell\",\"description\":\"Cl\u00ednica Dental Gaset Lacasa - Dentista a Palafrugell\",\"potentialAction\":[{\"@type\":\"SearchAction\",\"target\":{\"@type\":\"EntryPoint\",\"urlTemplate\":\"https:\/\/gasetlacasa.com\/?s={search_term_string}\"},\"query-input\":\"required name=search_term_string\"}],\"inLanguage\":\"es\"}]}<\/script>\n<!-- \/ Yoast SEO plugin. -->","yoast_head_json":{"title":"Ortodoncia con Alineadores INVISALIGN\u00ae en Palafrugell - Cl\u00ednica Dental Gaset Lacasa - Dentista Palafrugell","description":"El equipo de profesionales de la Cl\u00ednica Dental Gaset Lacasa son mujeres y hombres con formaci\u00f3n y experiencia orientados a darle soluciones.","robots":{"index":"index","follow":"follow","max-snippet":"max-snippet:-1","max-image-preview":"max-image-preview:large","max-video-preview":"max-video-preview:-1"},"canonical":"https:\/\/gasetlacasa.com\/es\/tratamientos\/ortodoncia\/ortodoncia-con-alineadores-transparentes-invisalign\/","og_locale":"es_ES","og_type":"article","og_title":"Ortodoncia con Alineadores INVISALIGN\u00ae en Palafrugell - Cl\u00ednica Dental Gaset Lacasa - Dentista Palafrugell","og_description":"El equipo de profesionales de la Cl\u00ednica Dental Gaset Lacasa son mujeres y hombres con formaci\u00f3n y experiencia orientados a darle soluciones.","og_url":"https:\/\/gasetlacasa.com\/es\/tratamientos\/ortodoncia\/ortodoncia-con-alineadores-transparentes-invisalign\/","og_site_name":"Cl\u00ednica Dental Gaset Lacasa - Dentista Palafrugell","article_modified_time":"2024-04-24T14:07:35+00:00","twitter_card":"summary_large_image","twitter_misc":{"Tiempo de lectura":"5 minutos"},"schema":{"@context":"https:\/\/schema.org","@graph":[{"@type":"WebPage","@id":"https:\/\/gasetlacasa.com\/es\/tratamientos\/ortodoncia\/ortodoncia-con-alineadores-transparentes-invisalign\/","url":"https:\/\/gasetlacasa.com\/es\/tratamientos\/ortodoncia\/ortodoncia-con-alineadores-transparentes-invisalign\/","name":"Ortodoncia con Alineadores INVISALIGN\u00ae en Palafrugell - Cl\u00ednica Dental Gaset Lacasa - Dentista Palafrugell","isPartOf":{"@id":"https:\/\/gasetlacasa.com\/#website"},"datePublished":"2023-07-05T15:37:01+00:00","dateModified":"2024-04-24T14:07:35+00:00","description":"El equipo de profesionales de la Cl\u00ednica Dental Gaset Lacasa son mujeres y hombres con formaci\u00f3n y experiencia orientados a darle soluciones.","breadcrumb":{"@id":"https:\/\/gasetlacasa.com\/es\/tratamientos\/ortodoncia\/ortodoncia-con-alineadores-transparentes-invisalign\/#breadcrumb"},"inLanguage":"es","potentialAction":[{"@type":"ReadAction","target":["https:\/\/gasetlacasa.com\/es\/tratamientos\/ortodoncia\/ortodoncia-con-alineadores-transparentes-invisalign\/"]}]},{"@type":"BreadcrumbList","@id":"https:\/\/gasetlacasa.com\/es\/tratamientos\/ortodoncia\/ortodoncia-con-alineadores-transparentes-invisalign\/#breadcrumb","itemListElement":[{"@type":"ListItem","position":1,"name":"Inici","item":"https:\/\/gasetlacasa.com\/es\/"},{"@type":"ListItem","position":2,"name":"Tratamientos","item":"https:\/\/gasetlacasa.com\/es\/tratamientos\/"},{"@type":"ListItem","position":3,"name":"Ortodoncia","item":"https:\/\/gasetlacasa.com\/es\/tratamientos\/ortodoncia\/"},{"@type":"ListItem","position":4,"name":"Ortodoncia con Alineadores Transparentes SPARK\u00ae e INVISALIGN\u00ae"}]},{"@type":"WebSite","@id":"https:\/\/gasetlacasa.com\/#website","url":"https:\/\/gasetlacasa.com\/","name":"Cl\u00ednica Dental Gaset Lacasa - Dentista Palafrugell","description":"Cl\u00ednica Dental Gaset Lacasa - Dentista a Palafrugell","potentialAction":[{"@type":"SearchAction","target":{"@type":"EntryPoint","urlTemplate":"https:\/\/gasetlacasa.com\/?s={search_term_string}"},"query-input":"required name=search_term_string"}],"inLanguage":"es"}]}},"_links":{"self":[{"href":"https:\/\/gasetlacasa.com\/es\/wp-json\/wp\/v2\/pages\/1915","targetHints":{"allow":["GET"]}}],"collection":[{"href":"https:\/\/gasetlacasa.com\/es\/wp-json\/wp\/v2\/pages"}],"about":[{"href":"https:\/\/gasetlacasa.com\/es\/wp-json\/wp\/v2\/types\/page"}],"author":[{"embeddable":true,"href":"https:\/\/gasetlacasa.com\/es\/wp-json\/wp\/v2\/users\/1"}],"replies":[{"embeddable":true,"href":"https:\/\/gasetlacasa.com\/es\/wp-json\/wp\/v2\/comments?post=1915"}],"version-history":[{"count":12,"href":"https:\/\/gasetlacasa.com\/es\/wp-json\/wp\/v2\/pages\/1915\/revisions"}],"predecessor-version":[{"id":3739,"href":"https:\/\/gasetlacasa.com\/es\/wp-json\/wp\/v2\/pages\/1915\/revisions\/3739"}],"up":[{"embeddable":true,"href":"https:\/\/gasetlacasa.com\/es\/wp-json\/wp\/v2\/pages\/1912"}],"wp:attachment":[{"href":"https:\/\/gasetlacasa.com\/es\/wp-json\/wp\/v2\/media?parent=1915"}],"curies":[{"name":"wp","href":"https:\/\/api.w.org\/{rel}","templated":true}]}}