{"id":1912,"date":"2023-07-05T17:30:00","date_gmt":"2023-07-05T15:30:00","guid":{"rendered":"http:\/\/web2022.gasetlacasa.com\/tratamientos\/ortodoncia\/"},"modified":"2024-04-24T16:41:29","modified_gmt":"2024-04-24T14:41:29","slug":"ortodoncia","status":"publish","type":"page","link":"https:\/\/gasetlacasa.com\/es\/tratamientos\/ortodoncia\/","title":{"rendered":"Ortodoncia"},"content":{"rendered":"<section class=\"wpb-content-wrapper\"><p>[vc_row full_width=\u00bbstretch_row_content_no_spaces\u00bb row_type=\u00bbrow\u00bb use_row_as_full_screen_section=\u00bbno\u00bb type=\u00bbfull_width\u00bb angled_section=\u00bbno\u00bb text_align=\u00bbleft\u00bb background_image_as_pattern=\u00bbwithout_pattern\u00bb css=\u00bb.vc_custom_1698523271877{background-color: rgba(77,98,82,0.77) !important;*background-color: rgb(77,98,82) !important;}\u00bb][vc_column][vc_empty_space height=\u00bb120px\u00bb][\/vc_column][\/vc_row][vc_row row_type=\u00bbrow\u00bb use_row_as_full_screen_section=\u00bbno\u00bb type=\u00bbfull_width\u00bb angled_section=\u00bbno\u00bb text_align=\u00bbleft\u00bb background_image_as_pattern=\u00bbwithout_pattern\u00bb css=\u00bb.vc_custom_1662748832940{padding-top: 30px !important;}\u00bb][vc_column width=\u00bb1\/4&#8243;][vc_column_text]<\/p>\n<h2 class=\"fontequip\" style=\"text-align: left;\">ORTODONCIA<\/h2>\n<p>[\/vc_column_text][vc_separator color=\u00bbblack\u00bb align=\u00bbalign_left\u00bb border_width=\u00bb8&#8243; el_width=\u00bb60&#8243; css=\u00bb.vc_custom_1662720698269{margin-top: -30px !important;padding-top: -30px !important;}\u00bb][vc_empty_space][\/vc_column][vc_column width=\u00bb3\/4&#8243;][vc_column_text]<\/p>\n<p style=\"text-align: right;\"><strong>Muy frecuentemente, la ortodoncia se relaciona exclusivamente con el hecho de alinear los dientes (la parte que vemos), pero en la Cl\u00ednica Dental Gaset Lacasa, \u00a1la Dra. Amparo Lacasa, la Dra. Gina Muela y su equipo hacen mucho m\u00e1s que eso!<\/strong><\/p>\n<p>[\/vc_column_text][vc_empty_space][\/vc_column][\/vc_row][vc_row row_type=\u00bbrow\u00bb use_row_as_full_screen_section=\u00bbno\u00bb type=\u00bbfull_width\u00bb angled_section=\u00bbno\u00bb text_align=\u00bbleft\u00bb background_image_as_pattern=\u00bbwithout_pattern\u00bb][vc_column][vc_empty_space][vc_column_text]<\/p>\n<h3 style=\"text-align: justify;\"><strong>LA ORTODONCIA CON NOMBRE Y APELLIDO DESDE HACE MUCHAS ORTODONCIAS: AMPARO LACASA<\/strong><\/h3>\n<p>[\/vc_column_text][\/vc_column][\/vc_row][vc_row row_type=\u00bbrow\u00bb use_row_as_full_screen_section=\u00bbno\u00bb type=\u00bbfull_width\u00bb angled_section=\u00bbno\u00bb text_align=\u00bbleft\u00bb background_image_as_pattern=\u00bbwithout_pattern\u00bb][vc_column][vc_column_text]<\/p>\n<p style=\"text-align: justify;\">El objetivo de nuestras ortodoncias es siempre que el<strong> resultado sea est\u00e9tico y arm\u00f3nico y que el paciente est\u00e9 100% satisfecho con lo que ve<\/strong>, pero siempre llegando a este objetivo <strong>de forma respetuosa y saludable con tus dientes y tejidos<\/strong>, mejorando siempre la parte funcional, teniendo en cuenta todos los elementos bucodentales y planificando el caso para que <strong>los resultados perduren en el tiempo<\/strong>.<\/p>\n<p style=\"text-align: justify;\"><strong>\u00bfY c\u00f3mo llegamos a estos objetivos?<\/strong><\/p>\n<p style=\"text-align: justify;\"><strong>No existe un solo tipo de ortodoncia<\/strong> para resolver todos los casos. A veces s\u00f3lo podremos llegar con un sistema determinado, que es el que le propondremos al paciente, y otras podremos presentarle m\u00e1s de una opci\u00f3n, siempre comunic\u00e1ndole las ventajas de cada sistema, para que sea el propio paciente el que elija cu\u00e1l de los sistemas se adecua mejor a sus necesidades y estilo de vida. Si podemos resolver el caso con uno o m\u00e1s sistemas, as\u00ed como qu\u00e9 sistemas son los que nos permitir\u00e1n resolverlo, esto nos lo dir\u00e1 <strong>el estudio diagn\u00f3stico<\/strong>, un estudio completamente personalizado que hacemos siempre antes de empezar (\u00a1y proponer!) una ortodoncia.<\/p>\n<p>[\/vc_column_text][\/vc_column][\/vc_row][vc_row row_type=\u00bbrow\u00bb use_row_as_full_screen_section=\u00bbno\u00bb type=\u00bbfull_width\u00bb angled_section=\u00bbno\u00bb text_align=\u00bbleft\u00bb background_image_as_pattern=\u00bbwithout_pattern\u00bb][vc_column][vc_empty_space][vc_empty_space][\/vc_column][\/vc_row][vc_row row_type=\u00bbrow\u00bb use_row_as_full_screen_section=\u00bbno\u00bb type=\u00bbfull_width\u00bb angled_section=\u00bbno\u00bb text_align=\u00bbleft\u00bb background_image_as_pattern=\u00bbwithout_pattern\u00bb][vc_column][vc_column_text]<\/p>\n<h3 style=\"text-align: center;\"><strong>Tipo de ortodoncia con los que trabajamos en la Cl\u00ednica Dental Gaset Lacasa:<\/strong><\/h3>\n<p>[\/vc_column_text][\/vc_column][\/vc_row][vc_row row_type=\u00bbrow\u00bb use_row_as_full_screen_section=\u00bbno\u00bb type=\u00bbfull_width\u00bb angled_section=\u00bbno\u00bb text_align=\u00bbleft\u00bb background_image_as_pattern=\u00bbwithout_pattern\u00bb][vc_column][vc_empty_space][\/vc_column][\/vc_row][vc_row row_type=\u00bbrow\u00bb use_row_as_full_screen_section=\u00bbno\u00bb type=\u00bbfull_width\u00bb angled_section=\u00bbno\u00bb text_align=\u00bbleft\u00bb background_image_as_pattern=\u00bbwithout_pattern\u00bb][vc_column width=\u00bb1\/2&#8243; offset=\u00bbvc_hidden-sm vc_hidden-xs\u00bb][vc_single_image image=\u00bb636&#8243; img_size=\u00bbfull\u00bb][\/vc_column][vc_column width=\u00bb1\/2&#8243; offset=\u00bbvc_hidden-sm vc_hidden-xs\u00bb][vc_column_text]<\/p>\n<h3>Ortodoncia con alineadores transparentes SPARK<em>\u00ae <\/em>e INVISALIGN<em>\u00ae<\/em><\/h3>\n<p>[\/vc_column_text][vc_column_text]<\/p>\n<p style=\"text-align: justify;\">La ortodoncia invisible es un tratamiento que consiste en la colocaci\u00f3n de una <strong>secuencia de alineadores transparentes individualizados<\/strong> que posicionan correctamente los dientes. Una de las grandes ventajas de los alineadores transparentes es que son removibles y que, por tanto, <strong>te permitir\u00e1n cepillarte los dientes de la misma manera que lo haces ahora<\/strong> y, sobre todo, \u00a1<strong>no tendr\u00e1s ninguna limitaci\u00f3n a la hora de comer<\/strong> lo que m\u00e1s te gusta!<\/p>\n<p>[\/vc_column_text][vc_btn title=\u00bbSABER M\u00c1S\u00bb color=\u00bbblack\u00bb link=\u00bburl:https%3A%2F%2Fgasetlacasa.com%2Fes%2Ftratamientos%2Fortodoncia%2Fortodoncia-con-alineadores-transparentes-invisalign%2F|target:_blank\u00bb][\/vc_column][\/vc_row][vc_row row_type=\u00bbrow\u00bb use_row_as_full_screen_section=\u00bbno\u00bb type=\u00bbfull_width\u00bb angled_section=\u00bbno\u00bb text_align=\u00bbleft\u00bb background_image_as_pattern=\u00bbwithout_pattern\u00bb][vc_column offset=\u00bbvc_hidden-lg vc_hidden-md\u00bb][vc_column_text]<\/p>\n<h3>Ortodoncia con alineadores transparentes SPARK<em>\u00ae <\/em>e INVISALIGN<em>\u00ae<\/em><\/h3>\n<p>[\/vc_column_text][vc_single_image image=\u00bb636&#8243; img_size=\u00bbfull\u00bb][vc_column_text]<\/p>\n<p style=\"text-align: justify;\">La ortodoncia invisible es un tratamiento que consiste en la colocaci\u00f3n de una <strong>secuencia de alineadores transparentes individualizados<\/strong> que posicionan correctamente los dientes. Una de las grandes ventajas de los alineadores transparentes es que son removibles y que, por tanto, <strong>te permitir\u00e1n cepillarte los dientes de la misma manera que lo haces ahora<\/strong> y, sobre todo, \u00a1<strong>no tendr\u00e1s ninguna limitaci\u00f3n a la hora de comer<\/strong> lo que m\u00e1s te gusta!<\/p>\n<p>[\/vc_column_text][vc_btn title=\u00bbSABER M\u00c1S\u00bb color=\u00bbblack\u00bb link=\u00bburl:https%3A%2F%2Fgasetlacasa.com%2Fes%2Ftratamientos%2Fortodoncia%2Fortodoncia-con-alineadores-transparentes-invisalign%2F|target:_blank\u00bb][\/vc_column][\/vc_row][vc_row row_type=\u00bbrow\u00bb use_row_as_full_screen_section=\u00bbno\u00bb type=\u00bbfull_width\u00bb angled_section=\u00bbno\u00bb text_align=\u00bbleft\u00bb background_image_as_pattern=\u00bbwithout_pattern\u00bb css=\u00bb.vc_custom_1703675760398{padding-top: 100px !important;}\u00bb][vc_column width=\u00bb1\/2&#8243; offset=\u00bbvc_hidden-sm vc_hidden-xs\u00bb][vc_column_text]<\/p>\n<h3>Ortodoncia con brackets fijos <em>DAMON SYSTEM \u00ae<\/em><\/h3>\n<p>[\/vc_column_text][vc_column_text css=\u00bb.vc_custom_1688573794108{padding-top: 50px !important;}\u00bb]<\/p>\n<p style=\"text-align: justify;\">La ortodoncia fija es una t\u00e9cnica que utiliza <strong><em>brackets<\/em> de acero inoxidable fijados a los dientes en una posici\u00f3n determinada<\/strong> . Por estos <em>brackets<\/em> pasan unos arcos de titanio que aplican la fuerza necesaria para conseguir los movimientos deseados. Este sistema <strong>es el m\u00e1s conocido y con \u00e9l se pueden tratar un gran abanico de casos ortod\u00f3nticos<\/strong>.<\/p>\n<p>[\/vc_column_text][vc_btn title=\u00bbSABER M\u00c1S\u00bb color=\u00bbblack\u00bb link=\u00bburl:https%3A%2F%2Fgasetlacasa.com%2Fes%2Ftratamientos%2Fortodoncia%2Fortodoncia-con-brackets-fijos-damon-system%2F|title:Ortodoncia%20con%20brackets%20fijos%20DAMON%20SYSTEM%20%C2%AE|target:_blank\u00bb][\/vc_column][vc_column width=\u00bb1\/2&#8243; offset=\u00bbvc_hidden-sm vc_hidden-xs\u00bb][vc_single_image image=\u00bb635&#8243; img_size=\u00bbfull\u00bb][\/vc_column][\/vc_row][vc_row row_type=\u00bbrow\u00bb use_row_as_full_screen_section=\u00bbno\u00bb type=\u00bbfull_width\u00bb angled_section=\u00bbno\u00bb text_align=\u00bbleft\u00bb background_image_as_pattern=\u00bbwithout_pattern\u00bb css=\u00bb.vc_custom_1703675588380{padding-top: 50px !important;padding-bottom: 100px !important;}\u00bb][vc_column offset=\u00bbvc_hidden-lg vc_hidden-md\u00bb][vc_column_text]<\/p>\n<h3>Ortodoncia con brackets fijos <em>DAMON SYSTEM \u00ae<\/em><\/h3>\n<p>[\/vc_column_text][vc_single_image image=\u00bb635&#8243; img_size=\u00bbfull\u00bb][vc_column_text css=\u00bb.vc_custom_1688573794108{padding-top: 50px !important;}\u00bb]<\/p>\n<p style=\"text-align: justify;\">La ortodoncia fija es una t\u00e9cnica que utiliza <strong><em>brackets<\/em> de acero inoxidable fijados a los dientes en una posici\u00f3n determinada<\/strong> . Por estos <em>brackets<\/em> pasan unos arcos de titanio que aplican la fuerza necesaria para conseguir los movimientos deseados. Este sistema <strong>es el m\u00e1s conocido y con \u00e9l se pueden tratar un gran abanico de casos ortod\u00f3nticos<\/strong>.<\/p>\n<p>[\/vc_column_text][vc_btn title=\u00bbSABER M\u00c1S\u00bb color=\u00bbblack\u00bb link=\u00bburl:https%3A%2F%2Fgasetlacasa.com%2Fes%2Ftratamientos%2Fortodoncia%2Fortodoncia-con-brackets-fijos-damon-system%2F|title:Ortodoncia%20con%20brackets%20fijos%20DAMON%20SYSTEM%20%C2%AE|target:_blank\u00bb][\/vc_column][\/vc_row][vc_row row_type=\u00bbrow\u00bb use_row_as_full_screen_section=\u00bbno\u00bb type=\u00bbfull_width\u00bb angled_section=\u00bbno\u00bb text_align=\u00bbleft\u00bb background_image_as_pattern=\u00bbwithout_pattern\u00bb][vc_column width=\u00bb1\/2&#8243; offset=\u00bbvc_hidden-sm vc_hidden-xs\u00bb][vc_single_image image=\u00bb634&#8243; img_size=\u00bbfull\u00bb][\/vc_column][vc_column width=\u00bb1\/2&#8243; offset=\u00bbvc_hidden-sm vc_hidden-xs\u00bb][vc_column_text]<\/p>\n<h3>Ortodoncia Interceptiva<\/h3>\n<p>[\/vc_column_text][vc_column_text]<\/p>\n<p style=\"text-align: justify;\">La ortodoncia interceptiva es el tipo de ortodoncia que se coloca en ni\u00f1as y ni\u00f1os con <strong>dientes de leche o dentici\u00f3n mixta<\/strong> y que gu\u00eda los dientes y el hueso maxilar, con unos aparatos <strong>fijos o removibles<\/strong>, hacia una posici\u00f3n id\u00f3nea. Estos tratamientos buscan <strong>guiar y corregir el crecimiento maxilar<\/strong> y, por tanto, es clave la elecci\u00f3n del momento oportuno para hacerlos.<\/p>\n<p>[\/vc_column_text][vc_btn title=\u00bbSABER M\u00c1S\u00bb color=\u00bbblack\u00bb link=\u00bburl:https%3A%2F%2Fgasetlacasa.com%2Fes%2Ftratamientos%2Fortodoncia%2Fortodoncia-interceptiva%2F|target:_blank\u00bb][\/vc_column][\/vc_row][vc_row row_type=\u00bbrow\u00bb use_row_as_full_screen_section=\u00bbno\u00bb type=\u00bbfull_width\u00bb angled_section=\u00bbno\u00bb text_align=\u00bbleft\u00bb background_image_as_pattern=\u00bbwithout_pattern\u00bb][vc_column offset=\u00bbvc_hidden-lg vc_hidden-md\u00bb][vc_column_text]<\/p>\n<h3>Ortodoncia Interceptiva<\/h3>\n<p>[\/vc_column_text][vc_single_image image=\u00bb634&#8243; img_size=\u00bbfull\u00bb][vc_column_text]<\/p>\n<p style=\"text-align: justify;\">La ortodoncia interceptiva es el tipo de ortodoncia que se coloca en ni\u00f1as y ni\u00f1os con <strong>dientes de leche o dentici\u00f3n mixta<\/strong> y que gu\u00eda los dientes y el hueso maxilar, con unos aparatos <strong>fijos o removibles<\/strong>, hacia una posici\u00f3n id\u00f3nea. Estos tratamientos buscan <strong>guiar y corregir el crecimiento maxilar<\/strong> y, por tanto, es clave la elecci\u00f3n del momento oportuno para hacerlos.<\/p>\n<p>[\/vc_column_text][vc_btn title=\u00bbSABER M\u00c1S\u00bb color=\u00bbblack\u00bb link=\u00bburl:https%3A%2F%2Fgasetlacasa.com%2Fes%2Ftratamientos%2Fortodoncia%2Fortodoncia-interceptiva%2F|target:_blank\u00bb][\/vc_column][\/vc_row][vc_row row_type=\u00bbrow\u00bb use_row_as_full_screen_section=\u00bbno\u00bb type=\u00bbfull_width\u00bb angled_section=\u00bbno\u00bb text_align=\u00bbleft\u00bb background_image_as_pattern=\u00bbwithout_pattern\u00bb][vc_column][vc_empty_space height=\u00bb100px\u00bb][\/vc_column][\/vc_row][vc_row row_type=\u00bbrow\u00bb use_row_as_full_screen_section=\u00bbno\u00bb type=\u00bbfull_width\u00bb angled_section=\u00bbno\u00bb text_align=\u00bbleft\u00bb background_image_as_pattern=\u00bbwithout_pattern\u00bb][vc_column width=\u00bb1\/2&#8243; offset=\u00bbvc_hidden-sm vc_hidden-xs\u00bb][vc_single_image image=\u00bb368&#8243; img_size=\u00bbfull\u00bb][\/vc_column][vc_column width=\u00bb1\/2&#8243; css=\u00bb.vc_custom_1703675781587{margin-top: 50px !important;margin-left: -50px !important;background-color: #000000 !important;}\u00bb offset=\u00bbvc_hidden-sm vc_hidden-xs\u00bb][vc_column_text]<span style=\"color: #ffffff;\"><strong>\u00bfTienes dudas de cu\u00e1l ser\u00eda la mejor opci\u00f3n para ti?<\/strong><\/span><\/p>\n<p><span style=\"color: #ffffff;\"><strong>\u00a1\u00a1VEN A TU PRIMERA VISITA!!<br \/>\n<\/strong>Si est\u00e1s buscando una especialista de ortodoncia en el Baix Empord\u00e0, has llegado al sitio indicado. \u00a1Ven a tu primera visita con la <strong>Dra. Lacasa<\/strong> y la <strong>Dra. Muela<\/strong> y expl\u00edcanos qu\u00e9 es lo que querr\u00edas mejorar de tu sonrisa!<\/span><\/p>\n<p><span style=\"color: #ffffff;\"><strong><a style=\"color: #ffffff;\" href=\"tel:689%20645%20997\">\u00a1Ll\u00e1manos!<\/a><\/strong><\/span>[\/vc_column_text][\/vc_column][\/vc_row][vc_row row_type=\u00bbrow\u00bb use_row_as_full_screen_section=\u00bbno\u00bb type=\u00bbfull_width\u00bb angled_section=\u00bbno\u00bb text_align=\u00bbleft\u00bb background_image_as_pattern=\u00bbwithout_pattern\u00bb][vc_column css=\u00bb.vc_custom_1703675792733{background-color: #000000 !important;}\u00bb offset=\u00bbvc_hidden-lg vc_hidden-md\u00bb][vc_single_image image=\u00bb368&#8243; img_size=\u00bbfull\u00bb][vc_column_text]<span style=\"color: #ffffff;\"><strong>\u00bfTienes dudas de cu\u00e1l ser\u00eda la mejor opci\u00f3n para ti?<\/strong><\/span><\/p>\n<p><span style=\"color: #ffffff;\"><strong>\u00a1\u00a1VEN A TU PRIMERA VISITA!!<br \/>\n<\/strong>Si est\u00e1s buscando una especialista de ortodoncia en el Baix Empord\u00e0, has llegado al sitio indicado. \u00a1Ven a tu primera visita con la <strong>Dra. Lacasa<\/strong> y la <strong>Dra. Muela<\/strong> y expl\u00edcanos qu\u00e9 es lo que querr\u00edas mejorar de tu sonrisa!<\/span><\/p>\n<p><span style=\"color: #ffffff;\"><strong><a style=\"color: #ffffff;\" href=\"tel:689%20645%20997\">\u00a1Ll\u00e1manos!<\/a><\/strong><\/span>[\/vc_column_text][\/vc_column][\/vc_row][vc_row row_type=\u00bbrow\u00bb use_row_as_full_screen_section=\u00bbno\u00bb type=\u00bbfull_width\u00bb angled_section=\u00bbno\u00bb text_align=\u00bbleft\u00bb background_image_as_pattern=\u00bbwithout_pattern\u00bb][vc_column][vc_empty_space][vc_empty_space][vc_empty_space][vc_empty_space][\/vc_column][\/vc_row]<\/p>\n<\/section>","protected":false},"excerpt":{"rendered":"<p>[vc_row full_width=\u00bbstretch_row_content_no_spaces\u00bb row_type=\u00bbrow\u00bb use_row_as_full_screen_section=\u00bbno\u00bb type=\u00bbfull_width\u00bb angled_section=\u00bbno\u00bb text_align=\u00bbleft\u00bb background_image_as_pattern=\u00bbwithout_pattern\u00bb css=\u00bb.vc_custom_1698523271877{background-color: rgba(77,98,82,0.77) !important;*background-color: rgb(77,98,82) !important;}\u00bb][vc_column][vc_empty_space height=\u00bb120px\u00bb][\/vc_column][\/vc_row][vc_row row_type=\u00bbrow\u00bb use_row_as_full_screen_section=\u00bbno\u00bb type=\u00bbfull_width\u00bb angled_section=\u00bbno\u00bb text_align=\u00bbleft\u00bb background_image_as_pattern=\u00bbwithout_pattern\u00bb css=\u00bb.vc_custom_1662748832940{padding-top: 30px !important;}\u00bb][vc_column width=\u00bb1\/4&#8243;][vc_column_text] ORTODONCIA [\/vc_column_text][vc_separator color=\u00bbblack\u00bb align=\u00bbalign_left\u00bb border_width=\u00bb8&#8243; el_width=\u00bb60&#8243; css=\u00bb.vc_custom_1662720698269{margin-top: -30px !important;padding-top: -30px !important;}\u00bb][vc_empty_space][\/vc_column][vc_column width=\u00bb3\/4&#8243;][vc_column_text] Muy frecuentemente, la ortodoncia se relaciona exclusivamente con el hecho de alinear los dientes (la parte que vemos), pero [&hellip;]<\/p>\n","protected":false},"author":1,"featured_media":0,"parent":1834,"menu_order":54,"comment_status":"closed","ping_status":"closed","template":"","meta":{"_acf_changed":false,"footnotes":""},"class_list":["post-1912","page","type-page","status-publish","hentry"],"acf":[],"yoast_head":"<!-- This site is optimized with the Yoast SEO plugin v22.0 - https:\/\/yoast.com\/wordpress\/plugins\/seo\/ -->\n<title>Ortodoncia en Palafrugell - Cl\u00ednica Dental Gaset Lacasa - Dentista Palafrugell<\/title>\n<meta name=\"description\" content=\"El equipo de profesionales de la Cl\u00ednica Dental Gaset Lacasa son mujeres y hombres con formaci\u00f3n y experiencia orientados a darle soluciones.\" \/>\n<meta name=\"robots\" content=\"index, follow, max-snippet:-1, max-image-preview:large, max-video-preview:-1\" \/>\n<link rel=\"canonical\" href=\"https:\/\/gasetlacasa.com\/es\/tratamientos\/ortodoncia\/\" \/>\n<meta property=\"og:locale\" content=\"es_ES\" \/>\n<meta property=\"og:type\" content=\"article\" \/>\n<meta property=\"og:title\" content=\"Ortodoncia en Palafrugell - Cl\u00ednica Dental Gaset Lacasa - Dentista Palafrugell\" \/>\n<meta property=\"og:description\" content=\"El equipo de profesionales de la Cl\u00ednica Dental Gaset Lacasa son mujeres y hombres con formaci\u00f3n y experiencia orientados a darle soluciones.\" \/>\n<meta property=\"og:url\" content=\"https:\/\/gasetlacasa.com\/es\/tratamientos\/ortodoncia\/\" \/>\n<meta property=\"og:site_name\" content=\"Cl\u00ednica Dental Gaset Lacasa - Dentista Palafrugell\" \/>\n<meta property=\"article:modified_time\" content=\"2024-04-24T14:41:29+00:00\" \/>\n<meta name=\"twitter:card\" content=\"summary_large_image\" \/>\n<meta name=\"twitter:label1\" content=\"Tiempo de lectura\" \/>\n\t<meta name=\"twitter:data1\" content=\"8 minutos\" \/>\n<script type=\"application\/ld+json\" class=\"yoast-schema-graph\">{\"@context\":\"https:\/\/schema.org\",\"@graph\":[{\"@type\":\"WebPage\",\"@id\":\"https:\/\/gasetlacasa.com\/es\/tratamientos\/ortodoncia\/\",\"url\":\"https:\/\/gasetlacasa.com\/es\/tratamientos\/ortodoncia\/\",\"name\":\"Ortodoncia en Palafrugell - Cl\u00ednica Dental Gaset Lacasa - Dentista Palafrugell\",\"isPartOf\":{\"@id\":\"https:\/\/gasetlacasa.com\/#website\"},\"datePublished\":\"2023-07-05T15:30:00+00:00\",\"dateModified\":\"2024-04-24T14:41:29+00:00\",\"description\":\"El equipo de profesionales de la Cl\u00ednica Dental Gaset Lacasa son mujeres y hombres con formaci\u00f3n y experiencia orientados a darle soluciones.\",\"breadcrumb\":{\"@id\":\"https:\/\/gasetlacasa.com\/es\/tratamientos\/ortodoncia\/#breadcrumb\"},\"inLanguage\":\"es\",\"potentialAction\":[{\"@type\":\"ReadAction\",\"target\":[\"https:\/\/gasetlacasa.com\/es\/tratamientos\/ortodoncia\/\"]}]},{\"@type\":\"BreadcrumbList\",\"@id\":\"https:\/\/gasetlacasa.com\/es\/tratamientos\/ortodoncia\/#breadcrumb\",\"itemListElement\":[{\"@type\":\"ListItem\",\"position\":1,\"name\":\"Inici\",\"item\":\"https:\/\/gasetlacasa.com\/es\/\"},{\"@type\":\"ListItem\",\"position\":2,\"name\":\"Tratamientos\",\"item\":\"https:\/\/gasetlacasa.com\/es\/tratamientos\/\"},{\"@type\":\"ListItem\",\"position\":3,\"name\":\"Ortodoncia\"}]},{\"@type\":\"WebSite\",\"@id\":\"https:\/\/gasetlacasa.com\/#website\",\"url\":\"https:\/\/gasetlacasa.com\/\",\"name\":\"Cl\u00ednica Dental Gaset Lacasa - Dentista Palafrugell\",\"description\":\"Cl\u00ednica Dental Gaset Lacasa - Dentista a Palafrugell\",\"potentialAction\":[{\"@type\":\"SearchAction\",\"target\":{\"@type\":\"EntryPoint\",\"urlTemplate\":\"https:\/\/gasetlacasa.com\/?s={search_term_string}\"},\"query-input\":\"required name=search_term_string\"}],\"inLanguage\":\"es\"}]}<\/script>\n<!-- \/ Yoast SEO plugin. -->","yoast_head_json":{"title":"Ortodoncia en Palafrugell - Cl\u00ednica Dental Gaset Lacasa - Dentista Palafrugell","description":"El equipo de profesionales de la Cl\u00ednica Dental Gaset Lacasa son mujeres y hombres con formaci\u00f3n y experiencia orientados a darle soluciones.","robots":{"index":"index","follow":"follow","max-snippet":"max-snippet:-1","max-image-preview":"max-image-preview:large","max-video-preview":"max-video-preview:-1"},"canonical":"https:\/\/gasetlacasa.com\/es\/tratamientos\/ortodoncia\/","og_locale":"es_ES","og_type":"article","og_title":"Ortodoncia en Palafrugell - Cl\u00ednica Dental Gaset Lacasa - Dentista Palafrugell","og_description":"El equipo de profesionales de la Cl\u00ednica Dental Gaset Lacasa son mujeres y hombres con formaci\u00f3n y experiencia orientados a darle soluciones.","og_url":"https:\/\/gasetlacasa.com\/es\/tratamientos\/ortodoncia\/","og_site_name":"Cl\u00ednica Dental Gaset Lacasa - Dentista Palafrugell","article_modified_time":"2024-04-24T14:41:29+00:00","twitter_card":"summary_large_image","twitter_misc":{"Tiempo de lectura":"8 minutos"},"schema":{"@context":"https:\/\/schema.org","@graph":[{"@type":"WebPage","@id":"https:\/\/gasetlacasa.com\/es\/tratamientos\/ortodoncia\/","url":"https:\/\/gasetlacasa.com\/es\/tratamientos\/ortodoncia\/","name":"Ortodoncia en Palafrugell - Cl\u00ednica Dental Gaset Lacasa - Dentista Palafrugell","isPartOf":{"@id":"https:\/\/gasetlacasa.com\/#website"},"datePublished":"2023-07-05T15:30:00+00:00","dateModified":"2024-04-24T14:41:29+00:00","description":"El equipo de profesionales de la Cl\u00ednica Dental Gaset Lacasa son mujeres y hombres con formaci\u00f3n y experiencia orientados a darle soluciones.","breadcrumb":{"@id":"https:\/\/gasetlacasa.com\/es\/tratamientos\/ortodoncia\/#breadcrumb"},"inLanguage":"es","potentialAction":[{"@type":"ReadAction","target":["https:\/\/gasetlacasa.com\/es\/tratamientos\/ortodoncia\/"]}]},{"@type":"BreadcrumbList","@id":"https:\/\/gasetlacasa.com\/es\/tratamientos\/ortodoncia\/#breadcrumb","itemListElement":[{"@type":"ListItem","position":1,"name":"Inici","item":"https:\/\/gasetlacasa.com\/es\/"},{"@type":"ListItem","position":2,"name":"Tratamientos","item":"https:\/\/gasetlacasa.com\/es\/tratamientos\/"},{"@type":"ListItem","position":3,"name":"Ortodoncia"}]},{"@type":"WebSite","@id":"https:\/\/gasetlacasa.com\/#website","url":"https:\/\/gasetlacasa.com\/","name":"Cl\u00ednica Dental Gaset Lacasa - Dentista Palafrugell","description":"Cl\u00ednica Dental Gaset Lacasa - Dentista a Palafrugell","potentialAction":[{"@type":"SearchAction","target":{"@type":"EntryPoint","urlTemplate":"https:\/\/gasetlacasa.com\/?s={search_term_string}"},"query-input":"required name=search_term_string"}],"inLanguage":"es"}]}},"_links":{"self":[{"href":"https:\/\/gasetlacasa.com\/es\/wp-json\/wp\/v2\/pages\/1912","targetHints":{"allow":["GET"]}}],"collection":[{"href":"https:\/\/gasetlacasa.com\/es\/wp-json\/wp\/v2\/pages"}],"about":[{"href":"https:\/\/gasetlacasa.com\/es\/wp-json\/wp\/v2\/types\/page"}],"author":[{"embeddable":true,"href":"https:\/\/gasetlacasa.com\/es\/wp-json\/wp\/v2\/users\/1"}],"replies":[{"embeddable":true,"href":"https:\/\/gasetlacasa.com\/es\/wp-json\/wp\/v2\/comments?post=1912"}],"version-history":[{"count":27,"href":"https:\/\/gasetlacasa.com\/es\/wp-json\/wp\/v2\/pages\/1912\/revisions"}],"predecessor-version":[{"id":3746,"href":"https:\/\/gasetlacasa.com\/es\/wp-json\/wp\/v2\/pages\/1912\/revisions\/3746"}],"up":[{"embeddable":true,"href":"https:\/\/gasetlacasa.com\/es\/wp-json\/wp\/v2\/pages\/1834"}],"wp:attachment":[{"href":"https:\/\/gasetlacasa.com\/es\/wp-json\/wp\/v2\/media?parent=1912"}],"curies":[{"name":"wp","href":"https:\/\/api.w.org\/{rel}","templated":true}]}}