{"id":1864,"date":"2023-07-05T16:37:26","date_gmt":"2023-07-05T14:37:26","guid":{"rendered":"http:\/\/web2022.gasetlacasa.com\/tratamientos\/odontologia-conservadora\/"},"modified":"2024-09-09T15:45:38","modified_gmt":"2024-09-09T13:45:38","slug":"odontologia-conservadora","status":"publish","type":"page","link":"https:\/\/gasetlacasa.com\/es\/tratamientos\/odontologia-conservadora\/","title":{"rendered":"Odontolog\u00eda Conservadora"},"content":{"rendered":"<section class=\"wpb-content-wrapper\"><p>[vc_row full_width=\u00bbstretch_row_content_no_spaces\u00bb row_type=\u00bbrow\u00bb use_row_as_full_screen_section=\u00bbno\u00bb type=\u00bbfull_width\u00bb angled_section=\u00bbno\u00bb text_align=\u00bbleft\u00bb background_image_as_pattern=\u00bbwithout_pattern\u00bb css=\u00bb.vc_custom_1646324597658{background-color: rgba(77,98,82,0.77) !important;*background-color: rgb(77,98,82) !important;}\u00bb][vc_column][vc_empty_space height=\u00bb120px\u00bb][\/vc_column][\/vc_row][vc_row row_type=\u00bbrow\u00bb use_row_as_full_screen_section=\u00bbno\u00bb type=\u00bbfull_width\u00bb angled_section=\u00bbno\u00bb text_align=\u00bbleft\u00bb background_image_as_pattern=\u00bbwithout_pattern\u00bb css=\u00bb.vc_custom_1662748832940{padding-top: 30px !important;}\u00bb][vc_column width=\u00bb1\/3&#8243;][vc_column_text]<\/p>\n<h2 class=\"fontequip\" style=\"text-align: left;\">ODONTOLOG\u00cdA CONSERVADORA<\/h2>\n<p>[\/vc_column_text][vc_separator color=\u00bbblack\u00bb align=\u00bbalign_left\u00bb border_width=\u00bb8&#8243; el_width=\u00bb60&#8243; css=\u00bb.vc_custom_1662720698269{margin-top: -30px !important;padding-top: -30px !important;}\u00bb][vc_empty_space][\/vc_column][vc_column width=\u00bb2\/3&#8243;][vc_column_text]<\/p>\n<p style=\"text-align: right;\"><strong>La odontolog\u00eda conservadora comprende el conjunto de tratamientos que nos permiten mantener la salud de los dientes y muelas atacadas por la caries dental, traumatismos u otros factores patol\u00f3gicos. \u00a1En la Cl\u00ednica Dental Gaset Lacasa, la Dra. Laida Comino y el Dr. Jordi Cadellans se encargan de llevar a cabo los tratamientos necesarios para que puedas mantener tus dientes sanos! <\/strong><\/p>\n<p>[\/vc_column_text][vc_empty_space][\/vc_column][\/vc_row][vc_row row_type=\u00bbrow\u00bb use_row_as_full_screen_section=\u00bbno\u00bb type=\u00bbfull_width\u00bb angled_section=\u00bbno\u00bb text_align=\u00bbleft\u00bb background_image_as_pattern=\u00bbwithout_pattern\u00bb css=\u00bb.vc_custom_1669217849746{margin-top: -100px !important;padding-top: 50px !important;padding-bottom: 100px !important;}\u00bb][vc_column width=\u00bb1\/2&#8243; css=\u00bb.vc_custom_1669217895213{margin-top: 50px !important;padding-top: 30px !important;}\u00bb][vc_column_text]<\/p>\n<h5><strong>El tratamiento conservador tiene tres objetivos:<\/strong><\/h5>\n<ul>\n<li><strong>Higienizar la boca<\/strong> retirando aquellas piezas que no tienen tratamiento.<\/li>\n<li><strong>Reparar las piezas que sufren caries dental<\/strong> , sea con una obturaci\u00f3n o con una incrustaci\u00f3n dental, tarea que en nuestra cl\u00ednica lleva a cabo la <strong>Dra. Laida Comino<\/strong>.<\/li>\n<li>Tratar el nervio de los dientes que lo tienen afectado por la caries. Este tratamiento se conoce como <strong>endodoncia<\/strong> . El <strong>dr. Jordi Cadellans<\/strong> es nuestro especialista en endodoncia y su m\u00e1xima prioridad es conseguir que puedas conservar tus dientes.<\/li>\n<\/ul>\n<p>[\/vc_column_text][vc_row_inner css=\u00bb.vc_custom_1669217813599{margin-top: -370px !important;margin-right: -100px !important;margin-bottom: 100px !important;margin-left: -300px !important;background-color: #efefef !important;}\u00bb][vc_column_inner][vc_empty_space height=\u00bb350px\u00bb][\/vc_column_inner][\/vc_row_inner][\/vc_column][vc_column width=\u00bb1\/2&#8243;][vc_single_image image=\u00bb3815&#8243; img_size=\u00bbfull\u00bb][\/vc_column][\/vc_row][vc_row row_type=\u00bbrow\u00bb use_row_as_full_screen_section=\u00bbno\u00bb type=\u00bbfull_width\u00bb angled_section=\u00bbno\u00bb text_align=\u00bbleft\u00bb background_image_as_pattern=\u00bbwithout_pattern\u00bb][vc_column][vc_empty_space height=\u00bb80px\u00bb][\/vc_column][\/vc_row]<\/p>\n<\/section>","protected":false},"excerpt":{"rendered":"<p>[vc_row full_width=\u00bbstretch_row_content_no_spaces\u00bb row_type=\u00bbrow\u00bb use_row_as_full_screen_section=\u00bbno\u00bb type=\u00bbfull_width\u00bb angled_section=\u00bbno\u00bb text_align=\u00bbleft\u00bb background_image_as_pattern=\u00bbwithout_pattern\u00bb css=\u00bb.vc_custom_1646324597658{background-color: rgba(77,98,82,0.77) !important;*background-color: rgb(77,98,82) !important;}\u00bb][vc_column][vc_empty_space height=\u00bb120px\u00bb][\/vc_column][\/vc_row][vc_row row_type=\u00bbrow\u00bb use_row_as_full_screen_section=\u00bbno\u00bb type=\u00bbfull_width\u00bb angled_section=\u00bbno\u00bb text_align=\u00bbleft\u00bb background_image_as_pattern=\u00bbwithout_pattern\u00bb css=\u00bb.vc_custom_1662748832940{padding-top: 30px !important;}\u00bb][vc_column width=\u00bb1\/3&#8243;][vc_column_text] ODONTOLOG\u00cdA CONSERVADORA [\/vc_column_text][vc_separator color=\u00bbblack\u00bb align=\u00bbalign_left\u00bb border_width=\u00bb8&#8243; el_width=\u00bb60&#8243; css=\u00bb.vc_custom_1662720698269{margin-top: -30px !important;padding-top: -30px !important;}\u00bb][vc_empty_space][\/vc_column][vc_column width=\u00bb2\/3&#8243;][vc_column_text] La odontolog\u00eda conservadora comprende el conjunto de tratamientos que nos permiten mantener la salud de los dientes y [&hellip;]<\/p>\n","protected":false},"author":1,"featured_media":0,"parent":1834,"menu_order":54,"comment_status":"closed","ping_status":"closed","template":"","meta":{"_acf_changed":false,"footnotes":""},"class_list":["post-1864","page","type-page","status-publish","hentry"],"acf":[],"yoast_head":"<!-- This site is optimized with the Yoast SEO plugin v22.0 - https:\/\/yoast.com\/wordpress\/plugins\/seo\/ -->\n<title>Odontolog\u00eda Conservadora en Palafrugell - Cl\u00ednica Dental Gaset Lacasa - Dentista Palafrugell<\/title>\n<meta name=\"description\" content=\"El equipo de profesionales de la Cl\u00ednica Dental Gaset Lacasa son mujeres y hombres con formaci\u00f3n y experiencia orientados a darle soluciones.\" \/>\n<meta name=\"robots\" content=\"index, follow, max-snippet:-1, max-image-preview:large, max-video-preview:-1\" \/>\n<link rel=\"canonical\" href=\"https:\/\/gasetlacasa.com\/es\/tratamientos\/odontologia-conservadora\/\" \/>\n<meta property=\"og:locale\" content=\"es_ES\" \/>\n<meta property=\"og:type\" content=\"article\" \/>\n<meta property=\"og:title\" content=\"Odontolog\u00eda Conservadora en Palafrugell - Cl\u00ednica Dental Gaset Lacasa - Dentista Palafrugell\" \/>\n<meta property=\"og:description\" content=\"El equipo de profesionales de la Cl\u00ednica Dental Gaset Lacasa son mujeres y hombres con formaci\u00f3n y experiencia orientados a darle soluciones.\" \/>\n<meta property=\"og:url\" content=\"https:\/\/gasetlacasa.com\/es\/tratamientos\/odontologia-conservadora\/\" \/>\n<meta property=\"og:site_name\" content=\"Cl\u00ednica Dental Gaset Lacasa - Dentista Palafrugell\" \/>\n<meta property=\"article:modified_time\" content=\"2024-09-09T13:45:38+00:00\" \/>\n<meta name=\"twitter:card\" content=\"summary_large_image\" \/>\n<meta name=\"twitter:label1\" content=\"Tiempo de lectura\" \/>\n\t<meta name=\"twitter:data1\" content=\"2 minutos\" \/>\n<script type=\"application\/ld+json\" class=\"yoast-schema-graph\">{\"@context\":\"https:\/\/schema.org\",\"@graph\":[{\"@type\":\"WebPage\",\"@id\":\"https:\/\/gasetlacasa.com\/es\/tratamientos\/odontologia-conservadora\/\",\"url\":\"https:\/\/gasetlacasa.com\/es\/tratamientos\/odontologia-conservadora\/\",\"name\":\"Odontolog\u00eda Conservadora en Palafrugell - Cl\u00ednica Dental Gaset Lacasa - Dentista Palafrugell\",\"isPartOf\":{\"@id\":\"https:\/\/gasetlacasa.com\/#website\"},\"datePublished\":\"2023-07-05T14:37:26+00:00\",\"dateModified\":\"2024-09-09T13:45:38+00:00\",\"description\":\"El equipo de profesionales de la Cl\u00ednica Dental Gaset Lacasa son mujeres y hombres con formaci\u00f3n y experiencia orientados a darle soluciones.\",\"breadcrumb\":{\"@id\":\"https:\/\/gasetlacasa.com\/es\/tratamientos\/odontologia-conservadora\/#breadcrumb\"},\"inLanguage\":\"es\",\"potentialAction\":[{\"@type\":\"ReadAction\",\"target\":[\"https:\/\/gasetlacasa.com\/es\/tratamientos\/odontologia-conservadora\/\"]}]},{\"@type\":\"BreadcrumbList\",\"@id\":\"https:\/\/gasetlacasa.com\/es\/tratamientos\/odontologia-conservadora\/#breadcrumb\",\"itemListElement\":[{\"@type\":\"ListItem\",\"position\":1,\"name\":\"Inici\",\"item\":\"https:\/\/gasetlacasa.com\/es\/\"},{\"@type\":\"ListItem\",\"position\":2,\"name\":\"Tratamientos\",\"item\":\"https:\/\/gasetlacasa.com\/es\/tratamientos\/\"},{\"@type\":\"ListItem\",\"position\":3,\"name\":\"Odontolog\u00eda Conservadora\"}]},{\"@type\":\"WebSite\",\"@id\":\"https:\/\/gasetlacasa.com\/#website\",\"url\":\"https:\/\/gasetlacasa.com\/\",\"name\":\"Cl\u00ednica Dental Gaset Lacasa - Dentista Palafrugell\",\"description\":\"Cl\u00ednica Dental Gaset Lacasa - Dentista a Palafrugell\",\"potentialAction\":[{\"@type\":\"SearchAction\",\"target\":{\"@type\":\"EntryPoint\",\"urlTemplate\":\"https:\/\/gasetlacasa.com\/?s={search_term_string}\"},\"query-input\":\"required name=search_term_string\"}],\"inLanguage\":\"es\"}]}<\/script>\n<!-- \/ Yoast SEO plugin. -->","yoast_head_json":{"title":"Odontolog\u00eda Conservadora en Palafrugell - Cl\u00ednica Dental Gaset Lacasa - Dentista Palafrugell","description":"El equipo de profesionales de la Cl\u00ednica Dental Gaset Lacasa son mujeres y hombres con formaci\u00f3n y experiencia orientados a darle soluciones.","robots":{"index":"index","follow":"follow","max-snippet":"max-snippet:-1","max-image-preview":"max-image-preview:large","max-video-preview":"max-video-preview:-1"},"canonical":"https:\/\/gasetlacasa.com\/es\/tratamientos\/odontologia-conservadora\/","og_locale":"es_ES","og_type":"article","og_title":"Odontolog\u00eda Conservadora en Palafrugell - Cl\u00ednica Dental Gaset Lacasa - Dentista Palafrugell","og_description":"El equipo de profesionales de la Cl\u00ednica Dental Gaset Lacasa son mujeres y hombres con formaci\u00f3n y experiencia orientados a darle soluciones.","og_url":"https:\/\/gasetlacasa.com\/es\/tratamientos\/odontologia-conservadora\/","og_site_name":"Cl\u00ednica Dental Gaset Lacasa - Dentista Palafrugell","article_modified_time":"2024-09-09T13:45:38+00:00","twitter_card":"summary_large_image","twitter_misc":{"Tiempo de lectura":"2 minutos"},"schema":{"@context":"https:\/\/schema.org","@graph":[{"@type":"WebPage","@id":"https:\/\/gasetlacasa.com\/es\/tratamientos\/odontologia-conservadora\/","url":"https:\/\/gasetlacasa.com\/es\/tratamientos\/odontologia-conservadora\/","name":"Odontolog\u00eda Conservadora en Palafrugell - Cl\u00ednica Dental Gaset Lacasa - Dentista Palafrugell","isPartOf":{"@id":"https:\/\/gasetlacasa.com\/#website"},"datePublished":"2023-07-05T14:37:26+00:00","dateModified":"2024-09-09T13:45:38+00:00","description":"El equipo de profesionales de la Cl\u00ednica Dental Gaset Lacasa son mujeres y hombres con formaci\u00f3n y experiencia orientados a darle soluciones.","breadcrumb":{"@id":"https:\/\/gasetlacasa.com\/es\/tratamientos\/odontologia-conservadora\/#breadcrumb"},"inLanguage":"es","potentialAction":[{"@type":"ReadAction","target":["https:\/\/gasetlacasa.com\/es\/tratamientos\/odontologia-conservadora\/"]}]},{"@type":"BreadcrumbList","@id":"https:\/\/gasetlacasa.com\/es\/tratamientos\/odontologia-conservadora\/#breadcrumb","itemListElement":[{"@type":"ListItem","position":1,"name":"Inici","item":"https:\/\/gasetlacasa.com\/es\/"},{"@type":"ListItem","position":2,"name":"Tratamientos","item":"https:\/\/gasetlacasa.com\/es\/tratamientos\/"},{"@type":"ListItem","position":3,"name":"Odontolog\u00eda Conservadora"}]},{"@type":"WebSite","@id":"https:\/\/gasetlacasa.com\/#website","url":"https:\/\/gasetlacasa.com\/","name":"Cl\u00ednica Dental Gaset Lacasa - Dentista Palafrugell","description":"Cl\u00ednica Dental Gaset Lacasa - Dentista a Palafrugell","potentialAction":[{"@type":"SearchAction","target":{"@type":"EntryPoint","urlTemplate":"https:\/\/gasetlacasa.com\/?s={search_term_string}"},"query-input":"required name=search_term_string"}],"inLanguage":"es"}]}},"_links":{"self":[{"href":"https:\/\/gasetlacasa.com\/es\/wp-json\/wp\/v2\/pages\/1864","targetHints":{"allow":["GET"]}}],"collection":[{"href":"https:\/\/gasetlacasa.com\/es\/wp-json\/wp\/v2\/pages"}],"about":[{"href":"https:\/\/gasetlacasa.com\/es\/wp-json\/wp\/v2\/types\/page"}],"author":[{"embeddable":true,"href":"https:\/\/gasetlacasa.com\/es\/wp-json\/wp\/v2\/users\/1"}],"replies":[{"embeddable":true,"href":"https:\/\/gasetlacasa.com\/es\/wp-json\/wp\/v2\/comments?post=1864"}],"version-history":[{"count":17,"href":"https:\/\/gasetlacasa.com\/es\/wp-json\/wp\/v2\/pages\/1864\/revisions"}],"predecessor-version":[{"id":4038,"href":"https:\/\/gasetlacasa.com\/es\/wp-json\/wp\/v2\/pages\/1864\/revisions\/4038"}],"up":[{"embeddable":true,"href":"https:\/\/gasetlacasa.com\/es\/wp-json\/wp\/v2\/pages\/1834"}],"wp:attachment":[{"href":"https:\/\/gasetlacasa.com\/es\/wp-json\/wp\/v2\/media?parent=1864"}],"curies":[{"name":"wp","href":"https:\/\/api.w.org\/{rel}","templated":true}]}}