{"id":1861,"date":"2023-07-05T16:34:37","date_gmt":"2023-07-05T14:34:37","guid":{"rendered":"http:\/\/web2022.gasetlacasa.com\/tratamientos\/implantes-dentales\/"},"modified":"2024-09-09T15:39:12","modified_gmt":"2024-09-09T13:39:12","slug":"implantes-dentales","status":"publish","type":"page","link":"https:\/\/gasetlacasa.com\/es\/tratamientos\/implantes-dentales\/","title":{"rendered":"Implantes Dentales"},"content":{"rendered":"<section class=\"wpb-content-wrapper\"><p>[vc_row full_width=\u00bbstretch_row_content_no_spaces\u00bb row_type=\u00bbrow\u00bb use_row_as_full_screen_section=\u00bbno\u00bb type=\u00bbfull_width\u00bb angled_section=\u00bbno\u00bb text_align=\u00bbleft\u00bb background_image_as_pattern=\u00bbwithout_pattern\u00bb css=\u00bb.vc_custom_1646324597658{background-color: rgba(77,98,82,0.77) !important;*background-color: rgb(77,98,82) !important;}\u00bb][vc_column][vc_empty_space height=\u00bb120px\u00bb][\/vc_column][\/vc_row][vc_row row_type=\u00bbrow\u00bb use_row_as_full_screen_section=\u00bbno\u00bb type=\u00bbfull_width\u00bb angled_section=\u00bbno\u00bb text_align=\u00bbleft\u00bb background_image_as_pattern=\u00bbwithout_pattern\u00bb css=\u00bb.vc_custom_1662748832940{padding-top: 30px !important;}\u00bb][vc_column width=\u00bb1\/4&#8243;][vc_column_text]<\/p>\n<h2 class=\"fontequip\" style=\"text-align: left;\">IMPLANTES DENTALES<\/h2>\n<p>[\/vc_column_text][vc_separator color=\u00bbblack\u00bb align=\u00bbalign_left\u00bb border_width=\u00bb8&#8243; el_width=\u00bb60&#8243; css=\u00bb.vc_custom_1662720698269{margin-top: -30px !important;padding-top: -30px !important;}\u00bb][vc_empty_space][\/vc_column][vc_column width=\u00bb3\/4&#8243;][vc_column_text]<\/p>\n<p style=\"text-align: right;\"><strong>Hoy en d\u00eda, la opci\u00f3n que m\u00e1s se acerca a recuperar un diente perdido es la de los implantes dentales, tornillos de titanio puro o de circonia que colocamos en los maxilares y que, una vez aceptados por el hueso como propios, act\u00faan como ra\u00edces artificiales.<\/strong><\/p>\n<p>[\/vc_column_text][vc_empty_space][\/vc_column][\/vc_row][vc_row row_type=\u00bbrow\u00bb use_row_as_full_screen_section=\u00bbno\u00bb type=\u00bbfull_width\u00bb angled_section=\u00bbno\u00bb text_align=\u00bbleft\u00bb background_image_as_pattern=\u00bbwithout_pattern\u00bb][vc_column][vc_empty_space][\/vc_column][\/vc_row][vc_row row_type=\u00bbrow\u00bb use_row_as_full_screen_section=\u00bbno\u00bb type=\u00bbfull_width\u00bb angled_section=\u00bbno\u00bb text_align=\u00bbleft\u00bb background_image_as_pattern=\u00bbwithout_pattern\u00bb][vc_column][vc_column_text]<\/p>\n<p style=\"text-align: justify;\">La <strong>ausencia de un diente<\/strong> est\u00e1 estrechamente relacionada con una <strong>peor calidad de vida<\/strong> y supone un gran <strong>obst\u00e1culo tanto funcional como est\u00e9tico<\/strong> . Aden\u00e1s, cuando faltan una o m\u00e1s piezas dentales se desencadenan una serie de consecuencias que empeoran el estado general bucodental.<\/p>\n<p style=\"text-align: justify;\">Los dientes contiguos al ausente tienden a moverse hacia el espacio vac\u00edo, los antagonistas buscan contacto con el diente ausente saliendo progresivamente del hueso, la calidad y cantidad del hueso merma al no tener un diente (o implante) que sujetar, etc. Todo esto provoca problemas de oclusi\u00f3n y mordido, <strong>problemas en la ATM<\/strong> (articulaci\u00f3n temporomandibular), <strong>dificultad al cepillarse los dientes<\/strong> , aumento de las <strong>posibilidades de caries<\/strong> y <strong>problemas en las enc\u00edas<\/strong>.<\/p>\n<p>[\/vc_column_text][\/vc_column][\/vc_row][vc_row row_type=\u00bbrow\u00bb use_row_as_full_screen_section=\u00bbno\u00bb type=\u00bbfull_width\u00bb angled_section=\u00bbno\u00bb text_align=\u00bbleft\u00bb background_image_as_pattern=\u00bbwithout_pattern\u00bb][vc_column][vc_empty_space][\/vc_column][\/vc_row][vc_row row_type=\u00bbrow\u00bb use_row_as_full_screen_section=\u00bbno\u00bb type=\u00bbfull_width\u00bb angled_section=\u00bbno\u00bb text_align=\u00bbleft\u00bb background_image_as_pattern=\u00bbwithout_pattern\u00bb][vc_column][vc_column_text]<\/p>\n<h3><strong>FASES DE UN TRATAMIENTO IMPLANTOL\u00d3GICO<\/strong><\/h3>\n<p>[\/vc_column_text][\/vc_column][\/vc_row][vc_row row_type=\u00bbrow\u00bb use_row_as_full_screen_section=\u00bbno\u00bb type=\u00bbfull_width\u00bb angled_section=\u00bbno\u00bb text_align=\u00bbleft\u00bb background_image_as_pattern=\u00bbwithout_pattern\u00bb][vc_column][vc_empty_space][\/vc_column][\/vc_row][vc_row row_type=\u00bbrow\u00bb use_row_as_full_screen_section=\u00bbno\u00bb type=\u00bbfull_width\u00bb angled_section=\u00bbno\u00bb text_align=\u00bbleft\u00bb background_image_as_pattern=\u00bbwithout_pattern\u00bb][vc_column width=\u00bb1\/2&#8243;][vc_single_image image=\u00bb1787&#8243; img_size=\u00bbfull\u00bb][\/vc_column][vc_column width=\u00bb1\/2&#8243;][vc_column_text]<strong>1- FASE PREVIA A LA COLOCACI\u00d3N DE LOS IMPLANTES DENTALES &#8211; ESTUDIO ACURADO DE LA RADIOGRAF\u00cdA PANOR\u00c1MICA Y DEL TAC<\/strong>[\/vc_column_text][vc_column_text]Despu\u00e9s del estudio de los antecedentes del paciente, analizamos las radiograf\u00edas realizadas para asegurarnos que hay <strong>hueso suficiente<\/strong> en torno a los futuros implantes y que la colocaci\u00f3n de \u00e9stos <strong>no supondr\u00e1 ning\u00fan problema a\u00f1adido<\/strong> como lesiones nerviosas o d\u00e9ficits est\u00e9ticos dif\u00edciles de resolver una vez puestos.[\/vc_column_text][\/vc_column][\/vc_row][vc_row row_type=\u00bbrow\u00bb use_row_as_full_screen_section=\u00bbno\u00bb type=\u00bbfull_width\u00bb angled_section=\u00bbno\u00bb text_align=\u00bbleft\u00bb background_image_as_pattern=\u00bbwithout_pattern\u00bb css=\u00bb.vc_custom_1662765311289{padding-top: 100px !important;padding-bottom: 100px !important;}\u00bb][vc_column width=\u00bb1\/2&#8243;][vc_column_text]<strong>2- FASE QUIR\u00daRGICA &#8211; COLOCACI\u00d3N DE LOS IMPLANTES DENTALES<\/strong>[\/vc_column_text][vc_column_text]La secuencia del tratamiento quir\u00fargico con implantes es sencilla. Es una <strong>intervenci\u00f3n odontol\u00f3gica de rutina<\/strong> y utilizamos la misma anestesia que para una extracci\u00f3n dental o para una obturaci\u00b4\u00e7on de una caries. Nuestra especialista en implantolog\u00eda, la <strong>Dra. Mireia Mart\u00ed<\/strong>, prepara el hueso, coloca el implante, sutura y realiza una radiograf\u00eda de control.<\/p>\n<p>Al cabo de una semana de la colocaci\u00f3n del implante se quitan los puntos y se espera a que est\u00e9 perfectamente osteointegrado con los distintos tejidos del paciente para confeccionar la corona o pr\u00f3tesis.[\/vc_column_text][\/vc_column][vc_column width=\u00bb1\/2&#8243;][vc_single_image image=\u00bb3815&#8243; img_size=\u00bbfull\u00bb][\/vc_column][\/vc_row][vc_row row_type=\u00bbrow\u00bb use_row_as_full_screen_section=\u00bbno\u00bb type=\u00bbfull_width\u00bb angled_section=\u00bbno\u00bb text_align=\u00bbleft\u00bb background_image_as_pattern=\u00bbwithout_pattern\u00bb][vc_column width=\u00bb1\/2&#8243;][vc_single_image image=\u00bb1415&#8243; img_size=\u00bbfull\u00bb][\/vc_column][vc_column width=\u00bb1\/2&#8243;][vc_column_text]<strong>3- FASE PROT\u00c9SICA \u2013 DISE\u00d1O, FABRICACI\u00d3N Y COLOCACI\u00d3N DE LA CORONA DENTAL<\/strong>[\/vc_column_text][vc_column_text]Si la colocaci\u00f3n del implante no ha requerido regeneraciones \u00f3seas o de enc\u00eda, pasadas <strong>de 8 a 12 semanas*<\/strong> ya podemos tomar las medidas para realizar la pr\u00f3tesis. Lo primero que haremos ser\u00e1 asegurarnos de que el implante est\u00e1 correctamente integrado midiendo la uni\u00f3n implante-hueso con un aparato llamado <strong>Ostell.<\/strong><\/p>\n<p>Normalmente <strong>se realizan dos pruebas de la pr\u00f3tesis:<\/strong> la de la estructura que soportar\u00e1 el conjunto y la del revestimiento cer\u00e1mico final.<\/p>\n<p>Una vez que el paciente y el doctor que lleva su caso quedan satisfechos con los resultados est\u00e9ticos y funcionales de la pr\u00f3tesis, procedemos a su colocaci\u00f3n.<\/p>\n<h6><em>*Los casos en los que la colocaci\u00f3n del implante ha ido acompa\u00f1ada de regeneraciones \u00f3seas, injertos de enc\u00eda, elevaciones sinusales, etc., requieren un tiempo de espera mayor que la Dra. Mart\u00ed estipular\u00e1 en cada caso.<\/em><\/h6>\n<p>[\/vc_column_text][\/vc_column][\/vc_row][vc_row row_type=\u00bbrow\u00bb use_row_as_full_screen_section=\u00bbno\u00bb type=\u00bbfull_width\u00bb angled_section=\u00bbno\u00bb text_align=\u00bbleft\u00bb background_image_as_pattern=\u00bbwithout_pattern\u00bb][vc_column][vc_empty_space height=\u00bb100px\u00bb][\/vc_column][\/vc_row][vc_row][vc_column][vc_column_text]<\/p>\n<h3><strong>PREGUNTAS FRECUENTES SOBRE LOS IMPLANTES DENTALES<\/strong><\/h3>\n<p>[\/vc_column_text][vc_tta_accordion title_tag=\u00bbh3&#8243; section_title_tag=\u00bbh5&#8243; style=\u00bbmodern\u00bb active_section=\u00bb1&#8243;][vc_tta_section title=\u00bb\u00bfCU\u00c1L ES LA GRAN VENTAJA DE LOS IMPLANTES DENTALES?\u00bb tab_id=\u00bb1663152449808-d8914cdf-4b86&#8243;][vc_column_text]Que permiten poner coronas o pr\u00f3tesis fijas sin necesidad de limar dientes naturales, actuaci\u00f3n necesaria en caso de optar por un puente.[\/vc_column_text][\/vc_tta_section][vc_tta_section title=\u00bb\u00bfQU\u00c9 SENTIR\u00c9 AL TENER UN IMPLANTE DENTAL?\u00bb tab_id=\u00bb1663152499217-71b7f78f-a6f7&#8243;][vc_column_text]Absolutamente nada; es como un diente natural.[\/vc_column_text][\/vc_tta_section][vc_tta_section title=\u00bb\u00bfES DOLOROSO PONER UN IMPLANTE DENTAL?\u00bb tab_id=\u00bb1663152556754-4734c6aa-7191&#8243;][vc_column_text]No m\u00e1s que otros procedimientos dentales. De hecho, para el cuerpo humano puede llegar a ser m\u00e1s traum\u00e1tica una extracci\u00f3n dental que la colocaci\u00f3n de un implante.[\/vc_column_text][\/vc_tta_section][vc_tta_section title=\u00bb\u00bfC\u00d3MO SE COGE EL IMPLANTE DENTAL AL HUESO?\u00bb tab_id=\u00bb1663152582758-4fafb7ac-491b\u00bb][vc_column_text]Por un proceso conocido como osteointegraci\u00f3n mediante el cual el organismo reconoce la superficie del implante como propia y el hueso se fija en el implante.[\/vc_column_text][\/vc_tta_section][vc_tta_section title=\u00bb\u00bfES IMPORTANTE LA CANTIDAD Y CALIDAD DEL HUESO?\u00bb tab_id=\u00bb1663152602279-79db1210-76cb\u00bb][vc_column_text]Si, tanto la cantidad como la calidad del hueso deben ser \u00f3ptimas para asegurar la viabilidad y \u00e9xito del tratamiento. La cama de cada implante debe ser evaluada mediante exploraci\u00f3n y radiograf\u00edas.[\/vc_column_text][\/vc_tta_section][vc_tta_section title=\u00bb\u00bfEL TABACO PUEDE AFECTAR A LOS IMPLANTES DENTALES?\u00bb tab_id=\u00bb1663152619381-49ae6d3c-533c\u00bb][vc_column_text]S\u00ed, y mucho. El tabaquismo compromete la microcirculaci\u00f3n sangu\u00ednea y, por tanto, el proceso de uni\u00f3n del hueso al implante. El l\u00edmite est\u00e1 en unos 10 cigarrillos diarios. A partir de esta cantidad es necesario evaluar otros factores como la edad, bruxismo, antecedentes m\u00e9dicos, etc. para decidir si es posible realizar un tratamiento con implantes.[\/vc_column_text][\/vc_tta_section][vc_tta_section title=\u00bb\u00bfSE PUEDEN PONER IMPLANTES DURANTE EL EMBARAZO?\u00bb tab_id=\u00bb1663152639016-f2064111-0c48&#8243;][vc_column_text]No, no lo recomendamos.[\/vc_column_text][\/vc_tta_section][vc_tta_section title=\u00bb\u00bfSE PUEDE COLOCAR EL IMPLANTE EN EL MISMO MOMENTO DE QUITAR LA PIEZA PERDIDA?\u00bb tab_id=\u00bb1663152661073-25085c9a-67e5&#8243;][vc_column_text]Si, siempre que la p\u00e9rdida del diente no sea por infecci\u00f3n y el especialista as\u00ed lo planifique. Por el contrario, es necesario esperar un m\u00ednimo de 2 meses entre la extracci\u00f3n y la colocaci\u00f3n del implante.[\/vc_column_text][\/vc_tta_section][vc_tta_section title=\u00bb\u00bfPUEDEN LOS IMPLANTES DENTALES SER RECHAZADOS POR EL ORGANISMO?\u00bb tab_id=\u00bb1663152684938-4c82d559-fc9c\u00bb][vc_column_text]Durante el proceso de osteointegraci\u00f3n existe una m\u00ednima posibilidad de que el implante no se adhiera bien al hueso. El procedimiento a seguir en estos casos es simplemente el de extraer el implante y colocar uno de nuevo. En la Cl\u00ednica Dental Gaset Lacasa solo trabajamos con los implantes dentales de referencia a nivel mundial, Straumann\u00ae, y las posibilidades de que esto pase son m\u00ednimas.<\/p>\n<p>Una vez el implante se ha integrado y se colocan las coronas, si el paciente cuida de sus implantes, se higieniza de forma correcta en casa y acude a las revisiones e higienes peri\u00f3dicas en la cl\u00ednica, los implantes no deben ser rechazados por el organismo.[\/vc_column_text][\/vc_tta_section][vc_tta_section title=\u00bb\u00bfDEBO TENER CUIDADO DE MIS IMPLANTES A DIARIO?\u00bb tab_id=\u00bb1663152720708-3db6272e-b610&#8243;][vc_column_text]S\u00ed, deben mantenerse en casa al igual que cuidamos la salud de nuestros dientes. Si el paciente no los mantiene adecuadamente, corremos el riesgo de sufrir una periimplantittis (inflamaci\u00f3n del tejido de alrededor del implante) y esto puede llegar a provocar el fracaso del mismo.[\/vc_column_text][\/vc_tta_section][vc_tta_section title=\u00bb\u00bfPUEDO OPTAR A UN TRATAMIENTO CON IMPLANTES SI SOY BRUXISTA?\u00bb tab_id=\u00bb1663152757817-6d2754c3-d743&#8243;][vc_column_text]S\u00ed, pero lo adecuado ser\u00e1 realizar una f\u00e9rula de descarga una vez terminado el tratamiento para protegerlos y as\u00ed evitar que sufran cargas excesivas que puedan llegar a suponer el fracaso del tratamiento.[\/vc_column_text][\/vc_tta_section][vc_tta_section title=\u00bb\u00bfDEBO ESTAR SIN DIENTES DURANTE LAS SEMANAS DE OSTEOINTEGRACI\u00d3N?\u00bb tab_id=\u00bb1663152776523-6bb94791-5e1e\u00bb][vc_column_text]Si el sector a tratar es muy comprometido est\u00e9ticamente o si el paciente lo desea, tenemos recursos para evitar que un paciente deba permanecer sin dientes mientras ocurre el proceso de osteointegraci\u00f3n.[\/vc_column_text][\/vc_tta_section][vc_tta_section title=\u00bb\u00bfES MUY CARO PONERSE UN IMPLANTE?\u00bb tab_id=\u00bb1663152736965-97dee248-840f\u00bb][vc_column_text]Se trata de un tratamiento pensado para durar muchos a\u00f1os. Por tanto, es sumamente importante valorar no s\u00f3lo el precio sino la calidad de los materiales, los estudios de durabilidad de la marca de implantes, el proceso de colocaci\u00f3n y, muy importante, el especialista que te tratar\u00e1.<\/p>\n<p>De todas formas, sabemos que no es s\u00f3lo una inversi\u00f3n del tiempo que dedicar\u00e1s al hacerte el tratamiento sino que tambi\u00e9n ser\u00e1 una inversi\u00f3n econ\u00f3mica. En la Cl\u00ednica Dental Gaset Lacasa, tu plan de tratamiento siempre tendr\u00e1 un precio acotado y sin conceptos enga\u00f1osos que acaben multiplicando exponencialmente el precio final. Adem\u00e1s, contamos con un servicio de financiaci\u00f3n para que, si as\u00ed lo deseas, puedas pagar poco a poco tu tratamiento.[\/vc_column_text][\/vc_tta_section][\/vc_tta_accordion][\/vc_column][\/vc_row][vc_row row_type=\u00bbrow\u00bb use_row_as_full_screen_section=\u00bbno\u00bb type=\u00bbfull_width\u00bb angled_section=\u00bbno\u00bb text_align=\u00bbleft\u00bb background_image_as_pattern=\u00bbwithout_pattern\u00bb][vc_column][vc_empty_space height=\u00bb100px\u00bb][\/vc_column][\/vc_row]<\/p>\n<\/section>","protected":false},"excerpt":{"rendered":"<p>[vc_row full_width=\u00bbstretch_row_content_no_spaces\u00bb row_type=\u00bbrow\u00bb use_row_as_full_screen_section=\u00bbno\u00bb type=\u00bbfull_width\u00bb angled_section=\u00bbno\u00bb text_align=\u00bbleft\u00bb background_image_as_pattern=\u00bbwithout_pattern\u00bb css=\u00bb.vc_custom_1646324597658{background-color: rgba(77,98,82,0.77) !important;*background-color: rgb(77,98,82) !important;}\u00bb][vc_column][vc_empty_space height=\u00bb120px\u00bb][\/vc_column][\/vc_row][vc_row row_type=\u00bbrow\u00bb use_row_as_full_screen_section=\u00bbno\u00bb type=\u00bbfull_width\u00bb angled_section=\u00bbno\u00bb text_align=\u00bbleft\u00bb background_image_as_pattern=\u00bbwithout_pattern\u00bb css=\u00bb.vc_custom_1662748832940{padding-top: 30px !important;}\u00bb][vc_column width=\u00bb1\/4&#8243;][vc_column_text] IMPLANTES DENTALES [\/vc_column_text][vc_separator color=\u00bbblack\u00bb align=\u00bbalign_left\u00bb border_width=\u00bb8&#8243; el_width=\u00bb60&#8243; css=\u00bb.vc_custom_1662720698269{margin-top: -30px !important;padding-top: -30px !important;}\u00bb][vc_empty_space][\/vc_column][vc_column width=\u00bb3\/4&#8243;][vc_column_text] Hoy en d\u00eda, la opci\u00f3n que m\u00e1s se acerca a recuperar un diente perdido es la de los [&hellip;]<\/p>\n","protected":false},"author":1,"featured_media":0,"parent":1834,"menu_order":54,"comment_status":"closed","ping_status":"closed","template":"","meta":{"_acf_changed":false,"footnotes":""},"class_list":["post-1861","page","type-page","status-publish","hentry"],"acf":[],"yoast_head":"<!-- This site is optimized with the Yoast SEO plugin v22.0 - https:\/\/yoast.com\/wordpress\/plugins\/seo\/ -->\n<title>Implantes Dentales en Palafrugell - Cl\u00ednica Dental Gaset Lacasa - Dentista Palafrugell<\/title>\n<meta name=\"description\" content=\"El equipo de profesionales de la Cl\u00ednica Dental Gaset Lacasa son mujeres y hombres con formaci\u00f3n y experiencia orientados a darle soluciones.\" \/>\n<meta name=\"robots\" content=\"index, follow, max-snippet:-1, max-image-preview:large, max-video-preview:-1\" \/>\n<link rel=\"canonical\" href=\"https:\/\/gasetlacasa.com\/es\/tratamientos\/implantes-dentales\/\" \/>\n<meta property=\"og:locale\" content=\"es_ES\" \/>\n<meta property=\"og:type\" content=\"article\" \/>\n<meta property=\"og:title\" content=\"Implantes Dentales en Palafrugell - Cl\u00ednica Dental Gaset Lacasa - Dentista Palafrugell\" \/>\n<meta property=\"og:description\" content=\"El equipo de profesionales de la Cl\u00ednica Dental Gaset Lacasa son mujeres y hombres con formaci\u00f3n y experiencia orientados a darle soluciones.\" \/>\n<meta property=\"og:url\" content=\"https:\/\/gasetlacasa.com\/es\/tratamientos\/implantes-dentales\/\" \/>\n<meta property=\"og:site_name\" content=\"Cl\u00ednica Dental Gaset Lacasa - Dentista Palafrugell\" \/>\n<meta property=\"article:modified_time\" content=\"2024-09-09T13:39:12+00:00\" \/>\n<meta name=\"twitter:card\" content=\"summary_large_image\" \/>\n<meta name=\"twitter:label1\" content=\"Tiempo de lectura\" \/>\n\t<meta name=\"twitter:data1\" content=\"7 minutos\" \/>\n<script type=\"application\/ld+json\" class=\"yoast-schema-graph\">{\"@context\":\"https:\/\/schema.org\",\"@graph\":[{\"@type\":\"WebPage\",\"@id\":\"https:\/\/gasetlacasa.com\/es\/tratamientos\/implantes-dentales\/\",\"url\":\"https:\/\/gasetlacasa.com\/es\/tratamientos\/implantes-dentales\/\",\"name\":\"Implantes Dentales en Palafrugell - Cl\u00ednica Dental Gaset Lacasa - Dentista Palafrugell\",\"isPartOf\":{\"@id\":\"https:\/\/gasetlacasa.com\/#website\"},\"datePublished\":\"2023-07-05T14:34:37+00:00\",\"dateModified\":\"2024-09-09T13:39:12+00:00\",\"description\":\"El equipo de profesionales de la Cl\u00ednica Dental Gaset Lacasa son mujeres y hombres con formaci\u00f3n y experiencia orientados a darle soluciones.\",\"breadcrumb\":{\"@id\":\"https:\/\/gasetlacasa.com\/es\/tratamientos\/implantes-dentales\/#breadcrumb\"},\"inLanguage\":\"es\",\"potentialAction\":[{\"@type\":\"ReadAction\",\"target\":[\"https:\/\/gasetlacasa.com\/es\/tratamientos\/implantes-dentales\/\"]}]},{\"@type\":\"BreadcrumbList\",\"@id\":\"https:\/\/gasetlacasa.com\/es\/tratamientos\/implantes-dentales\/#breadcrumb\",\"itemListElement\":[{\"@type\":\"ListItem\",\"position\":1,\"name\":\"Inici\",\"item\":\"https:\/\/gasetlacasa.com\/es\/\"},{\"@type\":\"ListItem\",\"position\":2,\"name\":\"Tratamientos\",\"item\":\"https:\/\/gasetlacasa.com\/es\/tratamientos\/\"},{\"@type\":\"ListItem\",\"position\":3,\"name\":\"Implantes Dentales\"}]},{\"@type\":\"WebSite\",\"@id\":\"https:\/\/gasetlacasa.com\/#website\",\"url\":\"https:\/\/gasetlacasa.com\/\",\"name\":\"Cl\u00ednica Dental Gaset Lacasa - Dentista Palafrugell\",\"description\":\"Cl\u00ednica Dental Gaset Lacasa - Dentista a Palafrugell\",\"potentialAction\":[{\"@type\":\"SearchAction\",\"target\":{\"@type\":\"EntryPoint\",\"urlTemplate\":\"https:\/\/gasetlacasa.com\/?s={search_term_string}\"},\"query-input\":\"required name=search_term_string\"}],\"inLanguage\":\"es\"}]}<\/script>\n<!-- \/ Yoast SEO plugin. -->","yoast_head_json":{"title":"Implantes Dentales en Palafrugell - Cl\u00ednica Dental Gaset Lacasa - Dentista Palafrugell","description":"El equipo de profesionales de la Cl\u00ednica Dental Gaset Lacasa son mujeres y hombres con formaci\u00f3n y experiencia orientados a darle soluciones.","robots":{"index":"index","follow":"follow","max-snippet":"max-snippet:-1","max-image-preview":"max-image-preview:large","max-video-preview":"max-video-preview:-1"},"canonical":"https:\/\/gasetlacasa.com\/es\/tratamientos\/implantes-dentales\/","og_locale":"es_ES","og_type":"article","og_title":"Implantes Dentales en Palafrugell - Cl\u00ednica Dental Gaset Lacasa - Dentista Palafrugell","og_description":"El equipo de profesionales de la Cl\u00ednica Dental Gaset Lacasa son mujeres y hombres con formaci\u00f3n y experiencia orientados a darle soluciones.","og_url":"https:\/\/gasetlacasa.com\/es\/tratamientos\/implantes-dentales\/","og_site_name":"Cl\u00ednica Dental Gaset Lacasa - Dentista Palafrugell","article_modified_time":"2024-09-09T13:39:12+00:00","twitter_card":"summary_large_image","twitter_misc":{"Tiempo de lectura":"7 minutos"},"schema":{"@context":"https:\/\/schema.org","@graph":[{"@type":"WebPage","@id":"https:\/\/gasetlacasa.com\/es\/tratamientos\/implantes-dentales\/","url":"https:\/\/gasetlacasa.com\/es\/tratamientos\/implantes-dentales\/","name":"Implantes Dentales en Palafrugell - Cl\u00ednica Dental Gaset Lacasa - Dentista Palafrugell","isPartOf":{"@id":"https:\/\/gasetlacasa.com\/#website"},"datePublished":"2023-07-05T14:34:37+00:00","dateModified":"2024-09-09T13:39:12+00:00","description":"El equipo de profesionales de la Cl\u00ednica Dental Gaset Lacasa son mujeres y hombres con formaci\u00f3n y experiencia orientados a darle soluciones.","breadcrumb":{"@id":"https:\/\/gasetlacasa.com\/es\/tratamientos\/implantes-dentales\/#breadcrumb"},"inLanguage":"es","potentialAction":[{"@type":"ReadAction","target":["https:\/\/gasetlacasa.com\/es\/tratamientos\/implantes-dentales\/"]}]},{"@type":"BreadcrumbList","@id":"https:\/\/gasetlacasa.com\/es\/tratamientos\/implantes-dentales\/#breadcrumb","itemListElement":[{"@type":"ListItem","position":1,"name":"Inici","item":"https:\/\/gasetlacasa.com\/es\/"},{"@type":"ListItem","position":2,"name":"Tratamientos","item":"https:\/\/gasetlacasa.com\/es\/tratamientos\/"},{"@type":"ListItem","position":3,"name":"Implantes Dentales"}]},{"@type":"WebSite","@id":"https:\/\/gasetlacasa.com\/#website","url":"https:\/\/gasetlacasa.com\/","name":"Cl\u00ednica Dental Gaset Lacasa - Dentista Palafrugell","description":"Cl\u00ednica Dental Gaset Lacasa - Dentista a Palafrugell","potentialAction":[{"@type":"SearchAction","target":{"@type":"EntryPoint","urlTemplate":"https:\/\/gasetlacasa.com\/?s={search_term_string}"},"query-input":"required name=search_term_string"}],"inLanguage":"es"}]}},"_links":{"self":[{"href":"https:\/\/gasetlacasa.com\/es\/wp-json\/wp\/v2\/pages\/1861","targetHints":{"allow":["GET"]}}],"collection":[{"href":"https:\/\/gasetlacasa.com\/es\/wp-json\/wp\/v2\/pages"}],"about":[{"href":"https:\/\/gasetlacasa.com\/es\/wp-json\/wp\/v2\/types\/page"}],"author":[{"embeddable":true,"href":"https:\/\/gasetlacasa.com\/es\/wp-json\/wp\/v2\/users\/1"}],"replies":[{"embeddable":true,"href":"https:\/\/gasetlacasa.com\/es\/wp-json\/wp\/v2\/comments?post=1861"}],"version-history":[{"count":11,"href":"https:\/\/gasetlacasa.com\/es\/wp-json\/wp\/v2\/pages\/1861\/revisions"}],"predecessor-version":[{"id":4032,"href":"https:\/\/gasetlacasa.com\/es\/wp-json\/wp\/v2\/pages\/1861\/revisions\/4032"}],"up":[{"embeddable":true,"href":"https:\/\/gasetlacasa.com\/es\/wp-json\/wp\/v2\/pages\/1834"}],"wp:attachment":[{"href":"https:\/\/gasetlacasa.com\/es\/wp-json\/wp\/v2\/media?parent=1861"}],"curies":[{"name":"wp","href":"https:\/\/api.w.org\/{rel}","templated":true}]}}