{"id":1846,"date":"2023-07-05T16:14:08","date_gmt":"2023-07-05T14:14:08","guid":{"rendered":"http:\/\/web2022.gasetlacasa.com\/tratamientos\/bruxismo-y-atm\/"},"modified":"2024-09-09T17:27:15","modified_gmt":"2024-09-09T15:27:15","slug":"bruxismo-y-atm","status":"publish","type":"page","link":"https:\/\/gasetlacasa.com\/es\/tratamientos\/bruxismo-y-atm\/","title":{"rendered":"Bruxismo y ATM"},"content":{"rendered":"<section class=\"wpb-content-wrapper\"><p>[vc_row full_width=\u00bbstretch_row_content_no_spaces\u00bb row_type=\u00bbrow\u00bb use_row_as_full_screen_section=\u00bbno\u00bb type=\u00bbfull_width\u00bb angled_section=\u00bbno\u00bb text_align=\u00bbleft\u00bb background_image_as_pattern=\u00bbwithout_pattern\u00bb css=\u00bb.vc_custom_1646324597658{background-color: rgba(77,98,82,0.77) !important;*background-color: rgb(77,98,82) !important;}\u00bb][vc_column][vc_empty_space height=\u00bb120px\u00bb][\/vc_column][\/vc_row][vc_row row_type=\u00bbrow\u00bb use_row_as_full_screen_section=\u00bbno\u00bb type=\u00bbfull_width\u00bb angled_section=\u00bbno\u00bb text_align=\u00bbleft\u00bb background_image_as_pattern=\u00bbwithout_pattern\u00bb css=\u00bb.vc_custom_1663155814381{padding-top: 30px !important;}\u00bb][vc_column width=\u00bb1\/4&#8243;][vc_column_text]<\/p>\n<h2 class=\"fontequip\" style=\"text-align: left;\">BRUXISMO Y ATM<\/h2>\n<p>[\/vc_column_text][vc_separator color=\u00bbblack\u00bb align=\u00bbalign_left\u00bb border_width=\u00bb8&#8243; el_width=\u00bb60&#8243; css=\u00bb.vc_custom_1662720698269{margin-top: -30px !important;padding-top: -30px !important;}\u00bb][vc_empty_space][\/vc_column][vc_column width=\u00bb3\/4&#8243;][vc_column_text]<\/p>\n<p style=\"text-align: right;\"><strong>El bruxismo es el movimiento involuntario de nuestro maxilar inferior que hace que apretemos y\/o bruxemos lateral y frontalmente los dientes y muelas. Este h\u00e1bito es altamente destructivo; la potencia de nuestros propios m\u00fasculos somete a un sobreesfuerzo a los tejidos de soporte de los dientes, rompe y\/o lima el esmalte dental y carga la articulaci\u00f3n temporomandibular (ATM) m\u00e1s all\u00e1 de sus l\u00edmites.<\/strong><\/p>\n<p>[\/vc_column_text][vc_empty_space][\/vc_column][\/vc_row][vc_row row_type=\u00bbrow\u00bb use_row_as_full_screen_section=\u00bbno\u00bb type=\u00bbfull_width\u00bb angled_section=\u00bbno\u00bb text_align=\u00bbleft\u00bb background_image_as_pattern=\u00bbwithout_pattern\u00bb][vc_column][vc_empty_space][\/vc_column][\/vc_row][vc_row row_type=\u00bbrow\u00bb use_row_as_full_screen_section=\u00bbno\u00bb type=\u00bbfull_width\u00bb angled_section=\u00bbno\u00bb text_align=\u00bbleft\u00bb background_image_as_pattern=\u00bbwithout_pattern\u00bb][vc_column][vc_column_text]<\/p>\n<h5 style=\"text-align: left;\"><strong>EFECTOS DEL BRUXISMO SOBRE DIENTES Y MEJORES<\/strong><\/h5>\n<p>[\/vc_column_text][vc_column_text]<\/p>\n<p style=\"text-align: justify;\">Lo primero en desgastarse es el <strong>esmalte dental<\/strong>, un tejido extremadamente duro y que puede tardar a\u00f1os en da\u00f1arse. Sin embargo, cuando el esmalte ya est\u00e1 desgastado y se llega a <strong>dentina<\/strong>, la velocidad del desgaste se ver\u00e1 potencialmente incrementada ya que este tejido es mucho m\u00e1s blando y f\u00e1cil de desgastar. Cuando el grado de destrucci\u00f3n de los dientes es muy avanzado, puede dar <strong>sensibilidad.<\/strong><\/p>\n<p>[\/vc_column_text][\/vc_column][\/vc_row][vc_row row_type=\u00bbrow\u00bb use_row_as_full_screen_section=\u00bbno\u00bb type=\u00bbfull_width\u00bb angled_section=\u00bbno\u00bb text_align=\u00bbleft\u00bb background_image_as_pattern=\u00bbwithout_pattern\u00bb css=\u00bb.vc_custom_1662765311289{padding-top: 100px !important;padding-bottom: 100px !important;}\u00bb][vc_column width=\u00bb1\/2&#8243;][vc_single_image image=\u00bb1406&#8243; img_size=\u00bbfull\u00bb][\/vc_column][vc_column width=\u00bb1\/2&#8243;][vc_column_text css=\u00bb.vc_custom_1688573530315{padding-top: 50px !important;}\u00bb]<strong>Si ya tengo los dientes desgastados, \u00bfhay soluci\u00f3n?<\/strong><\/p>\n<p>\u00a1Por supuesto! En estos casos lo que debe plantearse es un tratamiento de <strong>rehabilitaci\u00f3n oral con el Dr. Jaume Casaponsa<\/strong> . El nivel de competencia de nuestros especialistas, la de los laboratorios de pr\u00f3tesis dental con los que trabajamos y la tecnolog\u00eda que nos rodea permiten dar tratamiento a los casos severos de estre\u00f1imiento o bruxismo y <strong>recuperar tanto la funci\u00f3n como la est\u00e9tica perdidas<\/strong>.[\/vc_column_text][\/vc_column][\/vc_row][vc_row row_type=\u00bbrow\u00bb use_row_as_full_screen_section=\u00bbno\u00bb type=\u00bbfull_width\u00bb angled_section=\u00bbno\u00bb text_align=\u00bbleft\u00bb background_image_as_pattern=\u00bbwithout_pattern\u00bb css=\u00bb.vc_custom_1662748575145{padding-top: 100px !important;padding-bottom: 100px !important;}\u00bb][vc_column width=\u00bb1\/2&#8243;][vc_column_text]<\/p>\n<h5 style=\"text-align: left;\">BRUXISMO Y ARTICULACI\u00d3N TEMPOROMANDIBULAR<\/h5>\n<p>[\/vc_column_text][vc_column_text]La articulaci\u00f3n temporomandibular o ATM es la que permite los movimientos de la mand\u00edbula. Su patolog\u00eda m\u00e1s com\u00fan es el <strong>s\u00edndrome o disfunci\u00f3n de la ATM<\/strong> , y los pacientes bruxistas tienen muchas m\u00e1s posibilidades de sufrirla. Nuestra especialista en ATM, la <strong>Dra. Laida Comino<\/strong>, valorar\u00e1 tu caso y te aconsejar\u00e1 la mejor opci\u00f3n para paliar los efectos del bruxismo en tu articulaci\u00f3n.[\/vc_column_text][vc_row_inner css=\u00bb.vc_custom_1662765783811{margin-top: -350px !important;margin-right: -100px !important;margin-left: -300px !important;background-color: #efefef !important;}\u00bb][vc_column_inner][vc_empty_space height=\u00bb350px\u00bb][\/vc_column_inner][\/vc_row_inner][\/vc_column][vc_column width=\u00bb1\/2&#8243;][vc_single_image image=\u00bb3812&#8243; img_size=\u00bbfull\u00bb][\/vc_column][\/vc_row][vc_row row_type=\u00bbrow\u00bb use_row_as_full_screen_section=\u00bbno\u00bb type=\u00bbfull_width\u00bb angled_section=\u00bbno\u00bb text_align=\u00bbleft\u00bb background_image_as_pattern=\u00bbwithout_pattern\u00bb][vc_column width=\u00bb1\/2&#8243; offset=\u00bbvc_hidden-sm vc_hidden-xs\u00bb][vc_single_image image=\u00bb1442&#8243; img_size=\u00bbfull\u00bb][\/vc_column][vc_column width=\u00bb1\/2&#8243; css=\u00bb.vc_custom_1703676509502{margin-top: 50px !important;margin-left: -50px !important;background-color: #000000 !important;}\u00bb offset=\u00bbvc_hidden-sm vc_hidden-xs\u00bb][vc_column_text]<strong><span style=\"color: #ffffff;\">Sintomatolog\u00eda de la ATM<\/span><\/strong>[\/vc_column_text][vc_column_text]<\/p>\n<ul>\n<li><span style=\"color: #ffffff;\">Dolor en una o en las dos articulaciones<\/span><\/li>\n<li><span style=\"color: #ffffff;\">Dolor en la mand\u00edbula o en otros puntos de la cara como las mejillas<\/span><\/li>\n<li><span style=\"color: #ffffff;\">Dolor en el o\u00eddo y a su alrededor<\/span><\/li>\n<li><span style=\"color: #ffffff;\">Dolor de cabeza<\/span><\/li>\n<li><span style=\"color: #ffffff;\">Ruidos o <em>clicks<\/em> al abrir la boca<\/span><\/li>\n<li><span style=\"color: #ffffff;\">Incapacidad de abrir y cerrar la mand\u00edbula con normalidad<\/span><\/li>\n<\/ul>\n<p>[\/vc_column_text][\/vc_column][\/vc_row][vc_row row_type=\u00bbrow\u00bb use_row_as_full_screen_section=\u00bbno\u00bb type=\u00bbfull_width\u00bb angled_section=\u00bbno\u00bb text_align=\u00bbleft\u00bb background_image_as_pattern=\u00bbwithout_pattern\u00bb][vc_column css=\u00bb.vc_custom_1703676494511{background-color: #000000 !important;}\u00bb offset=\u00bbvc_hidden-lg vc_hidden-md\u00bb][vc_column_text]<strong><span style=\"color: #ffffff;\">Sintomatolog\u00eda de la ATM<\/span><\/strong>[\/vc_column_text][vc_column_text]<\/p>\n<ul>\n<li><span style=\"color: #ffffff;\">Dolor en una o en las dos articulaciones<\/span><\/li>\n<li><span style=\"color: #ffffff;\">Dolor en la mand\u00edbula o en otros puntos de la cara como las mejillas<\/span><\/li>\n<li><span style=\"color: #ffffff;\">Dolor en el o\u00eddo y a su alrededor<\/span><\/li>\n<li><span style=\"color: #ffffff;\">Dolor de cabeza<\/span><\/li>\n<li><span style=\"color: #ffffff;\">Ruidos o <em>clicks<\/em> al abrir la boca<\/span><\/li>\n<li><span style=\"color: #ffffff;\">Incapacidad de abrir y cerrar la mand\u00edbula con normalidad<\/span><\/li>\n<\/ul>\n<p>[\/vc_column_text][vc_single_image image=\u00bb1442&#8243; img_size=\u00bbfull\u00bb][\/vc_column][\/vc_row][vc_row row_type=\u00bbrow\u00bb use_row_as_full_screen_section=\u00bbno\u00bb type=\u00bbfull_width\u00bb angled_section=\u00bbno\u00bb text_align=\u00bbleft\u00bb background_image_as_pattern=\u00bbwithout_pattern\u00bb][vc_column][vc_empty_space height=\u00bb75px\u00bb][\/vc_column][\/vc_row][vc_row row_type=\u00bbrow\u00bb use_row_as_full_screen_section=\u00bbno\u00bb type=\u00bbfull_width\u00bb angled_section=\u00bbno\u00bb text_align=\u00bbleft\u00bb background_image_as_pattern=\u00bbwithout_pattern\u00bb][vc_column width=\u00bb1\/2&#8243; css=\u00bb.vc_custom_1703676574303{margin-bottom: -50px !important;margin-left: -40px !important;background-color: #efefef !important;}\u00bb offset=\u00bbvc_hidden-sm vc_hidden-xs\u00bb][vc_column_text]<\/p>\n<h3><strong>\u00a1LO M\u00c1S IMPORTANTE, LA PREVENCI\u00d3N!<\/strong><\/h3>\n<p>&nbsp;<\/p>\n<p>Sin embargo, <strong>nuestro objetivo principal siempre es la prevenci\u00f3n<\/strong>; evitar llegar a estos niveles de destrucci\u00f3n. La soluci\u00f3n m\u00e1s efectiva para proteger tus dientes y articulaci\u00f3n es una <strong>f\u00e9rula de descarga<\/strong>. Se trata de una pieza de resina acr\u00edlica transparente y dura hecha a medida en el laboratorio que se pone en una de las dos arcadas dentarias y que el paciente utiliza en aquellas situaciones en las que puede serrar o bruxar, sobre todo por la noche. Esta f\u00e9rula tiene un <strong>efecto de relajaci\u00f3n muscular<\/strong> y, adem\u00e1s, act\u00faa como un <strong>material de interposici\u00f3n<\/strong> para que lo que se desgaste sea la resina y no los dientes.[\/vc_column_text][\/vc_column][vc_column width=\u00bb1\/2&#8243; css=\u00bb.vc_custom_1703676580211{margin-top: 40px !important;}\u00bb offset=\u00bbvc_hidden-sm vc_hidden-xs\u00bb][vc_single_image image=\u00bb3884&#8243; img_size=\u00bbfull\u00bb][\/vc_column][\/vc_row][vc_row row_type=\u00bbrow\u00bb use_row_as_full_screen_section=\u00bbno\u00bb type=\u00bbfull_width\u00bb angled_section=\u00bbno\u00bb text_align=\u00bbleft\u00bb background_image_as_pattern=\u00bbwithout_pattern\u00bb][vc_column css=\u00bb.vc_custom_1703676566325{margin-bottom: -50px !important;background-color: #efefef !important;}\u00bb offset=\u00bbvc_hidden-lg vc_hidden-md\u00bb][vc_column_text]<\/p>\n<h3><strong>\u00a1LO M\u00c1S IMPORTANTE, LA PREVENCI\u00d3N!<\/strong><\/h3>\n<p>&nbsp;<\/p>\n<p>Sin embargo, <strong>nuestro objetivo principal siempre es la prevenci\u00f3n<\/strong>; evitar llegar a estos niveles de destrucci\u00f3n. La soluci\u00f3n m\u00e1s efectiva para proteger tus dientes y articulaci\u00f3n es una <strong>f\u00e9rula de descarga<\/strong>. Se trata de una pieza de resina acr\u00edlica transparente y dura hecha a medida en el laboratorio que se pone en una de las dos arcadas dentarias y que el paciente utiliza en aquellas situaciones en las que puede serrar o bruxar, sobre todo por la noche. Esta f\u00e9rula tiene un <strong>efecto de relajaci\u00f3n muscular<\/strong> y, adem\u00e1s, act\u00faa como un <strong>material de interposici\u00f3n<\/strong> para que lo que se desgaste sea la resina y no los dientes.[\/vc_column_text][vc_single_image image=\u00bb1470&#8243; img_size=\u00bbfull\u00bb][\/vc_column][\/vc_row][vc_row css=\u00bb.vc_custom_1662748599680{padding-top: 100px !important;padding-bottom: 100px !important;}\u00bb][vc_column width=\u00bb1\/2&#8243;][vc_column_text][\/vc_column_text][\/vc_column][vc_column width=\u00bb1\/2&#8243;][vc_column_text][\/vc_column_text][\/vc_column][\/vc_row]<\/p>\n<\/section>","protected":false},"excerpt":{"rendered":"<p>[vc_row full_width=\u00bbstretch_row_content_no_spaces\u00bb row_type=\u00bbrow\u00bb use_row_as_full_screen_section=\u00bbno\u00bb type=\u00bbfull_width\u00bb angled_section=\u00bbno\u00bb text_align=\u00bbleft\u00bb background_image_as_pattern=\u00bbwithout_pattern\u00bb css=\u00bb.vc_custom_1646324597658{background-color: rgba(77,98,82,0.77) !important;*background-color: rgb(77,98,82) !important;}\u00bb][vc_column][vc_empty_space height=\u00bb120px\u00bb][\/vc_column][\/vc_row][vc_row row_type=\u00bbrow\u00bb use_row_as_full_screen_section=\u00bbno\u00bb type=\u00bbfull_width\u00bb angled_section=\u00bbno\u00bb text_align=\u00bbleft\u00bb background_image_as_pattern=\u00bbwithout_pattern\u00bb css=\u00bb.vc_custom_1663155814381{padding-top: 30px !important;}\u00bb][vc_column width=\u00bb1\/4&#8243;][vc_column_text] BRUXISMO Y ATM [\/vc_column_text][vc_separator color=\u00bbblack\u00bb align=\u00bbalign_left\u00bb border_width=\u00bb8&#8243; el_width=\u00bb60&#8243; css=\u00bb.vc_custom_1662720698269{margin-top: -30px !important;padding-top: -30px !important;}\u00bb][vc_empty_space][\/vc_column][vc_column width=\u00bb3\/4&#8243;][vc_column_text] El bruxismo es el movimiento involuntario de nuestro maxilar inferior que hace que apretemos y\/o bruxemos lateral [&hellip;]<\/p>\n","protected":false},"author":1,"featured_media":0,"parent":1834,"menu_order":54,"comment_status":"closed","ping_status":"closed","template":"","meta":{"_acf_changed":false,"footnotes":""},"class_list":["post-1846","page","type-page","status-publish","hentry"],"acf":[],"yoast_head":"<!-- This site is optimized with the Yoast SEO plugin v22.0 - https:\/\/yoast.com\/wordpress\/plugins\/seo\/ -->\n<title>Bruxismo y ATM en Palafrugell - Cl\u00ednica Dental Gaset Lacasa - Dentista Palafrugell<\/title>\n<meta name=\"description\" content=\"El equipo de profesionales de la Cl\u00ednica Dental Gaset Lacasa son mujeres y hombres con formaci\u00f3n y experiencia orientados a darle soluciones.\" \/>\n<meta name=\"robots\" content=\"index, follow, max-snippet:-1, max-image-preview:large, max-video-preview:-1\" \/>\n<link rel=\"canonical\" href=\"https:\/\/gasetlacasa.com\/es\/tratamientos\/bruxismo-y-atm\/\" \/>\n<meta property=\"og:locale\" content=\"es_ES\" \/>\n<meta property=\"og:type\" content=\"article\" \/>\n<meta property=\"og:title\" content=\"Bruxismo y ATM en Palafrugell - Cl\u00ednica Dental Gaset Lacasa - Dentista Palafrugell\" \/>\n<meta property=\"og:description\" content=\"El equipo de profesionales de la Cl\u00ednica Dental Gaset Lacasa son mujeres y hombres con formaci\u00f3n y experiencia orientados a darle soluciones.\" \/>\n<meta property=\"og:url\" content=\"https:\/\/gasetlacasa.com\/es\/tratamientos\/bruxismo-y-atm\/\" \/>\n<meta property=\"og:site_name\" content=\"Cl\u00ednica Dental Gaset Lacasa - Dentista Palafrugell\" \/>\n<meta property=\"article:modified_time\" content=\"2024-09-09T15:27:15+00:00\" \/>\n<meta name=\"twitter:card\" content=\"summary_large_image\" \/>\n<meta name=\"twitter:label1\" content=\"Tiempo de lectura\" \/>\n\t<meta name=\"twitter:data1\" content=\"6 minutos\" \/>\n<script type=\"application\/ld+json\" class=\"yoast-schema-graph\">{\"@context\":\"https:\/\/schema.org\",\"@graph\":[{\"@type\":\"WebPage\",\"@id\":\"https:\/\/gasetlacasa.com\/es\/tratamientos\/bruxismo-y-atm\/\",\"url\":\"https:\/\/gasetlacasa.com\/es\/tratamientos\/bruxismo-y-atm\/\",\"name\":\"Bruxismo y ATM en Palafrugell - Cl\u00ednica Dental Gaset Lacasa - Dentista Palafrugell\",\"isPartOf\":{\"@id\":\"https:\/\/gasetlacasa.com\/#website\"},\"datePublished\":\"2023-07-05T14:14:08+00:00\",\"dateModified\":\"2024-09-09T15:27:15+00:00\",\"description\":\"El equipo de profesionales de la Cl\u00ednica Dental Gaset Lacasa son mujeres y hombres con formaci\u00f3n y experiencia orientados a darle soluciones.\",\"breadcrumb\":{\"@id\":\"https:\/\/gasetlacasa.com\/es\/tratamientos\/bruxismo-y-atm\/#breadcrumb\"},\"inLanguage\":\"es\",\"potentialAction\":[{\"@type\":\"ReadAction\",\"target\":[\"https:\/\/gasetlacasa.com\/es\/tratamientos\/bruxismo-y-atm\/\"]}]},{\"@type\":\"BreadcrumbList\",\"@id\":\"https:\/\/gasetlacasa.com\/es\/tratamientos\/bruxismo-y-atm\/#breadcrumb\",\"itemListElement\":[{\"@type\":\"ListItem\",\"position\":1,\"name\":\"Inici\",\"item\":\"https:\/\/gasetlacasa.com\/es\/\"},{\"@type\":\"ListItem\",\"position\":2,\"name\":\"Tratamientos\",\"item\":\"https:\/\/gasetlacasa.com\/es\/tratamientos\/\"},{\"@type\":\"ListItem\",\"position\":3,\"name\":\"Bruxismo y ATM\"}]},{\"@type\":\"WebSite\",\"@id\":\"https:\/\/gasetlacasa.com\/#website\",\"url\":\"https:\/\/gasetlacasa.com\/\",\"name\":\"Cl\u00ednica Dental Gaset Lacasa - Dentista Palafrugell\",\"description\":\"Cl\u00ednica Dental Gaset Lacasa - Dentista a Palafrugell\",\"potentialAction\":[{\"@type\":\"SearchAction\",\"target\":{\"@type\":\"EntryPoint\",\"urlTemplate\":\"https:\/\/gasetlacasa.com\/?s={search_term_string}\"},\"query-input\":\"required name=search_term_string\"}],\"inLanguage\":\"es\"}]}<\/script>\n<!-- \/ Yoast SEO plugin. -->","yoast_head_json":{"title":"Bruxismo y ATM en Palafrugell - Cl\u00ednica Dental Gaset Lacasa - Dentista Palafrugell","description":"El equipo de profesionales de la Cl\u00ednica Dental Gaset Lacasa son mujeres y hombres con formaci\u00f3n y experiencia orientados a darle soluciones.","robots":{"index":"index","follow":"follow","max-snippet":"max-snippet:-1","max-image-preview":"max-image-preview:large","max-video-preview":"max-video-preview:-1"},"canonical":"https:\/\/gasetlacasa.com\/es\/tratamientos\/bruxismo-y-atm\/","og_locale":"es_ES","og_type":"article","og_title":"Bruxismo y ATM en Palafrugell - Cl\u00ednica Dental Gaset Lacasa - Dentista Palafrugell","og_description":"El equipo de profesionales de la Cl\u00ednica Dental Gaset Lacasa son mujeres y hombres con formaci\u00f3n y experiencia orientados a darle soluciones.","og_url":"https:\/\/gasetlacasa.com\/es\/tratamientos\/bruxismo-y-atm\/","og_site_name":"Cl\u00ednica Dental Gaset Lacasa - Dentista Palafrugell","article_modified_time":"2024-09-09T15:27:15+00:00","twitter_card":"summary_large_image","twitter_misc":{"Tiempo de lectura":"6 minutos"},"schema":{"@context":"https:\/\/schema.org","@graph":[{"@type":"WebPage","@id":"https:\/\/gasetlacasa.com\/es\/tratamientos\/bruxismo-y-atm\/","url":"https:\/\/gasetlacasa.com\/es\/tratamientos\/bruxismo-y-atm\/","name":"Bruxismo y ATM en Palafrugell - Cl\u00ednica Dental Gaset Lacasa - Dentista Palafrugell","isPartOf":{"@id":"https:\/\/gasetlacasa.com\/#website"},"datePublished":"2023-07-05T14:14:08+00:00","dateModified":"2024-09-09T15:27:15+00:00","description":"El equipo de profesionales de la Cl\u00ednica Dental Gaset Lacasa son mujeres y hombres con formaci\u00f3n y experiencia orientados a darle soluciones.","breadcrumb":{"@id":"https:\/\/gasetlacasa.com\/es\/tratamientos\/bruxismo-y-atm\/#breadcrumb"},"inLanguage":"es","potentialAction":[{"@type":"ReadAction","target":["https:\/\/gasetlacasa.com\/es\/tratamientos\/bruxismo-y-atm\/"]}]},{"@type":"BreadcrumbList","@id":"https:\/\/gasetlacasa.com\/es\/tratamientos\/bruxismo-y-atm\/#breadcrumb","itemListElement":[{"@type":"ListItem","position":1,"name":"Inici","item":"https:\/\/gasetlacasa.com\/es\/"},{"@type":"ListItem","position":2,"name":"Tratamientos","item":"https:\/\/gasetlacasa.com\/es\/tratamientos\/"},{"@type":"ListItem","position":3,"name":"Bruxismo y ATM"}]},{"@type":"WebSite","@id":"https:\/\/gasetlacasa.com\/#website","url":"https:\/\/gasetlacasa.com\/","name":"Cl\u00ednica Dental Gaset Lacasa - Dentista Palafrugell","description":"Cl\u00ednica Dental Gaset Lacasa - Dentista a Palafrugell","potentialAction":[{"@type":"SearchAction","target":{"@type":"EntryPoint","urlTemplate":"https:\/\/gasetlacasa.com\/?s={search_term_string}"},"query-input":"required name=search_term_string"}],"inLanguage":"es"}]}},"_links":{"self":[{"href":"https:\/\/gasetlacasa.com\/es\/wp-json\/wp\/v2\/pages\/1846","targetHints":{"allow":["GET"]}}],"collection":[{"href":"https:\/\/gasetlacasa.com\/es\/wp-json\/wp\/v2\/pages"}],"about":[{"href":"https:\/\/gasetlacasa.com\/es\/wp-json\/wp\/v2\/types\/page"}],"author":[{"embeddable":true,"href":"https:\/\/gasetlacasa.com\/es\/wp-json\/wp\/v2\/users\/1"}],"replies":[{"embeddable":true,"href":"https:\/\/gasetlacasa.com\/es\/wp-json\/wp\/v2\/comments?post=1846"}],"version-history":[{"count":16,"href":"https:\/\/gasetlacasa.com\/es\/wp-json\/wp\/v2\/pages\/1846\/revisions"}],"predecessor-version":[{"id":4064,"href":"https:\/\/gasetlacasa.com\/es\/wp-json\/wp\/v2\/pages\/1846\/revisions\/4064"}],"up":[{"embeddable":true,"href":"https:\/\/gasetlacasa.com\/es\/wp-json\/wp\/v2\/pages\/1834"}],"wp:attachment":[{"href":"https:\/\/gasetlacasa.com\/es\/wp-json\/wp\/v2\/media?parent=1846"}],"curies":[{"name":"wp","href":"https:\/\/api.w.org\/{rel}","templated":true}]}}