{"id":1840,"date":"2023-07-05T16:06:07","date_gmt":"2023-07-05T14:06:07","guid":{"rendered":"http:\/\/web2022.gasetlacasa.com\/tratamientos\/aclaracion-y-estetica-dental\/"},"modified":"2024-09-09T16:50:00","modified_gmt":"2024-09-09T14:50:00","slug":"aclaracion-y-estetica-dental","status":"publish","type":"page","link":"https:\/\/gasetlacasa.com\/es\/tratamientos\/aclaracion-y-estetica-dental\/","title":{"rendered":"Blanqueamiento y Est\u00e9tica Dental"},"content":{"rendered":"<section class=\"wpb-content-wrapper\"><p>[vc_row full_width=\u00bbstretch_row_content_no_spaces\u00bb row_type=\u00bbrow\u00bb use_row_as_full_screen_section=\u00bbno\u00bb type=\u00bbfull_width\u00bb angled_section=\u00bbno\u00bb text_align=\u00bbleft\u00bb background_image_as_pattern=\u00bbwithout_pattern\u00bb css=\u00bb.vc_custom_1646324597658{background-color: rgba(77,98,82,0.77) !important;*background-color: rgb(77,98,82) !important;}\u00bb][vc_column][vc_empty_space height=\u00bb120px\u00bb][\/vc_column][\/vc_row][vc_row row_type=\u00bbrow\u00bb use_row_as_full_screen_section=\u00bbno\u00bb type=\u00bbfull_width\u00bb angled_section=\u00bbno\u00bb text_align=\u00bbleft\u00bb background_image_as_pattern=\u00bbwithout_pattern\u00bb css=\u00bb.vc_custom_1662748832940{padding-top: 30px !important;}\u00bb][vc_column width=\u00bb1\/3&#8243;][vc_column_text]<\/p>\n<h2 class=\"fontequip\" style=\"text-align: left;\">BLANQUEAMIENTO Y EST\u00c9TICA DENTAL<\/h2>\n<p>[\/vc_column_text][vc_separator color=\u00bbblack\u00bb align=\u00bbalign_left\u00bb border_width=\u00bb8&#8243; el_width=\u00bb60&#8243; css=\u00bb.vc_custom_1662720698269{margin-top: -30px !important;padding-top: -30px !important;}\u00bb][vc_empty_space][\/vc_column][vc_column width=\u00bb2\/3&#8243;][vc_column_text]<\/p>\n<p style=\"text-align: right;\"><strong>El paso del tiempo, as\u00ed como ciertos h\u00e1bitos como el tabaquismo, el consumo de bebidas altamente colorantes como el t\u00e9 o el caf\u00e9, o la toma de ciertos medicamentos, pueden hacer que nuestros dientes pierdan esa luminosidad tan deseada. Si lo que buscas es aclarar la tonalidad de tus dientes, \u00a1el blanqueamiento dental es el tratamiento adecuado para ti!<\/strong><\/p>\n<p>[\/vc_column_text][vc_empty_space][\/vc_column][\/vc_row][vc_row row_type=\u00bbrow\u00bb use_row_as_full_screen_section=\u00bbno\u00bb type=\u00bbfull_width\u00bb angled_section=\u00bbno\u00bb text_align=\u00bbleft\u00bb background_image_as_pattern=\u00bbwithout_pattern\u00bb][vc_column][vc_empty_space][\/vc_column][\/vc_row][vc_row row_type=\u00bbrow\u00bb use_row_as_full_screen_section=\u00bbno\u00bb type=\u00bbfull_width\u00bb angled_section=\u00bbno\u00bb text_align=\u00bbleft\u00bb background_image_as_pattern=\u00bbwithout_pattern\u00bb css=\u00bb.vc_custom_1662765311289{padding-top: 100px !important;padding-bottom: 100px !important;}\u00bb][vc_column width=\u00bb1\/2&#8243;][vc_column_text css=\u00bb.vc_custom_1666709968371{padding-top: 50px !important;}\u00bb]En la Cl\u00ednica Dental Gaset Lacasa ofrecemos tanto el tratamiento de <strong>blanqueamiento dental en cl\u00ednica como el ambulatorio (en casa)<\/strong>, aunque lo que siempre aconsejamos para obtener los mejores resultados y que perduren el m\u00e1ximo en el tiempo es la <strong>combinaci\u00f3n de ambos<\/strong>. Sin embargo, e independientemente del tratamiento que se lleve a cabo, es importante evaluar muy bien el origen de la coloraci\u00f3n o oscurecimiento y realizar un <strong>an\u00e1lisis previo<\/strong> de tu caso.[\/vc_column_text][vc_row_inner css=\u00bb.vc_custom_1662765709949{margin-top: -350px !important;margin-right: 100px !important;margin-left: -300px !important;background-color: #efefef !important;}\u00bb][vc_column_inner][vc_empty_space height=\u00bb350px\u00bb][\/vc_column_inner][\/vc_row_inner][\/vc_column][vc_column width=\u00bb1\/2&#8243;][vc_single_image image=\u00bb3908&#8243; img_size=\u00bbfull\u00bb][\/vc_column][\/vc_row][vc_row row_type=\u00bbrow\u00bb use_row_as_full_screen_section=\u00bbno\u00bb type=\u00bbfull_width\u00bb angled_section=\u00bbno\u00bb text_align=\u00bbleft\u00bb background_image_as_pattern=\u00bbwithout_pattern\u00bb][vc_column width=\u00bb1\/2&#8243;][vc_single_image image=\u00bb3887&#8243; img_size=\u00bbfull\u00bb][\/vc_column][vc_column width=\u00bb1\/2&#8243;][vc_column_text css=\u00bb.vc_custom_1666710009729{padding-top: 80px !important;}\u00bb]El procedimiento es sencillo. El primer paso es siempre el de <strong>proteger tus labios y enc\u00edas<\/strong> con unos abrebocas y con un protector de enc\u00edas para evitar que entren en contacto con el hielo blanqueante y resulten da\u00f1ados. Una vez tenemos los dientes bien aislados, se aplica sobre su superficie el producto blanqueante, un gel con una alta concentraci\u00f3n de <strong>per\u00f3xido de hidr\u00f3geno<\/strong>.[\/vc_column_text][\/vc_column][\/vc_row][vc_row row_type=\u00bbrow\u00bb use_row_as_full_screen_section=\u00bbno\u00bb type=\u00bbfull_width\u00bb angled_section=\u00bbno\u00bb text_align=\u00bbleft\u00bb background_image_as_pattern=\u00bbwithout_pattern\u00bb][vc_column][vc_empty_space][\/vc_column][\/vc_row][vc_row row_type=\u00bbrow\u00bb use_row_as_full_screen_section=\u00bbno\u00bb type=\u00bbfull_width\u00bb angled_section=\u00bbno\u00bb text_align=\u00bbleft\u00bb background_image_as_pattern=\u00bbwithout_pattern\u00bb css=\u00bb.vc_custom_1662748575145{padding-top: 100px !important;padding-bottom: 100px !important;}\u00bb][vc_column width=\u00bb1\/2&#8243;][vc_column_text]Uno de los mitos de la aclaraci\u00f3n dental es que estropea el esmalte. Es falso, <strong>el gel blanqueador no perjudica el esmalte<\/strong>, lo que hace es abrir los poros del esmalte, filtr\u00e1ndose y actuando en la capa interior, la dentina.<\/p>\n<p>Lo que s\u00ed es cierto es que el tratamiento de blanqueamiento dental <strong>puede causar sensibilidad dental un par de d\u00edas <\/strong>despu\u00e9s del tratamiento puesto que los t\u00fabulos dentarios tardan de dos a tres d\u00edas en volverse a cerrar. Esto tambi\u00e9n hace que se aconseje una <strong>dieta blanca <\/strong>durante estos d\u00edas posteriores al tratamiento. Por tanto, se desaconseja el consumo de bebidas como el t\u00e9, el caf\u00e9 o el vino tinto, alimentos que puedan te\u00f1ir los dientes y, tambi\u00e9n el tabaco.[\/vc_column_text][vc_row_inner css=\u00bb.vc_custom_1663151784384{margin-top: -400px !important;margin-right: -100px !important;margin-left: -300px !important;background-color: #efefef !important;}\u00bb][vc_column_inner][vc_empty_space height=\u00bb400px\u00bb][\/vc_column_inner][\/vc_row_inner][\/vc_column][vc_column width=\u00bb1\/2&#8243;][vc_single_image image=\u00bb1435&#8243; img_size=\u00bbfull\u00bb][\/vc_column][\/vc_row][vc_row row_type=\u00bbrow\u00bb use_row_as_full_screen_section=\u00bbno\u00bb type=\u00bbfull_width\u00bb angled_section=\u00bbno\u00bb text_align=\u00bbleft\u00bb background_image_as_pattern=\u00bbwithout_pattern\u00bb][vc_column][vc_empty_space][\/vc_column][\/vc_row][vc_row row_type=\u00bbrow\u00bb use_row_as_full_screen_section=\u00bbno\u00bb type=\u00bbfull_width\u00bb angled_section=\u00bbno\u00bb text_align=\u00bbleft\u00bb background_image_as_pattern=\u00bbwithout_pattern\u00bb][vc_column width=\u00bb1\/2&#8243;][vc_single_image image=\u00bb1465&#8243; img_size=\u00bbfull\u00bb][\/vc_column][vc_column width=\u00bb1\/2&#8243; css=\u00bb.vc_custom_1662721696976{margin-top: 50px !important;margin-left: -50px !important;background-color: #000000 !important;}\u00bb][vc_column_text]<\/p>\n<ul>\n<li><span style=\"color: #ffffff;\"><strong>\u00bfHasta qu\u00e9 grado puede mejorar el tono de tu diente? <\/strong><strong>Hay algunos elementos que pueden orientarnos a la hora de prever los resultados:<\/strong><\/span>\n<ul>\n<li><span style=\"color: #ffffff;\"><strong>&#8211; Los dientes grises son m\u00e1s dif\u00edciles de aclarar<\/strong> que los amarillentos.<\/span><\/li>\n<li><span style=\"color: #ffffff;\">&#8211; Aquel paciente que <strong>en el pasado tuvo los dientes blancos<\/strong> , tendr\u00e1 mayores posibilidades de lograr resultados satisfactorios.<\/span><\/li>\n<li><span style=\"color: #ffffff;\">&#8211; Los <strong>dientes con bandas horizontales<\/strong> de diferente color pueden mejorar, pero raramente alcanzan una tonalidad uniforme.<\/span><\/li>\n<li><span style=\"color: #ffffff;\"><strong>&#8211; El 60-70% de los casos mejoran<\/strong> sin sufrir efectos secundarios, por eso le aconsejamos.<\/span><\/li>\n<\/ul>\n<\/li>\n<\/ul>\n<p>[\/vc_column_text][\/vc_column][\/vc_row][vc_row row_type=\u00bbrow\u00bb use_row_as_full_screen_section=\u00bbno\u00bb type=\u00bbfull_width\u00bb angled_section=\u00bbno\u00bb text_align=\u00bbleft\u00bb background_image_as_pattern=\u00bbwithout_pattern\u00bb][vc_column][vc_empty_space][\/vc_column][\/vc_row][vc_row row_type=\u00bbrow\u00bb use_row_as_full_screen_section=\u00bbno\u00bb type=\u00bbfull_width\u00bb angled_section=\u00bbno\u00bb text_align=\u00bbleft\u00bb background_image_as_pattern=\u00bbwithout_pattern\u00bb css=\u00bb.vc_custom_1662748587412{padding-top: 100px !important;padding-bottom: 100px !important;}\u00bb][vc_column width=\u00bb1\/2&#8243;][vc_column_text]<\/p>\n<h5>\u00bfLA ALTERNATIVA? LAS CARILLAS DENTALES<\/h5>\n<p>[\/vc_column_text][vc_column_text]Hay casos en los que la aclaraci\u00f3n dental no es suficiente para alcanzar los objetivos deseados. La soluci\u00f3n son las <strong>carillas est\u00e9ticas<\/strong>, unas l\u00e1minas muy finas que se adhieren a la superficie frontal del diente despu\u00e9s de una ligera preparaci\u00f3n. Adem\u00e1s de solucionar problemas de color, estas l\u00e1minas tambi\u00e9n pueden dar soluci\u00f3n a otros problemas est\u00e9ticos como son:<\/p>\n<ul>\n<li>La <strong>l\u00ednea negra entre la enc\u00eda y el diente<\/strong> de pacientes que llevan alg\u00fan tipo de pr\u00f3tesis met\u00e1lica.<\/li>\n<li><strong>Formas irregulares<\/strong> o antiest\u00e9ticas del diente.<\/li>\n<li><strong>Diastemas<\/strong> (espacios entre los dientes).<\/li>\n<li><strong>Microdoncias<\/strong> (dientes m\u00e1s peque\u00f1os de lo normal).<\/li>\n<li>Dientes <strong>fracturados, desgastados o limados<\/strong> .<\/li>\n<\/ul>\n<p><strong>Si te interesa obtener m\u00e1s informaci\u00f3n, d\u00e9jate aconsejar por nuestros especialistas, el Dr. Casaponsa y la Dra. Comino!<\/strong>[\/vc_column_text][\/vc_column][vc_column width=\u00bb1\/2&#8243;][vc_single_image image=\u00bb1418&#8243; img_size=\u00bbfull\u00bb css=\u00bb.vc_custom_1669312135988{padding-top: 80px !important;}\u00bb][\/vc_column][\/vc_row][vc_row row_type=\u00bbrow\u00bb use_row_as_full_screen_section=\u00bbno\u00bb type=\u00bbfull_width\u00bb angled_section=\u00bbno\u00bb text_align=\u00bbleft\u00bb background_image_as_pattern=\u00bbwithout_pattern\u00bb][vc_column][vc_column_text][\/vc_column_text][vc_empty_space][\/vc_column][\/vc_row]<\/p>\n<\/section>","protected":false},"excerpt":{"rendered":"<p>[vc_row full_width=\u00bbstretch_row_content_no_spaces\u00bb row_type=\u00bbrow\u00bb use_row_as_full_screen_section=\u00bbno\u00bb type=\u00bbfull_width\u00bb angled_section=\u00bbno\u00bb text_align=\u00bbleft\u00bb background_image_as_pattern=\u00bbwithout_pattern\u00bb css=\u00bb.vc_custom_1646324597658{background-color: rgba(77,98,82,0.77) !important;*background-color: rgb(77,98,82) !important;}\u00bb][vc_column][vc_empty_space height=\u00bb120px\u00bb][\/vc_column][\/vc_row][vc_row row_type=\u00bbrow\u00bb use_row_as_full_screen_section=\u00bbno\u00bb type=\u00bbfull_width\u00bb angled_section=\u00bbno\u00bb text_align=\u00bbleft\u00bb background_image_as_pattern=\u00bbwithout_pattern\u00bb css=\u00bb.vc_custom_1662748832940{padding-top: 30px !important;}\u00bb][vc_column width=\u00bb1\/3&#8243;][vc_column_text] BLANQUEAMIENTO Y EST\u00c9TICA DENTAL [\/vc_column_text][vc_separator color=\u00bbblack\u00bb align=\u00bbalign_left\u00bb border_width=\u00bb8&#8243; el_width=\u00bb60&#8243; css=\u00bb.vc_custom_1662720698269{margin-top: -30px !important;padding-top: -30px !important;}\u00bb][vc_empty_space][\/vc_column][vc_column width=\u00bb2\/3&#8243;][vc_column_text] El paso del tiempo, as\u00ed como ciertos h\u00e1bitos como el tabaquismo, el consumo de bebidas altamente [&hellip;]<\/p>\n","protected":false},"author":1,"featured_media":0,"parent":1834,"menu_order":54,"comment_status":"closed","ping_status":"closed","template":"","meta":{"_acf_changed":false,"footnotes":""},"class_list":["post-1840","page","type-page","status-publish","hentry"],"acf":[],"yoast_head":"<!-- This site is optimized with the Yoast SEO plugin v22.0 - https:\/\/yoast.com\/wordpress\/plugins\/seo\/ -->\n<title>Blanqueamiento y Est\u00e9tica Dental en Palafrugell - Cl\u00ednica Dental Gaset Lacasa - Dentista Palafrugell<\/title>\n<meta name=\"description\" content=\"El equipo de profesionales de la Cl\u00ednica Dental Gaset Lacasa son mujeres y hombres con formaci\u00f3n y experiencia orientados a darle soluciones.\" \/>\n<meta name=\"robots\" content=\"index, follow, max-snippet:-1, max-image-preview:large, max-video-preview:-1\" \/>\n<link rel=\"canonical\" href=\"https:\/\/gasetlacasa.com\/es\/tratamientos\/aclaracion-y-estetica-dental\/\" \/>\n<meta property=\"og:locale\" content=\"es_ES\" \/>\n<meta property=\"og:type\" content=\"article\" \/>\n<meta property=\"og:title\" content=\"Blanqueamiento y Est\u00e9tica Dental en Palafrugell - Cl\u00ednica Dental Gaset Lacasa - Dentista Palafrugell\" \/>\n<meta property=\"og:description\" content=\"El equipo de profesionales de la Cl\u00ednica Dental Gaset Lacasa son mujeres y hombres con formaci\u00f3n y experiencia orientados a darle soluciones.\" \/>\n<meta property=\"og:url\" content=\"https:\/\/gasetlacasa.com\/es\/tratamientos\/aclaracion-y-estetica-dental\/\" \/>\n<meta property=\"og:site_name\" content=\"Cl\u00ednica Dental Gaset Lacasa - Dentista Palafrugell\" \/>\n<meta property=\"article:modified_time\" content=\"2024-09-09T14:50:00+00:00\" \/>\n<meta name=\"twitter:card\" content=\"summary_large_image\" \/>\n<meta name=\"twitter:label1\" content=\"Tiempo de lectura\" \/>\n\t<meta name=\"twitter:data1\" content=\"5 minutos\" \/>\n<script type=\"application\/ld+json\" class=\"yoast-schema-graph\">{\"@context\":\"https:\/\/schema.org\",\"@graph\":[{\"@type\":\"WebPage\",\"@id\":\"https:\/\/gasetlacasa.com\/es\/tratamientos\/aclaracion-y-estetica-dental\/\",\"url\":\"https:\/\/gasetlacasa.com\/es\/tratamientos\/aclaracion-y-estetica-dental\/\",\"name\":\"Blanqueamiento y Est\u00e9tica Dental en Palafrugell - Cl\u00ednica Dental Gaset Lacasa - Dentista Palafrugell\",\"isPartOf\":{\"@id\":\"https:\/\/gasetlacasa.com\/#website\"},\"datePublished\":\"2023-07-05T14:06:07+00:00\",\"dateModified\":\"2024-09-09T14:50:00+00:00\",\"description\":\"El equipo de profesionales de la Cl\u00ednica Dental Gaset Lacasa son mujeres y hombres con formaci\u00f3n y experiencia orientados a darle soluciones.\",\"breadcrumb\":{\"@id\":\"https:\/\/gasetlacasa.com\/es\/tratamientos\/aclaracion-y-estetica-dental\/#breadcrumb\"},\"inLanguage\":\"es\",\"potentialAction\":[{\"@type\":\"ReadAction\",\"target\":[\"https:\/\/gasetlacasa.com\/es\/tratamientos\/aclaracion-y-estetica-dental\/\"]}]},{\"@type\":\"BreadcrumbList\",\"@id\":\"https:\/\/gasetlacasa.com\/es\/tratamientos\/aclaracion-y-estetica-dental\/#breadcrumb\",\"itemListElement\":[{\"@type\":\"ListItem\",\"position\":1,\"name\":\"Inici\",\"item\":\"https:\/\/gasetlacasa.com\/es\/\"},{\"@type\":\"ListItem\",\"position\":2,\"name\":\"Tratamientos\",\"item\":\"https:\/\/gasetlacasa.com\/es\/tratamientos\/\"},{\"@type\":\"ListItem\",\"position\":3,\"name\":\"Blanqueamiento y Est\u00e9tica Dental\"}]},{\"@type\":\"WebSite\",\"@id\":\"https:\/\/gasetlacasa.com\/#website\",\"url\":\"https:\/\/gasetlacasa.com\/\",\"name\":\"Cl\u00ednica Dental Gaset Lacasa - Dentista Palafrugell\",\"description\":\"Cl\u00ednica Dental Gaset Lacasa - Dentista a Palafrugell\",\"potentialAction\":[{\"@type\":\"SearchAction\",\"target\":{\"@type\":\"EntryPoint\",\"urlTemplate\":\"https:\/\/gasetlacasa.com\/?s={search_term_string}\"},\"query-input\":\"required name=search_term_string\"}],\"inLanguage\":\"es\"}]}<\/script>\n<!-- \/ Yoast SEO plugin. -->","yoast_head_json":{"title":"Blanqueamiento y Est\u00e9tica Dental en Palafrugell - Cl\u00ednica Dental Gaset Lacasa - Dentista Palafrugell","description":"El equipo de profesionales de la Cl\u00ednica Dental Gaset Lacasa son mujeres y hombres con formaci\u00f3n y experiencia orientados a darle soluciones.","robots":{"index":"index","follow":"follow","max-snippet":"max-snippet:-1","max-image-preview":"max-image-preview:large","max-video-preview":"max-video-preview:-1"},"canonical":"https:\/\/gasetlacasa.com\/es\/tratamientos\/aclaracion-y-estetica-dental\/","og_locale":"es_ES","og_type":"article","og_title":"Blanqueamiento y Est\u00e9tica Dental en Palafrugell - Cl\u00ednica Dental Gaset Lacasa - Dentista Palafrugell","og_description":"El equipo de profesionales de la Cl\u00ednica Dental Gaset Lacasa son mujeres y hombres con formaci\u00f3n y experiencia orientados a darle soluciones.","og_url":"https:\/\/gasetlacasa.com\/es\/tratamientos\/aclaracion-y-estetica-dental\/","og_site_name":"Cl\u00ednica Dental Gaset Lacasa - Dentista Palafrugell","article_modified_time":"2024-09-09T14:50:00+00:00","twitter_card":"summary_large_image","twitter_misc":{"Tiempo de lectura":"5 minutos"},"schema":{"@context":"https:\/\/schema.org","@graph":[{"@type":"WebPage","@id":"https:\/\/gasetlacasa.com\/es\/tratamientos\/aclaracion-y-estetica-dental\/","url":"https:\/\/gasetlacasa.com\/es\/tratamientos\/aclaracion-y-estetica-dental\/","name":"Blanqueamiento y Est\u00e9tica Dental en Palafrugell - Cl\u00ednica Dental Gaset Lacasa - Dentista Palafrugell","isPartOf":{"@id":"https:\/\/gasetlacasa.com\/#website"},"datePublished":"2023-07-05T14:06:07+00:00","dateModified":"2024-09-09T14:50:00+00:00","description":"El equipo de profesionales de la Cl\u00ednica Dental Gaset Lacasa son mujeres y hombres con formaci\u00f3n y experiencia orientados a darle soluciones.","breadcrumb":{"@id":"https:\/\/gasetlacasa.com\/es\/tratamientos\/aclaracion-y-estetica-dental\/#breadcrumb"},"inLanguage":"es","potentialAction":[{"@type":"ReadAction","target":["https:\/\/gasetlacasa.com\/es\/tratamientos\/aclaracion-y-estetica-dental\/"]}]},{"@type":"BreadcrumbList","@id":"https:\/\/gasetlacasa.com\/es\/tratamientos\/aclaracion-y-estetica-dental\/#breadcrumb","itemListElement":[{"@type":"ListItem","position":1,"name":"Inici","item":"https:\/\/gasetlacasa.com\/es\/"},{"@type":"ListItem","position":2,"name":"Tratamientos","item":"https:\/\/gasetlacasa.com\/es\/tratamientos\/"},{"@type":"ListItem","position":3,"name":"Blanqueamiento y Est\u00e9tica Dental"}]},{"@type":"WebSite","@id":"https:\/\/gasetlacasa.com\/#website","url":"https:\/\/gasetlacasa.com\/","name":"Cl\u00ednica Dental Gaset Lacasa - Dentista Palafrugell","description":"Cl\u00ednica Dental Gaset Lacasa - Dentista a Palafrugell","potentialAction":[{"@type":"SearchAction","target":{"@type":"EntryPoint","urlTemplate":"https:\/\/gasetlacasa.com\/?s={search_term_string}"},"query-input":"required name=search_term_string"}],"inLanguage":"es"}]}},"_links":{"self":[{"href":"https:\/\/gasetlacasa.com\/es\/wp-json\/wp\/v2\/pages\/1840","targetHints":{"allow":["GET"]}}],"collection":[{"href":"https:\/\/gasetlacasa.com\/es\/wp-json\/wp\/v2\/pages"}],"about":[{"href":"https:\/\/gasetlacasa.com\/es\/wp-json\/wp\/v2\/types\/page"}],"author":[{"embeddable":true,"href":"https:\/\/gasetlacasa.com\/es\/wp-json\/wp\/v2\/users\/1"}],"replies":[{"embeddable":true,"href":"https:\/\/gasetlacasa.com\/es\/wp-json\/wp\/v2\/comments?post=1840"}],"version-history":[{"count":18,"href":"https:\/\/gasetlacasa.com\/es\/wp-json\/wp\/v2\/pages\/1840\/revisions"}],"predecessor-version":[{"id":4061,"href":"https:\/\/gasetlacasa.com\/es\/wp-json\/wp\/v2\/pages\/1840\/revisions\/4061"}],"up":[{"embeddable":true,"href":"https:\/\/gasetlacasa.com\/es\/wp-json\/wp\/v2\/pages\/1834"}],"wp:attachment":[{"href":"https:\/\/gasetlacasa.com\/es\/wp-json\/wp\/v2\/media?parent=1840"}],"curies":[{"name":"wp","href":"https:\/\/api.w.org\/{rel}","templated":true}]}}