{"id":1824,"date":"2023-07-05T15:58:49","date_gmt":"2023-07-05T13:58:49","guid":{"rendered":"http:\/\/web2022.gasetlacasa.com\/politica-de-privacidad-y-proteccion-de-datos\/"},"modified":"2025-03-18T17:01:48","modified_gmt":"2025-03-18T15:01:48","slug":"politica-de-privacidad-y-proteccion-de-datos","status":"publish","type":"page","link":"https:\/\/gasetlacasa.com\/es\/politica-de-privacidad-y-proteccion-de-datos\/","title":{"rendered":"Pol\u00edtica de privacidad y protecci\u00f3n de datos"},"content":{"rendered":"<section class=\"wpb-content-wrapper\">\t\t<div data-elementor-type=\"wp-page\" data-elementor-id=\"1824\" class=\"elementor elementor-1824 elementor-1139\">\n\t\t\t\t\t\t<section class=\"elementor-section elementor-top-section elementor-element elementor-element-1e47f923 elementor-section-boxed elementor-section-height-default elementor-section-height-default\" data-id=\"1e47f923\" data-element_type=\"section\" data-settings=\"{&quot;jet_parallax_layout_list&quot;:[]}\">\n\t\t\t\t\t\t<div class=\"elementor-container elementor-column-gap-default\">\n\t\t\t\t\t<div class=\"elementor-column elementor-col-100 elementor-top-column elementor-element elementor-element-7d0e8a2b\" data-id=\"7d0e8a2b\" data-element_type=\"column\">\n\t\t\t<div class=\"elementor-widget-wrap elementor-element-populated\">\n\t\t\t\t\t\t<div class=\"elementor-element elementor-element-21b692dc elementor-widget elementor-widget-text-editor\" data-id=\"21b692dc\" data-element_type=\"widget\" data-widget_type=\"text-editor.default\">\n\t\t\t\t<div class=\"elementor-widget-container\">\n\t\t\t<style>\/*! elementor - v3.19.0 - 28-02-2024 *\/\n.elementor-widget-text-editor.elementor-drop-cap-view-stacked .elementor-drop-cap{background-color:#69727d;color:#fff}.elementor-widget-text-editor.elementor-drop-cap-view-framed .elementor-drop-cap{color:#69727d;border:3px solid;background-color:transparent}.elementor-widget-text-editor:not(.elementor-drop-cap-view-default) .elementor-drop-cap{margin-top:8px}.elementor-widget-text-editor:not(.elementor-drop-cap-view-default) .elementor-drop-cap-letter{width:1em;height:1em}.elementor-widget-text-editor .elementor-drop-cap{float:left;text-align:center;line-height:1;font-size:50px}.elementor-widget-text-editor .elementor-drop-cap-letter{display:inline-block}<\/style>\t\t\t\t<p>[vc_row full_width=\u00bbstretch_row_content_no_spaces\u00bb css=\u00bb.vc_custom_1669305902271{margin-top: -100px !important;background-color: rgba(77,98,82,0.77) !important;*background-color: rgb(77,98,82) !important;}\u00bb][vc_column][vc_empty_space height=\u00bb75px\u00bb][\/vc_column][\/vc_row][vc_row][vc_column width=\u00bb1\/2&#8243;][vc_column_text]<\/p>\n<h2 style=\"text-align: left;\">Pol\u00edtica de privacidad y protecci\u00f3n de datos<\/h2>\n<p>[\/vc_column_text][vc_separator color=\u00bbblack\u00bb align=\u00bbalign_left\u00bb border_width=\u00bb8&#8243; el_width=\u00bb60&#8243;][vc_empty_space][\/vc_column][vc_column width=\u00bb1\/2&#8243;][vc_empty_space][\/vc_column][\/vc_row][vc_row][vc_column][vc_column_text]<\/p>\n<p style=\"text-align: justify;\">El TITULAR de la web se compromete a proteger la privacidad de los usuarios que accedan a esta web y\/o cualquiera de sus servicios. La utilizaci\u00f3n de la web y\/o de cualquiera de los servicios ofrecidos por el TITULAR, implica la aceptaci\u00f3n por parte del Usuario de las disposiciones contenidas en la presente Pol\u00edtica de Privacidad.<\/p>\n<p style=\"text-align: justify;\">Por favor, tenga en cuenta que aunque pueda haber enlaces de nuestra web a otras webs, esta Pol\u00edtica de Privacidad no se aplica a las webs de otras compa\u00f1\u00edas u organizaciones a las que la web est\u00e9 redirigida. El TITULAR no controla el contenido de los sitios de terceros ni acepta ning\u00fan tipo de responsabilidad por el contenido o las pol\u00edticas de privacidad de estos sitios, tal y como se indica en nuestro Aviso Legal.<\/p>\n<p style=\"text-align: justify;\">En cumplimiento del Reglamento (UE) 2016\/679 del Parlamento Europeo y del Consejo, de 27 de abril de 2016, (RGPD) y la Ley Org\u00e1nica 3\/2018, de 5 de diciembre, de Protecci\u00f3n de Datos Personales y garant\u00eda de los derechos digitales (LOPDGDD), le ofrecemos la siguiente informaci\u00f3n sobre el tratamiento de sus datos personales:<\/p>\n<p><\/p>\n<p style=\"text-align: justify;\"><strong>\u00bfQui\u00e9n es el responsable del tratamiento de sus datos?<\/strong><\/p>\n<p style=\"text-align: justify;\">El Responsable del tratamiento de sus datos es Enric Gaset Borr\u00e0s, con DNI 37267298-F y domicilio en C\/ San Sebasti\u00e1n, 11-13 1\u00ba, CP 17200 de la localidad de Palafrugell (en adelante, \u201cCLINICA DENTAL GASET LACASA \u201d). Nuestros datos figuran en el Aviso Legal de esta web.<\/p>\n<p><\/p>\n<p style=\"text-align: justify;\"><strong>\u00bfCon qu\u00e9 finalidad tratamos sus datos personales?<\/strong><\/p>\n<p style=\"text-align: justify;\">Tratamos la informaci\u00f3n que se nos facilita para prestar y facturar nuestros servicios y\/o contestar a solicitudes de informaci\u00f3n o contacto.<\/p>\n<p style=\"text-align: justify;\">Con su consentimiento, tambi\u00e9n podremos tratar sus datos para enviarle informaci\u00f3n sobre nuestras actividades y servicios.<\/p>\n<p><\/p>\n<p style=\"text-align: justify;\"><strong>\u00bfDurante cu\u00e1nto tiempo conservaremos sus datos?<\/strong><\/p>\n<p style=\"text-align: justify;\">Los datos personales proporcionados se conservar\u00e1n mientras sea usuario de nuestros servicios o desee recibir informaci\u00f3n, mientras no nos solicite su supresi\u00f3n y, en todo caso, durante el plazo de tiempo establecido en la normativa legal vigente.<\/p>\n<p><\/p>\n<p style=\"text-align: justify;\"><strong>\u00bfCu\u00e1l es la legitimaci\u00f3n para el tratamiento de sus datos?<\/strong><\/p>\n<p style=\"text-align: justify;\">La base legal para el tratamiento de sus datos para las finalidades anteriormente descrita es su consentimiento, libremente otorgado al marcar las casillas de aceptaci\u00f3n de los formularios de recogida de datos de nuestra p\u00e1gina web.<\/p>\n<p><\/p>\n<p style=\"text-align: justify;\"><strong>\u00bfA qu\u00e9 destinatarios se comunicar\u00e1n sus datos?<\/strong><\/p>\n<p style=\"text-align: justify;\">Los datos personales del interesado podr\u00e1n ser cedidos a los siguientes destinatarios:<\/p>\n<ul style=\"text-align: justify;\">\n<li>Administraciones p\u00fablicas cuando as\u00ed lo establezca una disposici\u00f3n legal aplicable y juzgados y tribunales.<\/li>\n<\/ul>\n<ul style=\"text-align: justify;\">\n<li>Proveedores que prestan servicios a CLINICA DENTAL GASET LACASA relacionados con la gesti\u00f3n del contrato formalizado y que tienen la condici\u00f3n de encargados del tratamiento, tales como, pero no limit\u00e1ndose a entidades financieras, laboratorios prot\u00e9sicos, entidades de detecci\u00f3n y prevenci\u00f3n del fraude, proveedores de servicios tecnol\u00f3gicos, proveedores y colaboradores de servicios de log\u00edstica, transporte y entrega o proveedores de servicios relacionados con la atenci\u00f3n al cliente, entre otros.<\/li>\n<\/ul>\n<ul style=\"text-align: justify;\">\n<li>Proveedores y colaboradores que presten servicios relacionados con marketing y publicidad, s\u00f3lo en caso de que el interesado haya dado su consentimiento de manera expresa.<\/li>\n<\/ul>\n<p style=\"text-align: justify;\">En cualquier caso, los terceros con los que se compartan determinados datos de car\u00e1cter personal del interesado habr\u00e1n acreditado previamente la adopci\u00f3n de medidas adecuadas para protegerlos correctamente.<\/p>\n<p><\/p>\n<p style=\"text-align: justify;\"><strong>\u00bfCu\u00e1les son sus derechos cuando nos facilita sus datos?<\/strong><\/p>\n<p style=\"text-align: justify;\">Cualquier persona tiene derecho a obtener confirmaci\u00f3n sobre si estamos tratando datos personales que le conciernen. Las personas interesadas tienen derecho a acceder a sus datos personales, as\u00ed como a solicitar la rectificaci\u00f3n de los datos inexactos, su limitaci\u00f3n, portabilidad o, en su caso, solicitar su supresi\u00f3n cuando, entre otros motivos, los datos ya no sean necesarios para las finalidades para las que fueron recogidas.<\/p>\n<p style=\"text-align: justify;\">En determinados supuestos el interesado tendr\u00e1 derecho a solicitar la limitaci\u00f3n del tratamiento de los datos, en cuyo caso \u00fanicamente los conservaremos para el ejercicio o la defensa de reclamaciones.<\/p>\n<p style=\"text-align: justify;\">En determinadas circunstancias y por motivos relacionados con su situaci\u00f3n particular, los interesados pueden oponerse al tratamiento de sus datos. En este caso, CLINICA DENTAL GASET LACASA dejar\u00e1 de tratar los datos, salvo motivos leg\u00edtimos imperiosos o el ejercicio o defensa de posibles reclamaciones.<\/p>\n<p style=\"text-align: justify;\">En cualquiera de los casos anteriores, CLINICA DENTAL GASET LACASA comunicar\u00e1 cualquier rectificaci\u00f3n o supresi\u00f3n de datos personales, as\u00ed como cualquier limitaci\u00f3n de tratamiento efectuada a cada uno de los destinatarios a los que se hayan comunicado los datos personales, salvo que sea o exija un esfuerzo desproporcionado. Si as\u00ed lo solicita el interesado, CLINICA DENTAL GASET LACASA le informar\u00e1 sobre estos destinatarios.<\/p>\n<p style=\"text-align: justify;\">Asimismo, el interesado tendr\u00e1 derecho a recibir los datos personales que le incumban, que haya facilitado a CLINICA DENTAL GASET LACASA, en un formato estructurado, de uso com\u00fan y lectura mec\u00e1nica, ya transmitirlos a otro responsable cuando el tratamiento se base en el consentimiento o en un contrato y se efect\u00fae por medios automatizados.<\/p>\n<p style=\"text-align: justify;\">El interesado tendr\u00e1 derecho a oponerse en cualquier momento, por motivos relacionados con su situaci\u00f3n particular, a que los datos personales que le conciernan sean objeto de un tratamiento basado en el inter\u00e9s p\u00fablico o leg\u00edtimo por CLINICA DENTAL GASET LACASA o uno tercero, incluida la elaboraci\u00f3n de perfiles, a fin de que CLINICA DENTAL GASET LACASA deje de tratar los datos personales, salvo que \u00e9stos puedan acreditar motivos leg\u00edtimos imperiosos para el tratamiento que prevalezcan sobre los intereses, derechos y libertades del interesado, o para la formulaci\u00f3n, ejercicio o defensa de reclamaciones.<\/p>\n<p style=\"text-align: justify;\">Asimismo, el interesado tiene derecho a no ser objeto de una decisi\u00f3n basada \u00fanicamente en el tratamiento automatizado, incluida la elaboraci\u00f3n de perfiles, que produzca efectos jur\u00eddicos o le afecte significativamente, salvo que esta decisi\u00f3n sea necesaria para a la celebraci\u00f3n o ejecuci\u00f3n de un contrato con CLINICA DENTAL GASET LACASA y est\u00e9 autorizada por la legalidad europea o estatal vigente o se base en el consentimiento expl\u00edcito del interesado.<\/p>\n<p style=\"text-align: justify;\">Por \u00faltimo, el interesado tendr\u00e1 derecho a presentar reclamaci\u00f3n ante las autoridades de protecci\u00f3n de datos.<\/p>\n<p><\/p>\n<p style=\"text-align: justify;\"><strong>\u00bfC\u00f3mo puede ejercer sus derechos?<\/strong><\/p>\n<p style=\"text-align: justify;\">Los referidos derechos de acceso, rectificaci\u00f3n, supresi\u00f3n, oposici\u00f3n, portabilidad y limitaci\u00f3n, as\u00ed como si no son objeto de decisiones individuales automatizadas, podr\u00e1n ser ejercidos enviando una solicitud escrita con copia adjunta de su DNI a trav\u00e9s de la siguiente direcci\u00f3n de correo electr\u00f3nico: <a href=\"mailto:gasetlacasa@gmail.com\">gasetlacasa@gmail.com<\/a> .<\/p>\n<p><\/p>\n<p style=\"text-align: justify;\"><strong>\u00bfC\u00f3mo hemos obtenido sus datos?<\/strong><\/p>\n<p style=\"text-align: justify;\">Los datos personales que tratamos proceden del propio interesado, que garantiza que los datos personales facilitados son ciertos y se hace responsable de comunicar cualquier modificaci\u00f3n. Los datos que deban introducirse en un campo que est\u00e9 marcado con un asterisco son obligatorios para poder prestarle el servicio solicitado.<\/p>\n<p><\/p>\n<p style=\"text-align: justify;\"><strong>\u00bfQu\u00e9 datos tratamos?<\/strong><\/p>\n<p style=\"text-align: justify;\">Las categor\u00edas de datos que podemos tratar son:<\/p>\n<ul>\n<li style=\"text-align: justify;\">Datos de car\u00e1cter identificativo.<\/li>\n<li style=\"text-align: justify;\">Direcciones postales o electr\u00f3nicas.<\/li>\n<li style=\"text-align: justify;\">Tel\u00e9fono.<\/li>\n<\/ul>\n<p>[\/vc_column_text][\/vc_column][\/vc_row]<\/p>\t\t\t\t\t\t<\/div>\n\t\t\t\t<\/div>\n\t\t\t\t\t<\/div>\n\t\t<\/div>\n\t\t\t\t\t<\/div>\n\t\t<\/section>\n\t\t\t\t<\/div>\n\t\t<\/section>","protected":false},"excerpt":{"rendered":"<p>[vc_row full_width=\u00bbstretch_row_content_no_spaces\u00bb css=\u00bb.vc_custom_1669305902271{margin-top: -100px !important;background-color: rgba(77,98,82,0.77) !important;*background-color: rgb(77,98,82) !important;}\u00bb][vc_column][vc_empty_space height=\u00bb75px\u00bb][\/vc_column][\/vc_row][vc_row][vc_column width=\u00bb1\/2&#8243;][vc_column_text] Pol\u00edtica de privacidad y protecci\u00f3n de datos [\/vc_column_text][vc_separator color=\u00bbblack\u00bb align=\u00bbalign_left\u00bb border_width=\u00bb8&#8243; el_width=\u00bb60&#8243;][vc_empty_space][\/vc_column][vc_column width=\u00bb1\/2&#8243;][vc_empty_space][\/vc_column][\/vc_row][vc_row][vc_column][vc_column_text] El TITULAR de la web se compromete a proteger la privacidad de los usuarios que accedan a esta web y\/o cualquiera de sus servicios. La utilizaci\u00f3n de la web y\/o de [&hellip;]<\/p>\n","protected":false},"author":1,"featured_media":0,"parent":0,"menu_order":0,"comment_status":"closed","ping_status":"closed","template":"","meta":{"_acf_changed":false,"footnotes":""},"class_list":["post-1824","page","type-page","status-publish","hentry"],"acf":[],"yoast_head":"<!-- This site is optimized with the Yoast SEO plugin v22.0 - https:\/\/yoast.com\/wordpress\/plugins\/seo\/ -->\n<title>Cl\u00ednica Dental Gaset Lacasa - Dentista Palafrugell - Pol\u00edtica de privacidad y protecci\u00f3n de datos<\/title>\n<meta name=\"robots\" content=\"index, follow, max-snippet:-1, max-image-preview:large, max-video-preview:-1\" \/>\n<link rel=\"canonical\" href=\"https:\/\/gasetlacasa.com\/es\/politica-de-privacidad-y-proteccion-de-datos\/\" \/>\n<meta property=\"og:locale\" content=\"es_ES\" \/>\n<meta property=\"og:type\" content=\"article\" \/>\n<meta property=\"og:title\" content=\"Cl\u00ednica Dental Gaset Lacasa - Dentista Palafrugell - Pol\u00edtica de privacidad y protecci\u00f3n de datos\" \/>\n<meta property=\"og:description\" content=\"[vc_row full_width=\u00bbstretch_row_content_no_spaces\u00bb css=\u00bb.vc_custom_1669305902271{margin-top: -100px !important;background-color: rgba(77,98,82,0.77) !important;*background-color: rgb(77,98,82) !important;}\u00bb][vc_column][vc_empty_space height=\u00bb75px\u00bb][\/vc_column][\/vc_row][vc_row][vc_column width=\u00bb1\/2&#8243;][vc_column_text] Pol\u00edtica de privacidad y protecci\u00f3n de datos [\/vc_column_text][vc_separator color=\u00bbblack\u00bb align=\u00bbalign_left\u00bb border_width=\u00bb8&#8243; el_width=\u00bb60&#8243;][vc_empty_space][\/vc_column][vc_column width=\u00bb1\/2&#8243;][vc_empty_space][\/vc_column][\/vc_row][vc_row][vc_column][vc_column_text] El TITULAR de la web se compromete a proteger la privacidad de los usuarios que accedan a esta web y\/o cualquiera de sus servicios. La utilizaci\u00f3n de la web y\/o de [&hellip;]\" \/>\n<meta property=\"og:url\" content=\"https:\/\/gasetlacasa.com\/es\/politica-de-privacidad-y-proteccion-de-datos\/\" \/>\n<meta property=\"og:site_name\" content=\"Cl\u00ednica Dental Gaset Lacasa - Dentista Palafrugell\" \/>\n<meta property=\"article:modified_time\" content=\"2025-03-18T15:01:48+00:00\" \/>\n<meta name=\"twitter:card\" content=\"summary_large_image\" \/>\n<meta name=\"twitter:label1\" content=\"Tiempo de lectura\" \/>\n\t<meta name=\"twitter:data1\" content=\"6 minutos\" \/>\n<script type=\"application\/ld+json\" class=\"yoast-schema-graph\">{\"@context\":\"https:\/\/schema.org\",\"@graph\":[{\"@type\":\"WebPage\",\"@id\":\"https:\/\/gasetlacasa.com\/es\/politica-de-privacidad-y-proteccion-de-datos\/\",\"url\":\"https:\/\/gasetlacasa.com\/es\/politica-de-privacidad-y-proteccion-de-datos\/\",\"name\":\"Cl\u00ednica Dental Gaset Lacasa - Dentista Palafrugell - Pol\u00edtica de privacidad y protecci\u00f3n de datos\",\"isPartOf\":{\"@id\":\"https:\/\/gasetlacasa.com\/#website\"},\"datePublished\":\"2023-07-05T13:58:49+00:00\",\"dateModified\":\"2025-03-18T15:01:48+00:00\",\"breadcrumb\":{\"@id\":\"https:\/\/gasetlacasa.com\/es\/politica-de-privacidad-y-proteccion-de-datos\/#breadcrumb\"},\"inLanguage\":\"es\",\"potentialAction\":[{\"@type\":\"ReadAction\",\"target\":[\"https:\/\/gasetlacasa.com\/es\/politica-de-privacidad-y-proteccion-de-datos\/\"]}]},{\"@type\":\"BreadcrumbList\",\"@id\":\"https:\/\/gasetlacasa.com\/es\/politica-de-privacidad-y-proteccion-de-datos\/#breadcrumb\",\"itemListElement\":[{\"@type\":\"ListItem\",\"position\":1,\"name\":\"Inici\",\"item\":\"https:\/\/gasetlacasa.com\/es\/\"},{\"@type\":\"ListItem\",\"position\":2,\"name\":\"Pol\u00edtica de privacidad y protecci\u00f3n de datos\"}]},{\"@type\":\"WebSite\",\"@id\":\"https:\/\/gasetlacasa.com\/#website\",\"url\":\"https:\/\/gasetlacasa.com\/\",\"name\":\"Cl\u00ednica Dental Gaset Lacasa - Dentista Palafrugell\",\"description\":\"Cl\u00ednica Dental Gaset Lacasa - Dentista a Palafrugell\",\"potentialAction\":[{\"@type\":\"SearchAction\",\"target\":{\"@type\":\"EntryPoint\",\"urlTemplate\":\"https:\/\/gasetlacasa.com\/?s={search_term_string}\"},\"query-input\":\"required name=search_term_string\"}],\"inLanguage\":\"es\"}]}<\/script>\n<!-- \/ Yoast SEO plugin. -->","yoast_head_json":{"title":"Cl\u00ednica Dental Gaset Lacasa - Dentista Palafrugell - Pol\u00edtica de privacidad y protecci\u00f3n de datos","robots":{"index":"index","follow":"follow","max-snippet":"max-snippet:-1","max-image-preview":"max-image-preview:large","max-video-preview":"max-video-preview:-1"},"canonical":"https:\/\/gasetlacasa.com\/es\/politica-de-privacidad-y-proteccion-de-datos\/","og_locale":"es_ES","og_type":"article","og_title":"Cl\u00ednica Dental Gaset Lacasa - Dentista Palafrugell - Pol\u00edtica de privacidad y protecci\u00f3n de datos","og_description":"[vc_row full_width=\u00bbstretch_row_content_no_spaces\u00bb css=\u00bb.vc_custom_1669305902271{margin-top: -100px !important;background-color: rgba(77,98,82,0.77) !important;*background-color: rgb(77,98,82) !important;}\u00bb][vc_column][vc_empty_space height=\u00bb75px\u00bb][\/vc_column][\/vc_row][vc_row][vc_column width=\u00bb1\/2&#8243;][vc_column_text] Pol\u00edtica de privacidad y protecci\u00f3n de datos [\/vc_column_text][vc_separator color=\u00bbblack\u00bb align=\u00bbalign_left\u00bb border_width=\u00bb8&#8243; el_width=\u00bb60&#8243;][vc_empty_space][\/vc_column][vc_column width=\u00bb1\/2&#8243;][vc_empty_space][\/vc_column][\/vc_row][vc_row][vc_column][vc_column_text] El TITULAR de la web se compromete a proteger la privacidad de los usuarios que accedan a esta web y\/o cualquiera de sus servicios. La utilizaci\u00f3n de la web y\/o de [&hellip;]","og_url":"https:\/\/gasetlacasa.com\/es\/politica-de-privacidad-y-proteccion-de-datos\/","og_site_name":"Cl\u00ednica Dental Gaset Lacasa - Dentista Palafrugell","article_modified_time":"2025-03-18T15:01:48+00:00","twitter_card":"summary_large_image","twitter_misc":{"Tiempo de lectura":"6 minutos"},"schema":{"@context":"https:\/\/schema.org","@graph":[{"@type":"WebPage","@id":"https:\/\/gasetlacasa.com\/es\/politica-de-privacidad-y-proteccion-de-datos\/","url":"https:\/\/gasetlacasa.com\/es\/politica-de-privacidad-y-proteccion-de-datos\/","name":"Cl\u00ednica Dental Gaset Lacasa - Dentista Palafrugell - Pol\u00edtica de privacidad y protecci\u00f3n de datos","isPartOf":{"@id":"https:\/\/gasetlacasa.com\/#website"},"datePublished":"2023-07-05T13:58:49+00:00","dateModified":"2025-03-18T15:01:48+00:00","breadcrumb":{"@id":"https:\/\/gasetlacasa.com\/es\/politica-de-privacidad-y-proteccion-de-datos\/#breadcrumb"},"inLanguage":"es","potentialAction":[{"@type":"ReadAction","target":["https:\/\/gasetlacasa.com\/es\/politica-de-privacidad-y-proteccion-de-datos\/"]}]},{"@type":"BreadcrumbList","@id":"https:\/\/gasetlacasa.com\/es\/politica-de-privacidad-y-proteccion-de-datos\/#breadcrumb","itemListElement":[{"@type":"ListItem","position":1,"name":"Inici","item":"https:\/\/gasetlacasa.com\/es\/"},{"@type":"ListItem","position":2,"name":"Pol\u00edtica de privacidad y protecci\u00f3n de datos"}]},{"@type":"WebSite","@id":"https:\/\/gasetlacasa.com\/#website","url":"https:\/\/gasetlacasa.com\/","name":"Cl\u00ednica Dental Gaset Lacasa - Dentista Palafrugell","description":"Cl\u00ednica Dental Gaset Lacasa - Dentista a Palafrugell","potentialAction":[{"@type":"SearchAction","target":{"@type":"EntryPoint","urlTemplate":"https:\/\/gasetlacasa.com\/?s={search_term_string}"},"query-input":"required name=search_term_string"}],"inLanguage":"es"}]}},"_links":{"self":[{"href":"https:\/\/gasetlacasa.com\/es\/wp-json\/wp\/v2\/pages\/1824","targetHints":{"allow":["GET"]}}],"collection":[{"href":"https:\/\/gasetlacasa.com\/es\/wp-json\/wp\/v2\/pages"}],"about":[{"href":"https:\/\/gasetlacasa.com\/es\/wp-json\/wp\/v2\/types\/page"}],"author":[{"embeddable":true,"href":"https:\/\/gasetlacasa.com\/es\/wp-json\/wp\/v2\/users\/1"}],"replies":[{"embeddable":true,"href":"https:\/\/gasetlacasa.com\/es\/wp-json\/wp\/v2\/comments?post=1824"}],"version-history":[{"count":10,"href":"https:\/\/gasetlacasa.com\/es\/wp-json\/wp\/v2\/pages\/1824\/revisions"}],"predecessor-version":[{"id":4133,"href":"https:\/\/gasetlacasa.com\/es\/wp-json\/wp\/v2\/pages\/1824\/revisions\/4133"}],"wp:attachment":[{"href":"https:\/\/gasetlacasa.com\/es\/wp-json\/wp\/v2\/media?parent=1824"}],"curies":[{"name":"wp","href":"https:\/\/api.w.org\/{rel}","templated":true}]}}