{"id":1812,"date":"2023-07-05T15:16:38","date_gmt":"2023-07-05T13:16:38","guid":{"rendered":"http:\/\/web2022.gasetlacasa.com\/aviso-legal\/"},"modified":"2023-10-23T18:46:22","modified_gmt":"2023-10-23T16:46:22","slug":"aviso-legal","status":"publish","type":"page","link":"https:\/\/gasetlacasa.com\/es\/aviso-legal\/","title":{"rendered":"Aviso legal"},"content":{"rendered":"<section class=\"wpb-content-wrapper\"><p>[vc_row full_width=\u00bbstretch_row_content_no_spaces\u00bb css=\u00bb.vc_custom_1669305742508{margin-top: -100px !important;background-color: rgba(77,98,82,0.77) !important;*background-color: rgb(77,98,82) !important;}\u00bb][vc_column][vc_empty_space height=\u00bb75px\u00bb][\/vc_column][\/vc_row][vc_row][vc_column width=\u00bb1\/2&#8243;][vc_column_text]<\/p>\n<h2>Aviso legal<\/h2>\n<p>[\/vc_column_text][vc_separator color=\u00bbblack\u00bb align=\u00bbalign_left\u00bb border_width=\u00bb8&#8243; el_width=\u00bb60&#8243;][vc_empty_space][\/vc_column][vc_column width=\u00bb1\/2&#8243;][vc_empty_space][\/vc_column][\/vc_row][vc_row][vc_column][vc_column_text]<\/p>\n<p style=\"text-align: justify;\">En cumplimiento del art\u00edculo 10 de la Ley 34\/2002, de 11 de julio, sobre servicios de la Sociedad de la Informaci\u00f3n y Comercio Electr\u00f3nico (LSSI-CE), le informamos que el titular de la p\u00e1gina web https:\/\/ gasetlacasa.com (en adelante, la \u201cWeb\u201d) es <strong>Enric Gaset Borr\u00e0s<\/strong>, con DNI <strong>37267298F<\/strong> y domicilio en <strong>San Sebasti\u00e0, 11-13 1\u00ba, CP 17200 de la localidad de Palafrugell<\/strong>, inscrito en el Colegio Oficial de Odont\u00f3logos y Estomat\u00f3logos de Catalu\u00f1a, n\u00famero <strong>de colegiado 1076<\/strong> y en el Registro de Cl\u00ednicas Dentales de la Generalitat de Catalunya con el <strong>CIF E17051686<\/strong> (en adelante, \u201cCLINICA DENTAL GASET LACASA\u201d).<\/p>\n<p style=\"text-align: justify;\">Las comunicaciones que se hagan necesarias entre CLINICA DENTAL GASET LACASA y el Usuario, tendr\u00e1n que dirigirse al Servicio de Atenci\u00f3n al Cliente mediante el env\u00edo de un correo electr\u00f3nico a recepcio@gasetlacasa.com, llamando al n\u00famero 972 30 37 54 o bien mediante el env\u00edo de una comunicaci\u00f3n escrita dirigida a nuestro Departamento de Atenci\u00f3n al Cliente, a la direcci\u00f3n antes mencionada.<\/p>\n<p style=\"text-align: justify;\">Nuestro horario de atenci\u00f3n al cliente es de lunes a jueves de 09:00 a 14:00 horas y de 15:00 a 20:00 horas.<\/p>\n<p>&nbsp;<\/p>\n<ol style=\"text-align: justify;\">\n<li><strong> Aceptaci\u00f3n de las condiciones de uso<\/strong><\/li>\n<\/ol>\n<p style=\"text-align: justify;\">1.1. Estas Condiciones de Uso tienen por finalidad regular la puesta a disposici\u00f3n de la informaci\u00f3n y servicios prestados por CLINICA DENTAL GASET LACASA a trav\u00e9s de la Web.<\/p>\n<p style=\"text-align: justify;\">1.2. Al navegar por la web adquiere autom\u00e1ticamente la condici\u00f3n de Usuario (en adelante, \u00abUd.\u00bb o \u00abUsuario\u00bb) y acepta sin reservas de ninguna clase, a todas y cada una del presente Aviso Legal.<\/p>\n<p style=\"text-align: justify;\">1.3. Para empezar a utilizar la Web no ser\u00e1 necesario que el Usuario se registre previamente, ni que acepte expresamente este Aviso Legal. Sin embargo, el Usuario es consciente de que es su obligaci\u00f3n conocer y respetar el presente Aviso Legal y nuestra Pol\u00edtica de Privacidad a partir del momento en que accede a la Web.<\/p>\n<p style=\"text-align: justify;\">1.4. CLINICA DENTAL GASET LACASA podr\u00e1 modificar el presente Aviso Legal mediante la publicaci\u00f3n de estas modificaciones en la Web a fin de que puedan ser conocidas por los Usuarios.<\/p>\n<p>&nbsp;<\/p>\n<ol style=\"text-align: justify;\" start=\"2\">\n<li><strong> Derechos de propiedad intelectual e industrial<\/strong><\/li>\n<\/ol>\n<p style=\"text-align: justify;\">2.1. Todo el contenido de la web, incluyendo a t\u00edtulo enunciativo pero no limitativo, su programaci\u00f3n, edici\u00f3n, compilaci\u00f3n, dise\u00f1os, logotipos, im\u00e1genes, texto y gr\u00e1ficos, son propiedad de CLINICA DENTAL GASET LACASA, encontr\u00e1ndose protegidos por la normativa nacional e internacional sobre propiedad intelectual. El acceso por parte del Usuario no le otorga ning\u00fan derecho de propiedad.<\/p>\n<p style=\"text-align: justify;\">2.2. Si usted ve en la web cualquier contenido que pudiera vulnerar derechos de propiedad intelectual e industrial, rogamos lo pongan en conocimiento de CLINICA DENTAL GASET LACASA lo antes posible, remitiendo un correo electr\u00f3nico a la direcci\u00f3n recepcio@gasetlacasa.com.<\/p>\n<p>&nbsp;<\/p>\n<ol style=\"text-align: justify;\" start=\"3\">\n<li><strong> Responsabilidad Civil<\/strong><\/li>\n<\/ol>\n<p style=\"text-align: justify;\">3.1. CLINICA DENTAL GASET LACASA no responder\u00e1 de ning\u00fan da\u00f1o o perjuicio que el Usuario pueda sufrir como consecuencia de la utilizaci\u00f3n de la Web cuando pruebe que ha cumplido las exigencias y diligencias que exige la naturaleza de la Web.<\/p>\n<p style=\"text-align: justify;\">3.2. No controlamos, a todos los efectos, la utilizaci\u00f3n que los Usuarios hacen de la Web. En particular, no garantizamos bajo ning\u00fan extremo que los Usuarios utilicen la Web y sus herramientas de conformidad con la ley, este Aviso Legal, la moral y buenas costumbres generalmente aceptadas y el orden p\u00fablico, ni tampoco que lo hagan de forma diligente y prudente.<\/p>\n<p style=\"text-align: justify;\">3.4. En caso de que en la web se dispusieran enlaces o hiperv\u00ednculos hacia otros sitios de Internet, no ejerceremos ning\u00fan tipo de control sobre estos sitios y contenidos. En ning\u00fan caso asumiremos responsabilidad alguna por los contenidos de alg\u00fan enlace perteneciente a una web ajena, ni garantizaremos la disponibilidad t\u00e9cnica, calidad y veracidad de cualquier material o informaci\u00f3n contenida en los mismos.<\/p>\n<p>&nbsp;<\/p>\n<ol style=\"text-align: justify;\" start=\"4\">\n<li><strong> Exclusi\u00f3n de garant\u00eda<\/strong><\/li>\n<\/ol>\n<p style=\"text-align: justify;\">4.1. No garantizamos que la web se ejecute sin interrupciones, en tiempo \u00fatil, fiable, libre de errores o de virus y no nos hacemos responsables de los posibles da\u00f1os o perjuicios que puedan derivarse de interferencias, omisiones, interrupciones, virus inform\u00e1ticos o desconexiones del sistema operativo de este sistema electr\u00f3nico, motivadas por causas ajenas a CLINICA DENTAL GASET LACASA.<\/p>\n<p style=\"text-align: justify;\">4.2. Es responsabilidad del Usuario adoptar todas las medidas t\u00e9cnicas adecuadas para controlar razonablemente estos riesgos y evitar da\u00f1os a sus equipos, p\u00e9rdida de datos y robo de informaci\u00f3n confidencial. A estos efectos, tendr\u00e1 sistemas actualizados de detecci\u00f3n de software malicioso, tales como virus, troyanos, etc., as\u00ed como tener actualizados los sistemas de seguridad de los navegadores correspondientes que utilice.<\/p>\n<p>&nbsp;<\/p>\n<ol style=\"text-align: justify;\" start=\"5\">\n<li><strong> Obligaci\u00f3n de los Usuarios<\/strong><\/li>\n<\/ol>\n<p style=\"text-align: justify;\">El Usuario se compromete a:<\/p>\n<p style=\"text-align: justify;\">5.1. Proporcionar a todos los formularios de la web datos veraces y mantener estos datos actualizados. El Usuario se obliga a no utilizar identidades falsas, ni suplantar la identidad de los dem\u00e1s en la utilizaci\u00f3n de la Web;<\/p>\n<p style=\"text-align: justify;\">5.2. No utilizar im\u00e1genes o informaci\u00f3n con car\u00e1cter difamatorio, injurioso, obsceno, amenazante, xen\u00f3fobo, que incite la violencia oa la discriminaci\u00f3n por raz\u00f3n de raza, sexo, orientaci\u00f3n sexual, ideolog\u00eda, religi\u00f3n o que de cualquier modo atente contra la moral, el orden p\u00fablico, derechos fundamentales, libertades p\u00fablicas, honor, intimidad o imagen de terceros y, en general, la normativa vigente.<\/p>\n<p style=\"text-align: justify;\">5.3. No introducir, almacenar o difundir cualquier contenido que infrinja derechos de propiedad intelectual e industrial, el secreto de las comunicaciones y la legislaci\u00f3n de protecci\u00f3n de datos de car\u00e1cter personal.<\/p>\n<p style=\"text-align: justify;\">5.4. No utilizar la web para realizar actividades publicitarias, promocionales o de explotaci\u00f3n comercial.<\/p>\n<p style=\"text-align: justify;\">5.5. No introducir, almacenar o difundir ning\u00fan programa de ordenador, datos, virus, c\u00f3digo, equipo de hardware o de telecomunicaciones o cualquier otro instrumento o dispositivo electr\u00f3nico o f\u00edsico que sea susceptible de causar da\u00f1os en la web o de impedir su funcionamiento normal.<\/p>\n<p style=\"text-align: justify;\">5.6. No destruir, alterar, utilizar para su uso, inutilizar o da\u00f1ar los datos, informaciones, programas o documentos electr\u00f3nicos de CLINICA DENTAL GASET LACASA, sus proveedores o terceros.<\/p>\n<p style=\"text-align: justify;\">5.7. No introducir o difundir cualquier informaci\u00f3n y contenidos falsos, ambiguos o inexactos de forma que induzca a error a los receptores de la informaci\u00f3n.<\/p>\n<p>&nbsp;<\/p>\n<ol style=\"text-align: justify;\" start=\"6\">\n<li><strong> Menores de Edad<\/strong><\/li>\n<\/ol>\n<p style=\"text-align: justify;\">A todos los efectos, para hacer uso del servicio los menores deben haber obtenido previamente la autorizaci\u00f3n de sus padres, tutores o representantes legales, los cuales ser\u00e1n responsables de todos los actos realizados a trav\u00e9s de la web por los menores a su cargo. En los servicios en los que se se\u00f1ale expresamente o que est\u00e9 determinado por ley, el acceso quedar\u00e1 restringido \u00fanica y exclusivamente a mayores de 18 a\u00f1os.<\/p>\n<ol style=\"text-align: justify;\" start=\"7\">\n<li><strong> Duraci\u00f3n y terminaci\u00f3n<\/strong><\/li>\n<\/ol>\n<p style=\"text-align: justify;\">La puesta a disposici\u00f3n de los servicios tendr\u00e1 una duraci\u00f3n indefinida. Sin perjuicio de lo anterior, estamos facultados para dar por terminada, suspender o interrumpir unilateralmente, en cualquier momento y sin necesidad de preaviso la comercializaci\u00f3n de nuestros productos.<\/p>\n<ol style=\"text-align: justify;\" start=\"8\">\n<li><strong> Ley aplicable y jurisdicci\u00f3n<\/strong><\/li>\n<\/ol>\n<p style=\"text-align: justify;\">Este Aviso Legal se rige por la ley espa\u00f1ola. Las partes se someten a su elecci\u00f3n para la resoluci\u00f3n de los conflictos y con renuncia a cualquier otro fuero, en los juzgados y tribunales del domicilio de La Bisbal d&#8217;Empord\u00e0.<\/p>\n<p>[\/vc_column_text][\/vc_column][\/vc_row]<\/p>\n<\/section>","protected":false},"excerpt":{"rendered":"<p>[vc_row full_width=\u00bbstretch_row_content_no_spaces\u00bb css=\u00bb.vc_custom_1669305742508{margin-top: -100px !important;background-color: rgba(77,98,82,0.77) !important;*background-color: rgb(77,98,82) !important;}\u00bb][vc_column][vc_empty_space height=\u00bb75px\u00bb][\/vc_column][\/vc_row][vc_row][vc_column width=\u00bb1\/2&#8243;][vc_column_text] Aviso legal [\/vc_column_text][vc_separator color=\u00bbblack\u00bb align=\u00bbalign_left\u00bb border_width=\u00bb8&#8243; el_width=\u00bb60&#8243;][vc_empty_space][\/vc_column][vc_column width=\u00bb1\/2&#8243;][vc_empty_space][\/vc_column][\/vc_row][vc_row][vc_column][vc_column_text] En cumplimiento del art\u00edculo 10 de la Ley 34\/2002, de 11 de julio, sobre servicios de la Sociedad de la Informaci\u00f3n y Comercio Electr\u00f3nico (LSSI-CE), le informamos que el titular de la p\u00e1gina web https:\/\/ gasetlacasa.com [&hellip;]<\/p>\n","protected":false},"author":1,"featured_media":0,"parent":0,"menu_order":0,"comment_status":"closed","ping_status":"closed","template":"","meta":{"_acf_changed":false,"footnotes":""},"class_list":["post-1812","page","type-page","status-publish","hentry"],"acf":[],"yoast_head":"<!-- This site is optimized with the Yoast SEO plugin v22.0 - https:\/\/yoast.com\/wordpress\/plugins\/seo\/ -->\n<title>Cl\u00ednica Dental Gaset Lacasa - Dentista Palafrugell - Aviso legal<\/title>\n<meta name=\"robots\" content=\"index, follow, max-snippet:-1, max-image-preview:large, max-video-preview:-1\" \/>\n<link rel=\"canonical\" href=\"https:\/\/gasetlacasa.com\/avis-legal\/\" \/>\n<meta property=\"og:locale\" content=\"es_ES\" \/>\n<meta property=\"og:type\" content=\"article\" \/>\n<meta property=\"og:title\" content=\"Cl\u00ednica Dental Gaset Lacasa - Dentista Palafrugell - Aviso legal\" \/>\n<meta property=\"og:description\" content=\"[vc_row full_width=\u00bbstretch_row_content_no_spaces\u00bb css=\u00bb.vc_custom_1669305742508{margin-top: -100px !important;background-color: rgba(77,98,82,0.77) !important;*background-color: rgb(77,98,82) !important;}\u00bb][vc_column][vc_empty_space height=\u00bb75px\u00bb][\/vc_column][\/vc_row][vc_row][vc_column width=\u00bb1\/2&#8243;][vc_column_text] Aviso legal [\/vc_column_text][vc_separator color=\u00bbblack\u00bb align=\u00bbalign_left\u00bb border_width=\u00bb8&#8243; el_width=\u00bb60&#8243;][vc_empty_space][\/vc_column][vc_column width=\u00bb1\/2&#8243;][vc_empty_space][\/vc_column][\/vc_row][vc_row][vc_column][vc_column_text] En cumplimiento del art\u00edculo 10 de la Ley 34\/2002, de 11 de julio, sobre servicios de la Sociedad de la Informaci\u00f3n y Comercio Electr\u00f3nico (LSSI-CE), le informamos que el titular de la p\u00e1gina web https:\/\/ gasetlacasa.com [&hellip;]\" \/>\n<meta property=\"og:url\" content=\"https:\/\/gasetlacasa.com\/avis-legal\/\" \/>\n<meta property=\"og:site_name\" content=\"Cl\u00ednica Dental Gaset Lacasa - Dentista Palafrugell\" \/>\n<meta property=\"article:modified_time\" content=\"2023-10-23T16:46:22+00:00\" \/>\n<meta name=\"twitter:card\" content=\"summary_large_image\" \/>\n<meta name=\"twitter:label1\" content=\"Tiempo de lectura\" \/>\n\t<meta name=\"twitter:data1\" content=\"7 minutos\" \/>\n<script type=\"application\/ld+json\" class=\"yoast-schema-graph\">{\"@context\":\"https:\/\/schema.org\",\"@graph\":[{\"@type\":\"WebPage\",\"@id\":\"https:\/\/gasetlacasa.com\/avis-legal\/\",\"url\":\"https:\/\/gasetlacasa.com\/avis-legal\/\",\"name\":\"Cl\u00ednica Dental Gaset Lacasa - Dentista Palafrugell - Aviso legal\",\"isPartOf\":{\"@id\":\"https:\/\/gasetlacasa.com\/#website\"},\"datePublished\":\"2023-07-05T13:16:38+00:00\",\"dateModified\":\"2023-10-23T16:46:22+00:00\",\"breadcrumb\":{\"@id\":\"https:\/\/gasetlacasa.com\/avis-legal\/#breadcrumb\"},\"inLanguage\":\"es\",\"potentialAction\":[{\"@type\":\"ReadAction\",\"target\":[\"https:\/\/gasetlacasa.com\/avis-legal\/\"]}]},{\"@type\":\"BreadcrumbList\",\"@id\":\"https:\/\/gasetlacasa.com\/avis-legal\/#breadcrumb\",\"itemListElement\":[{\"@type\":\"ListItem\",\"position\":1,\"name\":\"Inici\",\"item\":\"https:\/\/gasetlacasa.com\/es\/\"},{\"@type\":\"ListItem\",\"position\":2,\"name\":\"Aviso legal\"}]},{\"@type\":\"WebSite\",\"@id\":\"https:\/\/gasetlacasa.com\/#website\",\"url\":\"https:\/\/gasetlacasa.com\/\",\"name\":\"Cl\u00ednica Dental Gaset Lacasa - Dentista Palafrugell\",\"description\":\"Cl\u00ednica Dental Gaset Lacasa - Dentista a Palafrugell\",\"potentialAction\":[{\"@type\":\"SearchAction\",\"target\":{\"@type\":\"EntryPoint\",\"urlTemplate\":\"https:\/\/gasetlacasa.com\/?s={search_term_string}\"},\"query-input\":\"required name=search_term_string\"}],\"inLanguage\":\"es\"}]}<\/script>\n<!-- \/ Yoast SEO plugin. -->","yoast_head_json":{"title":"Cl\u00ednica Dental Gaset Lacasa - Dentista Palafrugell - Aviso legal","robots":{"index":"index","follow":"follow","max-snippet":"max-snippet:-1","max-image-preview":"max-image-preview:large","max-video-preview":"max-video-preview:-1"},"canonical":"https:\/\/gasetlacasa.com\/avis-legal\/","og_locale":"es_ES","og_type":"article","og_title":"Cl\u00ednica Dental Gaset Lacasa - Dentista Palafrugell - Aviso legal","og_description":"[vc_row full_width=\u00bbstretch_row_content_no_spaces\u00bb css=\u00bb.vc_custom_1669305742508{margin-top: -100px !important;background-color: rgba(77,98,82,0.77) !important;*background-color: rgb(77,98,82) !important;}\u00bb][vc_column][vc_empty_space height=\u00bb75px\u00bb][\/vc_column][\/vc_row][vc_row][vc_column width=\u00bb1\/2&#8243;][vc_column_text] Aviso legal [\/vc_column_text][vc_separator color=\u00bbblack\u00bb align=\u00bbalign_left\u00bb border_width=\u00bb8&#8243; el_width=\u00bb60&#8243;][vc_empty_space][\/vc_column][vc_column width=\u00bb1\/2&#8243;][vc_empty_space][\/vc_column][\/vc_row][vc_row][vc_column][vc_column_text] En cumplimiento del art\u00edculo 10 de la Ley 34\/2002, de 11 de julio, sobre servicios de la Sociedad de la Informaci\u00f3n y Comercio Electr\u00f3nico (LSSI-CE), le informamos que el titular de la p\u00e1gina web https:\/\/ gasetlacasa.com [&hellip;]","og_url":"https:\/\/gasetlacasa.com\/avis-legal\/","og_site_name":"Cl\u00ednica Dental Gaset Lacasa - Dentista Palafrugell","article_modified_time":"2023-10-23T16:46:22+00:00","twitter_card":"summary_large_image","twitter_misc":{"Tiempo de lectura":"7 minutos"},"schema":{"@context":"https:\/\/schema.org","@graph":[{"@type":"WebPage","@id":"https:\/\/gasetlacasa.com\/avis-legal\/","url":"https:\/\/gasetlacasa.com\/avis-legal\/","name":"Cl\u00ednica Dental Gaset Lacasa - Dentista Palafrugell - Aviso legal","isPartOf":{"@id":"https:\/\/gasetlacasa.com\/#website"},"datePublished":"2023-07-05T13:16:38+00:00","dateModified":"2023-10-23T16:46:22+00:00","breadcrumb":{"@id":"https:\/\/gasetlacasa.com\/avis-legal\/#breadcrumb"},"inLanguage":"es","potentialAction":[{"@type":"ReadAction","target":["https:\/\/gasetlacasa.com\/avis-legal\/"]}]},{"@type":"BreadcrumbList","@id":"https:\/\/gasetlacasa.com\/avis-legal\/#breadcrumb","itemListElement":[{"@type":"ListItem","position":1,"name":"Inici","item":"https:\/\/gasetlacasa.com\/es\/"},{"@type":"ListItem","position":2,"name":"Aviso legal"}]},{"@type":"WebSite","@id":"https:\/\/gasetlacasa.com\/#website","url":"https:\/\/gasetlacasa.com\/","name":"Cl\u00ednica Dental Gaset Lacasa - Dentista Palafrugell","description":"Cl\u00ednica Dental Gaset Lacasa - Dentista a Palafrugell","potentialAction":[{"@type":"SearchAction","target":{"@type":"EntryPoint","urlTemplate":"https:\/\/gasetlacasa.com\/?s={search_term_string}"},"query-input":"required name=search_term_string"}],"inLanguage":"es"}]}},"_links":{"self":[{"href":"https:\/\/gasetlacasa.com\/es\/wp-json\/wp\/v2\/pages\/1812","targetHints":{"allow":["GET"]}}],"collection":[{"href":"https:\/\/gasetlacasa.com\/es\/wp-json\/wp\/v2\/pages"}],"about":[{"href":"https:\/\/gasetlacasa.com\/es\/wp-json\/wp\/v2\/types\/page"}],"author":[{"embeddable":true,"href":"https:\/\/gasetlacasa.com\/es\/wp-json\/wp\/v2\/users\/1"}],"replies":[{"embeddable":true,"href":"https:\/\/gasetlacasa.com\/es\/wp-json\/wp\/v2\/comments?post=1812"}],"version-history":[{"count":4,"href":"https:\/\/gasetlacasa.com\/es\/wp-json\/wp\/v2\/pages\/1812\/revisions"}],"predecessor-version":[{"id":2436,"href":"https:\/\/gasetlacasa.com\/es\/wp-json\/wp\/v2\/pages\/1812\/revisions\/2436"}],"wp:attachment":[{"href":"https:\/\/gasetlacasa.com\/es\/wp-json\/wp\/v2\/media?parent=1812"}],"curies":[{"name":"wp","href":"https:\/\/api.w.org\/{rel}","templated":true}]}}